{"id":2446,"date":"2024-07-29T14:22:53","date_gmt":"2024-07-29T14:22:53","guid":{"rendered":"https:\/\/vanguardlaw.es\/testament\/"},"modified":"2024-08-18T08:22:23","modified_gmt":"2024-08-18T08:22:23","slug":"testament","status":"publish","type":"page","link":"https:\/\/vanguardlaw.es\/sv\/testament\/","title":{"rendered":"Testament"},"content":{"rendered":"\t\t<div data-elementor-type=\"wp-page\" data-elementor-id=\"2446\" class=\"elementor elementor-2446 elementor-1023\" data-elementor-post-type=\"page\">\n\t\t\t\t<div class=\"elementor-element elementor-element-63585619 e-flex e-con-boxed wpr-particle-no wpr-jarallax-no wpr-parallax-no wpr-sticky-section-no wpr-column-slider-no wpr-equal-height-no e-con e-parent\" data-id=\"63585619\" data-element_type=\"container\" data-e-type=\"container\" data-settings=\"{&quot;background_background&quot;:&quot;classic&quot;}\">\n\t\t\t\t\t<div class=\"e-con-inner\">\n\t\t\t\t<div class=\"elementor-element elementor-element-617aa38c elementor-hidden-desktop elementor-hidden-tablet elementor-hidden-mobile elementor-widget elementor-widget-heading\" data-id=\"617aa38c\" data-element_type=\"widget\" data-e-type=\"widget\" data-widget_type=\"heading.default\">\n\t\t\t\t<div class=\"elementor-widget-container\">\n\t\t\t\t\t<h2 class=\"elementor-heading-title elementor-size-default\">Testament<\/h2>\t\t\t\t<\/div>\n\t\t\t\t<\/div>\n\t\t\t\t\t<\/div>\n\t\t\t\t<\/div>\n\t\t\t\t<section class=\"elementor-section elementor-top-section elementor-element elementor-element-5168b513 elementor-section-full_width elementor-section-height-default elementor-section-height-default wpr-particle-no wpr-jarallax-no wpr-parallax-no wpr-sticky-section-no wpr-column-slider-no wpr-equal-height-no\" data-id=\"5168b513\" data-element_type=\"section\" data-e-type=\"section\" data-settings=\"{&quot;background_background&quot;:&quot;classic&quot;}\">\n\t\t\t\t\t\t<div class=\"elementor-container elementor-column-gap-default\">\n\t\t\t\t\t<div class=\"elementor-column elementor-col-100 elementor-top-column elementor-element elementor-element-70f2de2b\" data-id=\"70f2de2b\" data-element_type=\"column\" data-e-type=\"column\">\n\t\t\t<div class=\"elementor-widget-wrap elementor-element-populated\">\n\t\t\t\t\t\t<section class=\"elementor-section elementor-inner-section elementor-element elementor-element-195ee9ba elementor-section-boxed elementor-section-height-default elementor-section-height-default wpr-particle-no wpr-jarallax-no wpr-parallax-no wpr-sticky-section-no wpr-column-slider-no wpr-equal-height-no\" data-id=\"195ee9ba\" data-element_type=\"section\" data-e-type=\"section\" data-settings=\"{&quot;background_background&quot;:&quot;classic&quot;}\">\n\t\t\t\t\t\t<div class=\"elementor-container elementor-column-gap-default\">\n\t\t\t\t\t<div class=\"elementor-column elementor-col-100 elementor-inner-column elementor-element elementor-element-74a92205\" data-id=\"74a92205\" data-element_type=\"column\" data-e-type=\"column\">\n\t\t\t<div class=\"elementor-widget-wrap elementor-element-populated\">\n\t\t\t\t\t\t<div class=\"elementor-element elementor-element-d80215c elementor-widget elementor-widget-heading\" data-id=\"d80215c\" data-element_type=\"widget\" data-e-type=\"widget\" data-widget_type=\"heading.default\">\n\t\t\t\t<div class=\"elementor-widget-container\">\n\t\t\t\t\t<h2 class=\"elementor-heading-title elementor-size-default\">Testamente <\/h2>\t\t\t\t<\/div>\n\t\t\t\t<\/div>\n\t\t\t\t<div class=\"elementor-element elementor-element-1638226c elementor-widget elementor-widget-text-editor\" data-id=\"1638226c\" data-element_type=\"widget\" data-e-type=\"widget\" data-widget_type=\"text-editor.default\">\n\t\t\t\t<div class=\"elementor-widget-container\">\n\t\t\t\t\t\t\t\t\t<p><strong>Planering och optimering av ditt arv i Spanien<\/strong><\/p><p>Som utl\u00e4ndsk \u00e4gare i Spanien kommer komplexiteten i de nationella och internationella arvslagarna att tr\u00e4da i kraft vid din bortg\u00e5ng. VanguardLaw \u00e4r redo att erbjuda expert r\u00e5dgivning och assistans f\u00f6r att skapa din arvplan p\u00e5 ett skatteeffektivt s\u00e4tt och s\u00e4kerst\u00e4lla att dina arvingar drabbas av den minsta m\u00f6jliga skatteb\u00f6rdan p\u00e5 dina tillg\u00e5ngar.<\/p><p><strong>Kompletta l\u00f6sningar p\u00e5 dina behov<\/strong><\/p><p>Att hantera b\u00e5de f\u00f6rv\u00e4rv av utl\u00e4ndsk egendom och arvsr\u00e4tt inneb\u00e4r att navigera i en komplex juridisk terr\u00e4ng. D\u00e4rf\u00f6r erbjuder vi ett omfattande spektrum av juridiska f\u00e4rdigheter f\u00f6r att tillgodose alla dina behov p\u00e5 ett helt\u00e4ckande s\u00e4tt. H\u00e4r \u00e4r n\u00e5gra exempel p\u00e5 de fr\u00e5gor vi kan hj\u00e4lpa dig med:<\/p><p>Vilket \u00e4r det b\u00e4sta st\u00e4llet f\u00f6r att uppr\u00e4tta ett testamente?<br \/>Vilka dokument beh\u00f6vs f\u00f6r denna process?<br \/>M\u00e5ste fastighetsinnehav i Belgien eller Italien deklareras i Spanien?<br \/>G\u00e4ller olika lagar eller regler f\u00f6r bosatta och icke-bosatta?<br \/>Vilka skattesatser och undantag g\u00e4ller enligt den spanska regeringen?<br \/>Hur kan arvingar verifiera storleken p\u00e5 mitt arv i Spanien?<br \/>Vilka \u00e4r f\u00f6rfarandena f\u00f6r att l\u00e4mna in en arvdeklaration i Spanien?<br \/>Vad \u00e4r sista datumet f\u00f6r att l\u00e4mna in en arvdeklaration i Spanien?<br \/>Vad \u00e4r preskriptionstiden f\u00f6r arvsskatt i Spanien?<br \/>Vilken roll spelar notarie och registreringskontor i Spanien i denna process?<br \/>Genom att v\u00e4nda dig till v\u00e5rt team av experter f\u00e5r du tillg\u00e5ng till ett brett spektrum av juridiska kunskaper som syftar till att optimera din arvplanering och minimera de skattem\u00e4ssiga f\u00f6rpliktelserna, vilket garanterar en smidig och effektiv \u00f6verf\u00f6ring av dina tillg\u00e5ngar till de utvalda mottagarna i enlighet med spansk lag.<\/p>\t\t\t\t\t\t\t\t<\/div>\n\t\t\t\t<\/div>\n\t\t\t\t\t<\/div>\n\t\t<\/div>\n\t\t\t\t\t<\/div>\n\t\t<\/section>\n\t\t\t\t\t<\/div>\n\t\t<\/div>\n\t\t\t\t\t<\/div>\n\t\t<\/section>\n\t\t\t\t<section class=\"elementor-section elementor-top-section elementor-element elementor-element-bbc9b52 elementor-section-content-middle elementor-section-height-min-height elementor-section-boxed elementor-section-height-default elementor-section-items-middle wpr-particle-no wpr-jarallax-no wpr-parallax-no wpr-sticky-section-no wpr-column-slider-no wpr-equal-height-no\" data-id=\"bbc9b52\" data-element_type=\"section\" data-e-type=\"section\" data-settings=\"{&quot;background_background&quot;:&quot;classic&quot;}\">\n\t\t\t\t\t\t\t<div class=\"elementor-background-overlay\"><\/div>\n\t\t\t\t\t\t\t<div class=\"elementor-container elementor-column-gap-default\">\n\t\t\t\t\t<div class=\"elementor-column elementor-col-33 elementor-top-column elementor-element elementor-element-2a1cc45\" data-id=\"2a1cc45\" data-element_type=\"column\" data-e-type=\"column\">\n\t\t\t<div class=\"elementor-widget-wrap\">\n\t\t\t\t\t\t\t<\/div>\n\t\t<\/div>\n\t\t\t\t<div class=\"elementor-column elementor-col-33 elementor-top-column elementor-element elementor-element-943ed40\" data-id=\"943ed40\" data-element_type=\"column\" data-e-type=\"column\">\n\t\t\t<div class=\"elementor-widget-wrap elementor-element-populated\">\n\t\t\t\t\t\t<div class=\"elementor-element elementor-element-96a5ba5 elementor-hidden-desktop elementor-hidden-tablet elementor-hidden-mobile elementor-widget elementor-widget-heading\" data-id=\"96a5ba5\" data-element_type=\"widget\" data-e-type=\"widget\" data-widget_type=\"heading.default\">\n\t\t\t\t<div class=\"elementor-widget-container\">\n\t\t\t\t\t<h2 class=\"elementor-heading-title elementor-size-default\">VANGUARD LAW ASSOCIATES <\/h2>\t\t\t\t<\/div>\n\t\t\t\t<\/div>\n\t\t\t\t<div class=\"elementor-element elementor-element-35ed8c6 elementor-hidden-desktop elementor-hidden-tablet elementor-hidden-mobile elementor-widget elementor-widget-heading\" data-id=\"35ed8c6\" data-element_type=\"widget\" data-e-type=\"widget\" data-widget_type=\"heading.default\">\n\t\t\t\t<div class=\"elementor-widget-container\">\n\t\t\t\t\t<h2 class=\"elementor-heading-title elementor-size-default\">Contact us <\/h2>\t\t\t\t<\/div>\n\t\t\t\t<\/div>\n\t\t\t\t<div class=\"elementor-element elementor-element-4d6fe5d elementor-widget elementor-widget-text-editor\" data-id=\"4d6fe5d\" data-element_type=\"widget\" data-e-type=\"widget\" data-widget_type=\"text-editor.default\">\n\t\t\t\t<div class=\"elementor-widget-container\">\n\t\t\t\t\t\t\t\t\t<p>Sov p\u00e5 lugnt, Vanguard Law Associates kommer att ta hand om era juridiska fr\u00e5gor.<\/p>\t\t\t\t\t\t\t\t<\/div>\n\t\t\t\t<\/div>\n\t\t\t\t<div class=\"elementor-element elementor-element-4431707 elementor-align-center elementor-widget elementor-widget-button\" data-id=\"4431707\" data-element_type=\"widget\" data-e-type=\"widget\" data-widget_type=\"button.default\">\n\t\t\t\t<div class=\"elementor-widget-container\">\n\t\t\t\t\t\t\t\t\t<div class=\"elementor-button-wrapper\">\n\t\t\t\t\t<a class=\"elementor-button elementor-button-link elementor-size-sm\" href=\"https:\/\/vanguardlaw.es\/sv\/contact-us\/\">\n\t\t\t\t\t\t<span class=\"elementor-button-content-wrapper\">\n\t\t\t\t\t\t\t\t\t<span class=\"elementor-button-text\">Contact us<\/span>\n\t\t\t\t\t<\/span>\n\t\t\t\t\t<\/a>\n\t\t\t\t<\/div>\n\t\t\t\t\t\t\t\t<\/div>\n\t\t\t\t<\/div>\n\t\t\t\t\t<\/div>\n\t\t<\/div>\n\t\t\t\t<div class=\"elementor-column elementor-col-33 elementor-top-column elementor-element elementor-element-0765de1\" data-id=\"0765de1\" data-element_type=\"column\" data-e-type=\"column\">\n\t\t\t<div class=\"elementor-widget-wrap\">\n\t\t\t\t\t\t\t<\/div>\n\t\t<\/div>\n\t\t\t\t\t<\/div>\n\t\t<\/section>\n\t\t\t\t<\/div>\n\t\t","protected":false},"excerpt":{"rendered":"<p>Testament Testamente Planering och optimering av ditt arv i Spanien Som utl\u00e4ndsk \u00e4gare i Spanien kommer komplexiteten i de nationella och internationella arvslagarna att tr\u00e4da i kraft vid din bortg\u00e5ng. VanguardLaw \u00e4r redo att erbjuda expert r\u00e5dgivning och assistans f\u00f6r att skapa din arvplan p\u00e5 ett skatteeffektivt s\u00e4tt och s\u00e4kerst\u00e4lla att dina arvingar drabbas av den minsta m\u00f6jliga skatteb\u00f6rdan p\u00e5 dina tillg\u00e5ngar. Kompletta l\u00f6sningar p\u00e5 dina behov Att hantera b\u00e5de f\u00f6rv\u00e4rv av utl\u00e4ndsk egendom och arvsr\u00e4tt inneb\u00e4r att navigera i en komplex juridisk terr\u00e4ng. D\u00e4rf\u00f6r erbjuder vi ett omfattande spektrum av juridiska f\u00e4rdigheter f\u00f6r att tillgodose alla dina behov p\u00e5 ett helt\u00e4ckande s\u00e4tt. H\u00e4r \u00e4r n\u00e5gra exempel p\u00e5 de fr\u00e5gor vi kan hj\u00e4lpa dig med: Vilket \u00e4r det b\u00e4sta st\u00e4llet f\u00f6r att uppr\u00e4tta ett testamente?Vilka dokument beh\u00f6vs f\u00f6r denna process?M\u00e5ste fastighetsinnehav i Belgien eller Italien deklareras i Spanien?G\u00e4ller olika lagar eller regler f\u00f6r bosatta och icke-bosatta?Vilka skattesatser och undantag g\u00e4ller enligt den spanska regeringen?Hur kan arvingar verifiera storleken p\u00e5 mitt arv i Spanien?Vilka \u00e4r f\u00f6rfarandena f\u00f6r att l\u00e4mna in en arvdeklaration i Spanien?Vad \u00e4r sista datumet f\u00f6r att l\u00e4mna in en arvdeklaration i Spanien?Vad \u00e4r preskriptionstiden f\u00f6r arvsskatt i Spanien?Vilken roll spelar notarie och registreringskontor i Spanien i denna process?Genom att v\u00e4nda dig till v\u00e5rt team av experter f\u00e5r du tillg\u00e5ng till ett brett spektrum av juridiska kunskaper som syftar till att optimera din arvplanering och minimera de skattem\u00e4ssiga f\u00f6rpliktelserna, vilket garanterar en smidig och effektiv \u00f6verf\u00f6ring av dina tillg\u00e5ngar till de utvalda mottagarna i enlighet med spansk lag. VANGUARD LAW ASSOCIATES Contact us Sov p\u00e5 lugnt, Vanguard Law Associates kommer att ta hand om era juridiska fr\u00e5gor. Contact us<\/p>\n","protected":false},"author":1,"featured_media":0,"parent":0,"menu_order":0,"comment_status":"closed","ping_status":"closed","template":"","meta":{"site-sidebar-layout":"no-sidebar","site-content-layout":"","ast-site-content-layout":"full-width-container","site-content-style":"default","site-sidebar-style":"default","ast-global-header-display":"","ast-banner-title-visibility":"","ast-main-header-display":"","ast-hfb-above-header-display":"","ast-hfb-below-header-display":"","ast-hfb-mobile-header-display":"","site-post-title":"disabled","ast-breadcrumbs-content":"","ast-featured-img":"disabled","footer-sml-layout":"","theme-transparent-header-meta":"default","adv-header-id-meta":"","stick-header-meta":"","header-above-stick-meta":"","header-main-stick-meta":"","header-below-stick-meta":"","astra-migrate-meta-layouts":"default","ast-page-background-enabled":"default","ast-page-background-meta":{"desktop":{"background-color":"var(--ast-global-color-4)","background-image":"","background-repeat":"repeat","background-position":"center center","background-size":"auto","background-attachment":"scroll","background-type":"","background-media":"","overlay-type":"","overlay-color":"","overlay-opacity":"","overlay-gradient":""},"tablet":{"background-color":"","background-image":"","background-repeat":"repeat","background-position":"center center","background-size":"auto","background-attachment":"scroll","background-type":"","background-media":"","overlay-type":"","overlay-color":"","overlay-opacity":"","overlay-gradient":""},"mobile":{"background-color":"","background-image":"","background-repeat":"repeat","background-position":"center center","background-size":"auto","background-attachment":"scroll","background-type":"","background-media":"","overlay-type":"","overlay-color":"","overlay-opacity":"","overlay-gradient":""}},"ast-content-background-meta":{"desktop":{"background-color":"var(--ast-global-color-5)","background-image":"","background-repeat":"repeat","background-position":"center center","background-size":"auto","background-attachment":"scroll","background-type":"","background-media":"","overlay-type":"","overlay-color":"","overlay-opacity":"","overlay-gradient":""},"tablet":{"background-color":"var(--ast-global-color-5)","background-image":"","background-repeat":"repeat","background-position":"center center","background-size":"auto","background-attachment":"scroll","background-type":"","background-media":"","overlay-type":"","overlay-color":"","overlay-opacity":"","overlay-gradient":""},"mobile":{"background-color":"var(--ast-global-color-5)","background-image":"","background-repeat":"repeat","background-position":"center center","background-size":"auto","background-attachment":"scroll","background-type":"","background-media":"","overlay-type":"","overlay-color":"","overlay-opacity":"","overlay-gradient":""}},"footnotes":""},"class_list":["post-2446","page","type-page","status-publish","hentry"],"_links":{"self":[{"href":"https:\/\/vanguardlaw.es\/sv\/wp-json\/wp\/v2\/pages\/2446","targetHints":{"allow":["GET"]}}],"collection":[{"href":"https:\/\/vanguardlaw.es\/sv\/wp-json\/wp\/v2\/pages"}],"about":[{"href":"https:\/\/vanguardlaw.es\/sv\/wp-json\/wp\/v2\/types\/page"}],"author":[{"embeddable":true,"href":"https:\/\/vanguardlaw.es\/sv\/wp-json\/wp\/v2\/users\/1"}],"replies":[{"embeddable":true,"href":"https:\/\/vanguardlaw.es\/sv\/wp-json\/wp\/v2\/comments?post=2446"}],"version-history":[{"count":4,"href":"https:\/\/vanguardlaw.es\/sv\/wp-json\/wp\/v2\/pages\/2446\/revisions"}],"predecessor-version":[{"id":2956,"href":"https:\/\/vanguardlaw.es\/sv\/wp-json\/wp\/v2\/pages\/2446\/revisions\/2956"}],"wp:attachment":[{"href":"https:\/\/vanguardlaw.es\/sv\/wp-json\/wp\/v2\/media?parent=2446"}],"curies":[{"name":"wp","href":"https:\/\/api.w.org\/{rel}","templated":true}]}}