{"id":2375,"date":"2024-07-29T14:22:35","date_gmt":"2024-07-29T14:22:35","guid":{"rendered":"https:\/\/vanguardlaw.es\/permission-for-construction\/"},"modified":"2024-08-18T08:11:35","modified_gmt":"2024-08-18T08:11:35","slug":"permission-for-construction","status":"publish","type":"page","link":"https:\/\/vanguardlaw.es\/sv\/permission-for-construction\/","title":{"rendered":"Permission for Construction"},"content":{"rendered":"\t\t<div data-elementor-type=\"wp-page\" data-elementor-id=\"2375\" class=\"elementor elementor-2375 elementor-1021\" data-elementor-post-type=\"page\">\n\t\t\t\t<div class=\"elementor-element elementor-element-101ddd94 e-flex e-con-boxed wpr-particle-no wpr-jarallax-no wpr-parallax-no wpr-sticky-section-no wpr-equal-height-no e-con e-parent\" data-id=\"101ddd94\" data-element_type=\"container\" data-e-type=\"container\" data-settings=\"{&quot;background_background&quot;:&quot;classic&quot;}\">\n\t\t\t\t\t<div class=\"e-con-inner\">\n\t\t\t\t<div class=\"elementor-element elementor-element-136f3cdc elementor-hidden-desktop elementor-hidden-tablet elementor-hidden-mobile elementor-widget elementor-widget-heading\" data-id=\"136f3cdc\" data-element_type=\"widget\" data-e-type=\"widget\" data-widget_type=\"heading.default\">\n\t\t\t\t<div class=\"elementor-widget-container\">\n\t\t\t\t\t<h2 class=\"elementor-heading-title elementor-size-default\">Permission for Construction <\/h2>\t\t\t\t<\/div>\n\t\t\t\t<\/div>\n\t\t\t\t\t<\/div>\n\t\t\t\t<\/div>\n\t\t\t\t<section class=\"elementor-section elementor-top-section elementor-element elementor-element-4b61b7ae elementor-section-full_width elementor-section-height-default elementor-section-height-default wpr-particle-no wpr-jarallax-no wpr-parallax-no wpr-sticky-section-no wpr-equal-height-no\" data-id=\"4b61b7ae\" data-element_type=\"section\" data-e-type=\"section\" data-settings=\"{&quot;background_background&quot;:&quot;classic&quot;}\">\n\t\t\t\t\t\t<div class=\"elementor-container elementor-column-gap-default\">\n\t\t\t\t\t<div class=\"elementor-column elementor-col-100 elementor-top-column elementor-element elementor-element-55005332\" data-id=\"55005332\" data-element_type=\"column\" data-e-type=\"column\">\n\t\t\t<div class=\"elementor-widget-wrap elementor-element-populated\">\n\t\t\t\t\t\t<section class=\"elementor-section elementor-inner-section elementor-element elementor-element-4e240fe9 elementor-section-boxed elementor-section-height-default elementor-section-height-default wpr-particle-no wpr-jarallax-no wpr-parallax-no wpr-sticky-section-no wpr-equal-height-no\" data-id=\"4e240fe9\" data-element_type=\"section\" data-e-type=\"section\" data-settings=\"{&quot;background_background&quot;:&quot;classic&quot;}\">\n\t\t\t\t\t\t<div class=\"elementor-container elementor-column-gap-default\">\n\t\t\t\t\t<div class=\"elementor-column elementor-col-100 elementor-inner-column elementor-element elementor-element-5c48600c\" data-id=\"5c48600c\" data-element_type=\"column\" data-e-type=\"column\">\n\t\t\t<div class=\"elementor-widget-wrap elementor-element-populated\">\n\t\t\t\t\t\t<div class=\"elementor-element elementor-element-7615f021 elementor-widget elementor-widget-heading\" data-id=\"7615f021\" data-element_type=\"widget\" data-e-type=\"widget\" data-widget_type=\"heading.default\">\n\t\t\t\t<div class=\"elementor-widget-container\">\n\t\t\t\t\t<h2 class=\"elementor-heading-title elementor-size-default\">Bygglov<\/h2>\t\t\t\t<\/div>\n\t\t\t\t<\/div>\n\t\t\t\t<div class=\"elementor-element elementor-element-12696c60 elementor-widget elementor-widget-text-editor\" data-id=\"12696c60\" data-element_type=\"widget\" data-e-type=\"widget\" data-widget_type=\"text-editor.default\">\n\t\t\t\t<div class=\"elementor-widget-container\">\n\t\t\t\t\t\t\t\t\t<p><span style=\"font-style: inherit; font-weight: inherit; color: var(--ast-global-color-3);\">N\u00e4r man \u00f6nskar genomf\u00f6ra n\u00e5got slags reparations- eller renoveringsarbete p\u00e5 en fastighet bel\u00e4gen i Spanien \u00e4r det av st\u00f6rsta vikt att f\u00f6lja en specifik normativ och proceduriell process. S\u00e4rskilt viktigt \u00e4r att erh\u00e5lla godk\u00e4nnande fr\u00e5n fastighets\u00e4garf\u00f6reningen (Comunidad de Propietarios) samt att ans\u00f6ka om bygglov, oavsett projektets omfattning eller komplexitet.<\/span><\/p><p>Spanska f\u00f6reskrifter fastst\u00e4ller ett tydligt ramverk f\u00f6r hantering av s\u00e5dana \u00e5tg\u00e4rder. Det \u00e4r d\u00e4rf\u00f6r avg\u00f6rande att bekanta sig med de juridiska kraven och n\u00f6dv\u00e4ndiga procedurerna f\u00f6r att undvika problem och s\u00e4kerst\u00e4lla att arbetet kan utf\u00f6ras i enlighet med g\u00e4llande lagar.<\/p><p>Nedan ges en detaljerad \u00f6versikt \u00f6ver de steg och krav som beh\u00f6vs f\u00f6r att planera och godk\u00e4nna ett reparations- eller renoveringsprojekt som involverar en spansk fastighet. Det \u00e4r rekommenderat att genomf\u00f6ra denna procedur noggrant f\u00f6r att s\u00e4kerst\u00e4lla att alla krav uppfylls och att processen l\u00f6per smidigt.<\/p><p><strong>Tillst\u00e5nd f\u00f6r Mindre Arbete<\/strong><\/p><p>Denna typ av renoveringar inneb\u00e4r oftast f\u00f6r\u00e4ndringar som inte p\u00e5verkar byggnadens strukturella integritet. Dessa projekt, som ofta har en blygsam budget och saknar arkitektonisk \u00f6vervakning, kan inkludera aktiviteter som inh\u00e4gnad av terrasser, elektriska reparationer eller installation av undertak.<\/p><p>F\u00f6r att p\u00e5b\u00f6rja s\u00e5dana arbeten \u00e4r det n\u00f6dv\u00e4ndigt att ans\u00f6ka om ett tillst\u00e5nd f\u00f6r mindre arbete fr\u00e5n de kommunala myndigheterna (Licencia de Obra Menor). Detta inneb\u00e4r att en beskrivning och fullst\u00e4ndiga specifikationer av projektet m\u00e5ste l\u00e4mnas in. Efter godk\u00e4nnande och betalning av kommunala avgifter utf\u00e4rdas tillst\u00e5ndet. I vissa fall kan ett accelererat godk\u00e4nnande ges efter samr\u00e5d med den kommunala arkitekten.<\/p><p>I vissa kommuner har denna process f\u00f6renklats genom en f\u00f6renklad anm\u00e4lningsprocedur (Procedimiento de Actuaciones Comunicadas). Enligt detta system, efter betalning av kommunala skatter, \u00e4r privatpersoner till\u00e5tna att omedelbart p\u00e5b\u00f6rja arbetet. Dock kan kommunala inspektioner fortfarande genomf\u00f6ras senare.<\/p><p><strong>Tillst\u00e5nd f\u00f6r Stora Arbete<\/strong><\/p><p>Projekt som p\u00e5verkar byggnadens strukturella integritet kr\u00e4ver professionell \u00f6vervakning och efterlevnad av stadsplaneringsf\u00f6reskrifter. Denna kategori omfattar arbeten som reparation av grund, byggande av verandor eller \u00e4ndring av balkonger.<\/p><p>Ans\u00f6kningar om tillst\u00e5nd f\u00f6r stora arbeten m\u00e5ste inkludera:<\/p><p>&#8211; Personuppgifter om arkitekten<br \/>&#8211; Certifikat fr\u00e5n ansvarig teknisk arbetare<br \/>&#8211; Fullst\u00e4ndiga specifikationer av projektet<\/p><p>Skatten som tas ut p\u00e5 renoveringsprojekt ber\u00e4knas utifr\u00e5n kostnaden f\u00f6r genomf\u00f6randet av arbetet. Den beskattningsbara basen best\u00e5r av nettobeloppet, exklusive fakturor f\u00f6r tekniska konsultationer, moms eller andra skatter.<\/p>\t\t\t\t\t\t\t\t<\/div>\n\t\t\t\t<\/div>\n\t\t\t\t<div class=\"elementor-element elementor-element-1c69f96d elementor-hidden-desktop elementor-hidden-tablet elementor-hidden-mobile elementor-widget elementor-widget-heading\" data-id=\"1c69f96d\" data-element_type=\"widget\" data-e-type=\"widget\" data-widget_type=\"heading.default\">\n\t\t\t\t<div class=\"elementor-widget-container\">\n\t\t\t\t\t<h2 class=\"elementor-heading-title elementor-size-default\">Get in contact with Vanguard Law Convinced by the approach of Vanguard Law? Tell us about your real estate plans. We will respond immediately with personalized advice and a non-binding offer.  <\/h2>\t\t\t\t<\/div>\n\t\t\t\t<\/div>\n\t\t\t\t\t<\/div>\n\t\t<\/div>\n\t\t\t\t\t<\/div>\n\t\t<\/section>\n\t\t\t\t\t<\/div>\n\t\t<\/div>\n\t\t\t\t\t<\/div>\n\t\t<\/section>\n\t\t\t\t<section class=\"elementor-section elementor-top-section elementor-element elementor-element-e26d3c5 elementor-section-content-middle elementor-section-height-min-height elementor-section-boxed elementor-section-height-default elementor-section-items-middle wpr-particle-no wpr-jarallax-no wpr-parallax-no wpr-sticky-section-no wpr-equal-height-no\" data-id=\"e26d3c5\" data-element_type=\"section\" data-e-type=\"section\" data-settings=\"{&quot;background_background&quot;:&quot;classic&quot;}\">\n\t\t\t\t\t\t\t<div class=\"elementor-background-overlay\"><\/div>\n\t\t\t\t\t\t\t<div class=\"elementor-container elementor-column-gap-default\">\n\t\t\t\t\t<div class=\"elementor-column elementor-col-33 elementor-top-column elementor-element elementor-element-12284b9\" data-id=\"12284b9\" data-element_type=\"column\" data-e-type=\"column\">\n\t\t\t<div class=\"elementor-widget-wrap\">\n\t\t\t\t\t\t\t<\/div>\n\t\t<\/div>\n\t\t\t\t<div class=\"elementor-column elementor-col-33 elementor-top-column elementor-element elementor-element-9ac8bad\" data-id=\"9ac8bad\" data-element_type=\"column\" data-e-type=\"column\">\n\t\t\t<div class=\"elementor-widget-wrap elementor-element-populated\">\n\t\t\t\t\t\t<div class=\"elementor-element elementor-element-9832a62 elementor-hidden-desktop elementor-hidden-tablet elementor-hidden-mobile elementor-widget elementor-widget-heading\" data-id=\"9832a62\" data-element_type=\"widget\" data-e-type=\"widget\" data-widget_type=\"heading.default\">\n\t\t\t\t<div class=\"elementor-widget-container\">\n\t\t\t\t\t<h2 class=\"elementor-heading-title elementor-size-default\">VANGUARD LAW ASSOCIATES <\/h2>\t\t\t\t<\/div>\n\t\t\t\t<\/div>\n\t\t\t\t<div class=\"elementor-element elementor-element-4191048 elementor-hidden-desktop elementor-hidden-tablet elementor-hidden-mobile elementor-widget elementor-widget-heading\" data-id=\"4191048\" data-element_type=\"widget\" data-e-type=\"widget\" data-widget_type=\"heading.default\">\n\t\t\t\t<div class=\"elementor-widget-container\">\n\t\t\t\t\t<h2 class=\"elementor-heading-title elementor-size-default\">Contact us <\/h2>\t\t\t\t<\/div>\n\t\t\t\t<\/div>\n\t\t\t\t<div class=\"elementor-element elementor-element-70853d5 elementor-widget elementor-widget-text-editor\" data-id=\"70853d5\" data-element_type=\"widget\" data-e-type=\"widget\" data-widget_type=\"text-editor.default\">\n\t\t\t\t<div class=\"elementor-widget-container\">\n\t\t\t\t\t\t\t\t\t<p>Sov p\u00e5 lugnt, Vanguard Law Associates kommer att ta hand om era juridiska fr\u00e5gor.<\/p>\t\t\t\t\t\t\t\t<\/div>\n\t\t\t\t<\/div>\n\t\t\t\t<div class=\"elementor-element elementor-element-1ec97c5 elementor-align-center elementor-widget elementor-widget-button\" data-id=\"1ec97c5\" data-element_type=\"widget\" data-e-type=\"widget\" data-widget_type=\"button.default\">\n\t\t\t\t<div class=\"elementor-widget-container\">\n\t\t\t\t\t\t\t\t\t<div class=\"elementor-button-wrapper\">\n\t\t\t\t\t<a class=\"elementor-button elementor-button-link elementor-size-sm\" href=\"https:\/\/vanguardlaw.es\/sv\/contact-us\/\">\n\t\t\t\t\t\t<span class=\"elementor-button-content-wrapper\">\n\t\t\t\t\t\t\t\t\t<span class=\"elementor-button-text\">Contact us<\/span>\n\t\t\t\t\t<\/span>\n\t\t\t\t\t<\/a>\n\t\t\t\t<\/div>\n\t\t\t\t\t\t\t\t<\/div>\n\t\t\t\t<\/div>\n\t\t\t\t\t<\/div>\n\t\t<\/div>\n\t\t\t\t<div class=\"elementor-column elementor-col-33 elementor-top-column elementor-element elementor-element-269c7c9\" data-id=\"269c7c9\" data-element_type=\"column\" data-e-type=\"column\">\n\t\t\t<div class=\"elementor-widget-wrap\">\n\t\t\t\t\t\t\t<\/div>\n\t\t<\/div>\n\t\t\t\t\t<\/div>\n\t\t<\/section>\n\t\t\t\t<\/div>\n\t\t","protected":false},"excerpt":{"rendered":"<p>Permission for Construction Bygglov N\u00e4r man \u00f6nskar genomf\u00f6ra n\u00e5got slags reparations- eller renoveringsarbete p\u00e5 en fastighet bel\u00e4gen i Spanien \u00e4r det av st\u00f6rsta vikt att f\u00f6lja en specifik normativ och proceduriell process. S\u00e4rskilt viktigt \u00e4r att erh\u00e5lla godk\u00e4nnande fr\u00e5n fastighets\u00e4garf\u00f6reningen (Comunidad de Propietarios) samt att ans\u00f6ka om bygglov, oavsett projektets omfattning eller komplexitet. Spanska f\u00f6reskrifter fastst\u00e4ller ett tydligt ramverk f\u00f6r hantering av s\u00e5dana \u00e5tg\u00e4rder. Det \u00e4r d\u00e4rf\u00f6r avg\u00f6rande att bekanta sig med de juridiska kraven och n\u00f6dv\u00e4ndiga procedurerna f\u00f6r att undvika problem och s\u00e4kerst\u00e4lla att arbetet kan utf\u00f6ras i enlighet med g\u00e4llande lagar. Nedan ges en detaljerad \u00f6versikt \u00f6ver de steg och krav som beh\u00f6vs f\u00f6r att planera och godk\u00e4nna ett reparations- eller renoveringsprojekt som involverar en spansk fastighet. Det \u00e4r rekommenderat att genomf\u00f6ra denna procedur noggrant f\u00f6r att s\u00e4kerst\u00e4lla att alla krav uppfylls och att processen l\u00f6per smidigt. Tillst\u00e5nd f\u00f6r Mindre Arbete Denna typ av renoveringar inneb\u00e4r oftast f\u00f6r\u00e4ndringar som inte p\u00e5verkar byggnadens strukturella integritet. Dessa projekt, som ofta har en blygsam budget och saknar arkitektonisk \u00f6vervakning, kan inkludera aktiviteter som inh\u00e4gnad av terrasser, elektriska reparationer eller installation av undertak. F\u00f6r att p\u00e5b\u00f6rja s\u00e5dana arbeten \u00e4r det n\u00f6dv\u00e4ndigt att ans\u00f6ka om ett tillst\u00e5nd f\u00f6r mindre arbete fr\u00e5n de kommunala myndigheterna (Licencia de Obra Menor). Detta inneb\u00e4r att en beskrivning och fullst\u00e4ndiga specifikationer av projektet m\u00e5ste l\u00e4mnas in. Efter godk\u00e4nnande och betalning av kommunala avgifter utf\u00e4rdas tillst\u00e5ndet. I vissa fall kan ett accelererat godk\u00e4nnande ges efter samr\u00e5d med den kommunala arkitekten. I vissa kommuner har denna process f\u00f6renklats genom en f\u00f6renklad anm\u00e4lningsprocedur (Procedimiento de Actuaciones Comunicadas). Enligt detta system, efter betalning av kommunala skatter, \u00e4r privatpersoner till\u00e5tna att omedelbart p\u00e5b\u00f6rja arbetet. Dock kan kommunala inspektioner fortfarande genomf\u00f6ras senare. Tillst\u00e5nd f\u00f6r Stora Arbete Projekt som p\u00e5verkar byggnadens strukturella integritet kr\u00e4ver professionell \u00f6vervakning och efterlevnad av stadsplaneringsf\u00f6reskrifter. Denna kategori omfattar arbeten som reparation av grund, byggande av verandor eller \u00e4ndring av balkonger. Ans\u00f6kningar om tillst\u00e5nd f\u00f6r stora arbeten m\u00e5ste inkludera: &#8211; Personuppgifter om arkitekten&#8211; Certifikat fr\u00e5n ansvarig teknisk arbetare&#8211; Fullst\u00e4ndiga specifikationer av projektet Skatten som tas ut p\u00e5 renoveringsprojekt ber\u00e4knas utifr\u00e5n kostnaden f\u00f6r genomf\u00f6randet av arbetet. Den beskattningsbara basen best\u00e5r av nettobeloppet, exklusive fakturor f\u00f6r tekniska konsultationer, moms eller andra skatter. Get in contact with Vanguard Law Convinced by the approach of Vanguard Law? Tell us about your real estate plans. We will respond immediately with personalized advice and a non-binding offer. VANGUARD LAW ASSOCIATES Contact us Sov p\u00e5 lugnt, Vanguard Law Associates kommer att ta hand om era juridiska fr\u00e5gor. Contact us<\/p>\n","protected":false},"author":1,"featured_media":0,"parent":0,"menu_order":0,"comment_status":"closed","ping_status":"closed","template":"","meta":{"site-sidebar-layout":"no-sidebar","site-content-layout":"","ast-site-content-layout":"full-width-container","site-content-style":"default","site-sidebar-style":"default","ast-global-header-display":"","ast-banner-title-visibility":"","ast-main-header-display":"","ast-hfb-above-header-display":"","ast-hfb-below-header-display":"","ast-hfb-mobile-header-display":"","site-post-title":"disabled","ast-breadcrumbs-content":"","ast-featured-img":"disabled","footer-sml-layout":"","theme-transparent-header-meta":"default","adv-header-id-meta":"","stick-header-meta":"","header-above-stick-meta":"","header-main-stick-meta":"","header-below-stick-meta":"","astra-migrate-meta-layouts":"default","ast-page-background-enabled":"default","ast-page-background-meta":{"desktop":{"background-color":"var(--ast-global-color-4)","background-image":"","background-repeat":"repeat","background-position":"center center","background-size":"auto","background-attachment":"scroll","background-type":"","background-media":"","overlay-type":"","overlay-color":"","overlay-opacity":"","overlay-gradient":""},"tablet":{"background-color":"","background-image":"","background-repeat":"repeat","background-position":"center center","background-size":"auto","background-attachment":"scroll","background-type":"","background-media":"","overlay-type":"","overlay-color":"","overlay-opacity":"","overlay-gradient":""},"mobile":{"background-color":"","background-image":"","background-repeat":"repeat","background-position":"center center","background-size":"auto","background-attachment":"scroll","background-type":"","background-media":"","overlay-type":"","overlay-color":"","overlay-opacity":"","overlay-gradient":""}},"ast-content-background-meta":{"desktop":{"background-color":"var(--ast-global-color-5)","background-image":"","background-repeat":"repeat","background-position":"center center","background-size":"auto","background-attachment":"scroll","background-type":"","background-media":"","overlay-type":"","overlay-color":"","overlay-opacity":"","overlay-gradient":""},"tablet":{"background-color":"var(--ast-global-color-5)","background-image":"","background-repeat":"repeat","background-position":"center center","background-size":"auto","background-attachment":"scroll","background-type":"","background-media":"","overlay-type":"","overlay-color":"","overlay-opacity":"","overlay-gradient":""},"mobile":{"background-color":"var(--ast-global-color-5)","background-image":"","background-repeat":"repeat","background-position":"center center","background-size":"auto","background-attachment":"scroll","background-type":"","background-media":"","overlay-type":"","overlay-color":"","overlay-opacity":"","overlay-gradient":""}},"footnotes":""},"class_list":["post-2375","page","type-page","status-publish","hentry"],"_links":{"self":[{"href":"https:\/\/vanguardlaw.es\/sv\/wp-json\/wp\/v2\/pages\/2375","targetHints":{"allow":["GET"]}}],"collection":[{"href":"https:\/\/vanguardlaw.es\/sv\/wp-json\/wp\/v2\/pages"}],"about":[{"href":"https:\/\/vanguardlaw.es\/sv\/wp-json\/wp\/v2\/types\/page"}],"author":[{"embeddable":true,"href":"https:\/\/vanguardlaw.es\/sv\/wp-json\/wp\/v2\/users\/1"}],"replies":[{"embeddable":true,"href":"https:\/\/vanguardlaw.es\/sv\/wp-json\/wp\/v2\/comments?post=2375"}],"version-history":[{"count":4,"href":"https:\/\/vanguardlaw.es\/sv\/wp-json\/wp\/v2\/pages\/2375\/revisions"}],"predecessor-version":[{"id":2944,"href":"https:\/\/vanguardlaw.es\/sv\/wp-json\/wp\/v2\/pages\/2375\/revisions\/2944"}],"wp:attachment":[{"href":"https:\/\/vanguardlaw.es\/sv\/wp-json\/wp\/v2\/media?parent=2375"}],"curies":[{"name":"wp","href":"https:\/\/api.w.org\/{rel}","templated":true}]}}