{"id":2355,"date":"2024-07-29T14:22:35","date_gmt":"2024-07-29T14:22:35","guid":{"rendered":"https:\/\/vanguardlaw.es\/permission-for-construction\/"},"modified":"2024-09-07T15:43:01","modified_gmt":"2024-09-07T15:43:01","slug":"permission-for-construction","status":"publish","type":"page","link":"https:\/\/vanguardlaw.es\/no\/permission-for-construction\/","title":{"rendered":"Permission for Construction"},"content":{"rendered":"\t\t<div data-elementor-type=\"wp-page\" data-elementor-id=\"2355\" class=\"elementor elementor-2355 elementor-1021\" data-elementor-post-type=\"page\">\n\t\t\t\t<div class=\"elementor-element elementor-element-101ddd94 e-flex e-con-boxed wpr-particle-no wpr-jarallax-no wpr-parallax-no wpr-sticky-section-no wpr-equal-height-no e-con e-parent\" data-id=\"101ddd94\" data-element_type=\"container\" data-e-type=\"container\" data-settings=\"{&quot;background_background&quot;:&quot;classic&quot;}\">\n\t\t\t\t\t<div class=\"e-con-inner\">\n\t\t\t\t<div class=\"elementor-element elementor-element-136f3cdc elementor-hidden-desktop elementor-hidden-tablet elementor-hidden-mobile elementor-widget elementor-widget-heading\" data-id=\"136f3cdc\" data-element_type=\"widget\" data-e-type=\"widget\" data-widget_type=\"heading.default\">\n\t\t\t\t<div class=\"elementor-widget-container\">\n\t\t\t\t\t<h2 class=\"elementor-heading-title elementor-size-default\">Permission for Construction <\/h2>\t\t\t\t<\/div>\n\t\t\t\t<\/div>\n\t\t\t\t\t<\/div>\n\t\t\t\t<\/div>\n\t\t\t\t<section class=\"elementor-section elementor-top-section elementor-element elementor-element-4b61b7ae elementor-section-full_width elementor-section-height-default elementor-section-height-default wpr-particle-no wpr-jarallax-no wpr-parallax-no wpr-sticky-section-no wpr-equal-height-no\" data-id=\"4b61b7ae\" data-element_type=\"section\" data-e-type=\"section\" data-settings=\"{&quot;background_background&quot;:&quot;classic&quot;}\">\n\t\t\t\t\t\t<div class=\"elementor-container elementor-column-gap-default\">\n\t\t\t\t\t<div class=\"elementor-column elementor-col-100 elementor-top-column elementor-element elementor-element-55005332\" data-id=\"55005332\" data-element_type=\"column\" data-e-type=\"column\">\n\t\t\t<div class=\"elementor-widget-wrap elementor-element-populated\">\n\t\t\t\t\t\t<section class=\"elementor-section elementor-inner-section elementor-element elementor-element-4e240fe9 elementor-section-boxed elementor-section-height-default elementor-section-height-default wpr-particle-no wpr-jarallax-no wpr-parallax-no wpr-sticky-section-no wpr-equal-height-no\" data-id=\"4e240fe9\" data-element_type=\"section\" data-e-type=\"section\" data-settings=\"{&quot;background_background&quot;:&quot;classic&quot;}\">\n\t\t\t\t\t\t<div class=\"elementor-container elementor-column-gap-default\">\n\t\t\t\t\t<div class=\"elementor-column elementor-col-100 elementor-inner-column elementor-element elementor-element-5c48600c\" data-id=\"5c48600c\" data-element_type=\"column\" data-e-type=\"column\">\n\t\t\t<div class=\"elementor-widget-wrap elementor-element-populated\">\n\t\t\t\t\t\t<div class=\"elementor-element elementor-element-7615f021 elementor-widget elementor-widget-heading\" data-id=\"7615f021\" data-element_type=\"widget\" data-e-type=\"widget\" data-widget_type=\"heading.default\">\n\t\t\t\t<div class=\"elementor-widget-container\">\n\t\t\t\t\t<h2 class=\"elementor-heading-title elementor-size-default\">Byggetillatelse<\/h2>\t\t\t\t<\/div>\n\t\t\t\t<\/div>\n\t\t\t\t<div class=\"elementor-element elementor-element-12696c60 elementor-widget elementor-widget-text-editor\" data-id=\"12696c60\" data-element_type=\"widget\" data-e-type=\"widget\" data-widget_type=\"text-editor.default\">\n\t\t\t\t<div class=\"elementor-widget-container\">\n\t\t\t\t\t\t\t\t\t<p>N\u00e5r man \u00f8nsker \u00e5 gjennomf\u00f8re reparasjons- eller renoveringsarbeid p\u00e5 en eiendom i Spania, er det avgj\u00f8rende \u00e5 f\u00f8lge spesifikke normative og prosedyrerelaterte prosesser. Det er spesielt viktig \u00e5 f\u00e5 godkjenning fra eierforeningen (Comunidad de Propietarios) og s\u00f8ke om byggetillatelse, uansett prosjektets omfang eller kompleksitet.<\/p><p>Spanske forskrifter fastsetter et klart rammeverk for h\u00e5ndtering av slike tiltak. Det er derfor essensielt \u00e5 sette seg inn i de juridiske kravene og n\u00f8dvendige prosedyrer for \u00e5 unng\u00e5 problemer og sikre at arbeidet kan utf\u00f8res i henhold til gjeldende lover.<\/p><p>Nedenfor gis en detaljert oversikt over stegene og kravene som trengs for \u00e5 planlegge og godkjenne et reparasjons- eller renoveringsprosjekt som involverer en spansk eiendom. Det anbefales \u00e5 gjennomf\u00f8re denne prosedyren n\u00f8ye for \u00e5 sikre at alle krav oppfylles og at prosessen forl\u00f8per smidig.<\/p><p><strong>Tillatelse for Mindre Arbeid<\/strong><\/p><p>Denne typen renoveringer inneb\u00e6rer ofte endringer som ikke p\u00e5virker bygningens strukturelle integritet. Slike prosjekter, som ofte har et beskjedent budsjett og mangler arkitektonisk tilsyn, kan inkludere aktiviteter som innhegning av terrasser, elektriske reparasjoner eller installasjon av himlinger.<\/p><p>For \u00e5 starte slike arbeider er det n\u00f8dvendig \u00e5 s\u00f8ke om en tillatelse for mindre arbeid fra de kommunale myndighetene (Licencia de Obra Menor). Dette inneb\u00e6rer at en beskrivelse og fullstendige spesifikasjoner av prosjektet m\u00e5 leveres inn. Etter godkjenning og betaling av kommunale avgifter, utstedes tillatelsen. I enkelte tilfeller kan en akselerert godkjenning gis etter konsultasjon med den kommunale arkitekten.<\/p><p>I noen kommuner har denne prosessen blitt forenklet gjennom en forenklet meldingsprosedyre (Procedimiento de Actuaciones Comunicadas). I henhold til dette systemet, etter betaling av kommunale avgifter, kan privatpersoner umiddelbart starte arbeidet. Kommunale inspeksjoner kan imidlertid fortsatt bli gjennomf\u00f8rt senere.<\/p><p><strong>Tillatelse for St\u00f8rre Arbeid<\/strong><\/p><p>Prosjekter som p\u00e5virker bygningens strukturelle integritet krever profesjonell overv\u00e5kning og samsvar med byplanleggingsforskrifter. Denne kategorien omfatter arbeider som reparasjon av grunnmur, bygging av verandaer eller endring av balkonger.<\/p><p>S\u00f8knader om tillatelse for st\u00f8rre arbeider m\u00e5 inkludere:<\/p><p>\u2013 Personopplysninger om arkitekten<br \/>\u2013 Sertifikat fra ansvarlig teknisk arbeider<br \/>\u2013 Fullstendige spesifikasjoner av prosjektet<\/p><p>Skatten som p\u00e5legges renoveringsprosjekter beregnes ut fra kostnaden for gjennomf\u00f8ringen av arbeidet. Skattegrunnlaget best\u00e5r av netto bel\u00f8pet, ekskludert fakturaer for tekniske konsultasjoner, moms eller andre skatter.<\/p>\t\t\t\t\t\t\t\t<\/div>\n\t\t\t\t<\/div>\n\t\t\t\t<div class=\"elementor-element elementor-element-1c69f96d elementor-hidden-desktop elementor-hidden-tablet elementor-hidden-mobile elementor-widget elementor-widget-heading\" data-id=\"1c69f96d\" data-element_type=\"widget\" data-e-type=\"widget\" data-widget_type=\"heading.default\">\n\t\t\t\t<div class=\"elementor-widget-container\">\n\t\t\t\t\t<h2 class=\"elementor-heading-title elementor-size-default\">Get in contact with Vanguard Law Convinced by the approach of Vanguard Law? Tell us about your real estate plans. We will respond immediately with personalized advice and a non-binding offer.  <\/h2>\t\t\t\t<\/div>\n\t\t\t\t<\/div>\n\t\t\t\t\t<\/div>\n\t\t<\/div>\n\t\t\t\t\t<\/div>\n\t\t<\/section>\n\t\t\t\t\t<\/div>\n\t\t<\/div>\n\t\t\t\t\t<\/div>\n\t\t<\/section>\n\t\t\t\t<section class=\"elementor-section elementor-top-section elementor-element elementor-element-e26d3c5 elementor-section-content-middle elementor-section-height-min-height elementor-section-boxed elementor-section-height-default elementor-section-items-middle wpr-particle-no wpr-jarallax-no wpr-parallax-no wpr-sticky-section-no wpr-equal-height-no\" data-id=\"e26d3c5\" data-element_type=\"section\" data-e-type=\"section\" data-settings=\"{&quot;background_background&quot;:&quot;classic&quot;}\">\n\t\t\t\t\t\t\t<div class=\"elementor-background-overlay\"><\/div>\n\t\t\t\t\t\t\t<div class=\"elementor-container elementor-column-gap-default\">\n\t\t\t\t\t<div class=\"elementor-column elementor-col-33 elementor-top-column elementor-element elementor-element-12284b9\" data-id=\"12284b9\" data-element_type=\"column\" data-e-type=\"column\">\n\t\t\t<div class=\"elementor-widget-wrap\">\n\t\t\t\t\t\t\t<\/div>\n\t\t<\/div>\n\t\t\t\t<div class=\"elementor-column elementor-col-33 elementor-top-column elementor-element elementor-element-9ac8bad\" data-id=\"9ac8bad\" data-element_type=\"column\" data-e-type=\"column\">\n\t\t\t<div class=\"elementor-widget-wrap elementor-element-populated\">\n\t\t\t\t\t\t<div class=\"elementor-element elementor-element-9832a62 elementor-hidden-desktop elementor-hidden-tablet elementor-hidden-mobile elementor-widget elementor-widget-heading\" data-id=\"9832a62\" data-element_type=\"widget\" data-e-type=\"widget\" data-widget_type=\"heading.default\">\n\t\t\t\t<div class=\"elementor-widget-container\">\n\t\t\t\t\t<h2 class=\"elementor-heading-title elementor-size-default\">VANGUARD LAW ASSOCIATES <\/h2>\t\t\t\t<\/div>\n\t\t\t\t<\/div>\n\t\t\t\t<div class=\"elementor-element elementor-element-4191048 elementor-hidden-desktop elementor-hidden-tablet elementor-hidden-mobile elementor-widget elementor-widget-heading\" data-id=\"4191048\" data-element_type=\"widget\" data-e-type=\"widget\" data-widget_type=\"heading.default\">\n\t\t\t\t<div class=\"elementor-widget-container\">\n\t\t\t\t\t<h2 class=\"elementor-heading-title elementor-size-default\">Contact us <\/h2>\t\t\t\t<\/div>\n\t\t\t\t<\/div>\n\t\t\t\t<div class=\"elementor-element elementor-element-70853d5 elementor-widget elementor-widget-text-editor\" data-id=\"70853d5\" data-element_type=\"widget\" data-e-type=\"widget\" data-widget_type=\"text-editor.default\">\n\t\t\t\t<div class=\"elementor-widget-container\">\n\t\t\t\t\t\t\t\t\t<p>Sov rolig, Vanguard Law Associates vil ta seg av dine juridiske sp\u00f8rsm\u00e5l.<\/p>\t\t\t\t\t\t\t\t<\/div>\n\t\t\t\t<\/div>\n\t\t\t\t<div class=\"elementor-element elementor-element-1ec97c5 elementor-align-center elementor-widget elementor-widget-button\" data-id=\"1ec97c5\" data-element_type=\"widget\" data-e-type=\"widget\" data-widget_type=\"button.default\">\n\t\t\t\t<div class=\"elementor-widget-container\">\n\t\t\t\t\t\t\t\t\t<div class=\"elementor-button-wrapper\">\n\t\t\t\t\t<a class=\"elementor-button elementor-button-link elementor-size-sm\" href=\"https:\/\/vanguardlaw.es\/no\/contact-us\/\">\n\t\t\t\t\t\t<span class=\"elementor-button-content-wrapper\">\n\t\t\t\t\t\t\t\t\t<span class=\"elementor-button-text\">Contact us<\/span>\n\t\t\t\t\t<\/span>\n\t\t\t\t\t<\/a>\n\t\t\t\t<\/div>\n\t\t\t\t\t\t\t\t<\/div>\n\t\t\t\t<\/div>\n\t\t\t\t\t<\/div>\n\t\t<\/div>\n\t\t\t\t<div class=\"elementor-column elementor-col-33 elementor-top-column elementor-element elementor-element-269c7c9\" data-id=\"269c7c9\" data-element_type=\"column\" data-e-type=\"column\">\n\t\t\t<div class=\"elementor-widget-wrap\">\n\t\t\t\t\t\t\t<\/div>\n\t\t<\/div>\n\t\t\t\t\t<\/div>\n\t\t<\/section>\n\t\t\t\t<\/div>\n\t\t","protected":false},"excerpt":{"rendered":"<p>Permission for Construction Byggetillatelse N\u00e5r man \u00f8nsker \u00e5 gjennomf\u00f8re reparasjons- eller renoveringsarbeid p\u00e5 en eiendom i Spania, er det avgj\u00f8rende \u00e5 f\u00f8lge spesifikke normative og prosedyrerelaterte prosesser. Det er spesielt viktig \u00e5 f\u00e5 godkjenning fra eierforeningen (Comunidad de Propietarios) og s\u00f8ke om byggetillatelse, uansett prosjektets omfang eller kompleksitet. Spanske forskrifter fastsetter et klart rammeverk for h\u00e5ndtering av slike tiltak. Det er derfor essensielt \u00e5 sette seg inn i de juridiske kravene og n\u00f8dvendige prosedyrer for \u00e5 unng\u00e5 problemer og sikre at arbeidet kan utf\u00f8res i henhold til gjeldende lover. Nedenfor gis en detaljert oversikt over stegene og kravene som trengs for \u00e5 planlegge og godkjenne et reparasjons- eller renoveringsprosjekt som involverer en spansk eiendom. Det anbefales \u00e5 gjennomf\u00f8re denne prosedyren n\u00f8ye for \u00e5 sikre at alle krav oppfylles og at prosessen forl\u00f8per smidig. Tillatelse for Mindre Arbeid Denne typen renoveringer inneb\u00e6rer ofte endringer som ikke p\u00e5virker bygningens strukturelle integritet. Slike prosjekter, som ofte har et beskjedent budsjett og mangler arkitektonisk tilsyn, kan inkludere aktiviteter som innhegning av terrasser, elektriske reparasjoner eller installasjon av himlinger. For \u00e5 starte slike arbeider er det n\u00f8dvendig \u00e5 s\u00f8ke om en tillatelse for mindre arbeid fra de kommunale myndighetene (Licencia de Obra Menor). Dette inneb\u00e6rer at en beskrivelse og fullstendige spesifikasjoner av prosjektet m\u00e5 leveres inn. Etter godkjenning og betaling av kommunale avgifter, utstedes tillatelsen. I enkelte tilfeller kan en akselerert godkjenning gis etter konsultasjon med den kommunale arkitekten. I noen kommuner har denne prosessen blitt forenklet gjennom en forenklet meldingsprosedyre (Procedimiento de Actuaciones Comunicadas). I henhold til dette systemet, etter betaling av kommunale avgifter, kan privatpersoner umiddelbart starte arbeidet. Kommunale inspeksjoner kan imidlertid fortsatt bli gjennomf\u00f8rt senere. Tillatelse for St\u00f8rre Arbeid Prosjekter som p\u00e5virker bygningens strukturelle integritet krever profesjonell overv\u00e5kning og samsvar med byplanleggingsforskrifter. Denne kategorien omfatter arbeider som reparasjon av grunnmur, bygging av verandaer eller endring av balkonger. S\u00f8knader om tillatelse for st\u00f8rre arbeider m\u00e5 inkludere: \u2013 Personopplysninger om arkitekten\u2013 Sertifikat fra ansvarlig teknisk arbeider\u2013 Fullstendige spesifikasjoner av prosjektet Skatten som p\u00e5legges renoveringsprosjekter beregnes ut fra kostnaden for gjennomf\u00f8ringen av arbeidet. Skattegrunnlaget best\u00e5r av netto bel\u00f8pet, ekskludert fakturaer for tekniske konsultasjoner, moms eller andre skatter. Get in contact with Vanguard Law Convinced by the approach of Vanguard Law? Tell us about your real estate plans. We will respond immediately with personalized advice and a non-binding offer. VANGUARD LAW ASSOCIATES Contact us Sov rolig, Vanguard Law Associates vil ta seg av dine juridiske sp\u00f8rsm\u00e5l. Contact us<\/p>\n","protected":false},"author":1,"featured_media":0,"parent":0,"menu_order":0,"comment_status":"closed","ping_status":"closed","template":"","meta":{"site-sidebar-layout":"no-sidebar","site-content-layout":"","ast-site-content-layout":"full-width-container","site-content-style":"default","site-sidebar-style":"default","ast-global-header-display":"","ast-banner-title-visibility":"","ast-main-header-display":"","ast-hfb-above-header-display":"","ast-hfb-below-header-display":"","ast-hfb-mobile-header-display":"","site-post-title":"disabled","ast-breadcrumbs-content":"","ast-featured-img":"disabled","footer-sml-layout":"","theme-transparent-header-meta":"default","adv-header-id-meta":"","stick-header-meta":"","header-above-stick-meta":"","header-main-stick-meta":"","header-below-stick-meta":"","astra-migrate-meta-layouts":"default","ast-page-background-enabled":"default","ast-page-background-meta":{"desktop":{"background-color":"var(--ast-global-color-4)","background-image":"","background-repeat":"repeat","background-position":"center center","background-size":"auto","background-attachment":"scroll","background-type":"","background-media":"","overlay-type":"","overlay-color":"","overlay-opacity":"","overlay-gradient":""},"tablet":{"background-color":"","background-image":"","background-repeat":"repeat","background-position":"center center","background-size":"auto","background-attachment":"scroll","background-type":"","background-media":"","overlay-type":"","overlay-color":"","overlay-opacity":"","overlay-gradient":""},"mobile":{"background-color":"","background-image":"","background-repeat":"repeat","background-position":"center center","background-size":"auto","background-attachment":"scroll","background-type":"","background-media":"","overlay-type":"","overlay-color":"","overlay-opacity":"","overlay-gradient":""}},"ast-content-background-meta":{"desktop":{"background-color":"var(--ast-global-color-5)","background-image":"","background-repeat":"repeat","background-position":"center center","background-size":"auto","background-attachment":"scroll","background-type":"","background-media":"","overlay-type":"","overlay-color":"","overlay-opacity":"","overlay-gradient":""},"tablet":{"background-color":"var(--ast-global-color-5)","background-image":"","background-repeat":"repeat","background-position":"center center","background-size":"auto","background-attachment":"scroll","background-type":"","background-media":"","overlay-type":"","overlay-color":"","overlay-opacity":"","overlay-gradient":""},"mobile":{"background-color":"var(--ast-global-color-5)","background-image":"","background-repeat":"repeat","background-position":"center center","background-size":"auto","background-attachment":"scroll","background-type":"","background-media":"","overlay-type":"","overlay-color":"","overlay-opacity":"","overlay-gradient":""}},"footnotes":""},"class_list":["post-2355","page","type-page","status-publish","hentry"],"_links":{"self":[{"href":"https:\/\/vanguardlaw.es\/no\/wp-json\/wp\/v2\/pages\/2355","targetHints":{"allow":["GET"]}}],"collection":[{"href":"https:\/\/vanguardlaw.es\/no\/wp-json\/wp\/v2\/pages"}],"about":[{"href":"https:\/\/vanguardlaw.es\/no\/wp-json\/wp\/v2\/types\/page"}],"author":[{"embeddable":true,"href":"https:\/\/vanguardlaw.es\/no\/wp-json\/wp\/v2\/users\/1"}],"replies":[{"embeddable":true,"href":"https:\/\/vanguardlaw.es\/no\/wp-json\/wp\/v2\/comments?post=2355"}],"version-history":[{"count":5,"href":"https:\/\/vanguardlaw.es\/no\/wp-json\/wp\/v2\/pages\/2355\/revisions"}],"predecessor-version":[{"id":3130,"href":"https:\/\/vanguardlaw.es\/no\/wp-json\/wp\/v2\/pages\/2355\/revisions\/3130"}],"wp:attachment":[{"href":"https:\/\/vanguardlaw.es\/no\/wp-json\/wp\/v2\/media?parent=2355"}],"curies":[{"name":"wp","href":"https:\/\/api.w.org\/{rel}","templated":true}]}}