{"id":1176,"date":"2024-07-29T14:22:53","date_gmt":"2024-07-29T14:22:53","guid":{"rendered":"https:\/\/vanguardlaw.es\/testament\/"},"modified":"2024-08-18T06:37:15","modified_gmt":"2024-08-18T06:37:15","slug":"testament","status":"publish","type":"page","link":"https:\/\/vanguardlaw.es\/it\/testament\/","title":{"rendered":"Testament"},"content":{"rendered":"\t\t<div data-elementor-type=\"wp-page\" data-elementor-id=\"1176\" class=\"elementor elementor-1176 elementor-1023\" data-elementor-post-type=\"page\">\n\t\t\t\t<div class=\"elementor-element elementor-element-63585619 e-flex e-con-boxed wpr-particle-no wpr-jarallax-no wpr-parallax-no wpr-sticky-section-no wpr-column-slider-no wpr-equal-height-no e-con e-parent\" data-id=\"63585619\" data-element_type=\"container\" data-e-type=\"container\" data-settings=\"{&quot;background_background&quot;:&quot;classic&quot;}\">\n\t\t\t\t\t<div class=\"e-con-inner\">\n\t\t\t\t<div class=\"elementor-element elementor-element-617aa38c elementor-hidden-desktop elementor-hidden-tablet elementor-hidden-mobile elementor-widget elementor-widget-heading\" data-id=\"617aa38c\" data-element_type=\"widget\" data-e-type=\"widget\" data-widget_type=\"heading.default\">\n\t\t\t\t<div class=\"elementor-widget-container\">\n\t\t\t\t\t<h2 class=\"elementor-heading-title elementor-size-default\">Testament<\/h2>\t\t\t\t<\/div>\n\t\t\t\t<\/div>\n\t\t\t\t\t<\/div>\n\t\t\t\t<\/div>\n\t\t\t\t<section class=\"elementor-section elementor-top-section elementor-element elementor-element-5168b513 elementor-section-full_width elementor-section-height-default elementor-section-height-default wpr-particle-no wpr-jarallax-no wpr-parallax-no wpr-sticky-section-no wpr-column-slider-no wpr-equal-height-no\" data-id=\"5168b513\" data-element_type=\"section\" data-e-type=\"section\" data-settings=\"{&quot;background_background&quot;:&quot;classic&quot;}\">\n\t\t\t\t\t\t<div class=\"elementor-container elementor-column-gap-default\">\n\t\t\t\t\t<div class=\"elementor-column elementor-col-100 elementor-top-column elementor-element elementor-element-70f2de2b\" data-id=\"70f2de2b\" data-element_type=\"column\" data-e-type=\"column\">\n\t\t\t<div class=\"elementor-widget-wrap elementor-element-populated\">\n\t\t\t\t\t\t<section class=\"elementor-section elementor-inner-section elementor-element elementor-element-195ee9ba elementor-section-boxed elementor-section-height-default elementor-section-height-default wpr-particle-no wpr-jarallax-no wpr-parallax-no wpr-sticky-section-no wpr-column-slider-no wpr-equal-height-no\" data-id=\"195ee9ba\" data-element_type=\"section\" data-e-type=\"section\" data-settings=\"{&quot;background_background&quot;:&quot;classic&quot;}\">\n\t\t\t\t\t\t<div class=\"elementor-container elementor-column-gap-default\">\n\t\t\t\t\t<div class=\"elementor-column elementor-col-100 elementor-inner-column elementor-element elementor-element-74a92205\" data-id=\"74a92205\" data-element_type=\"column\" data-e-type=\"column\">\n\t\t\t<div class=\"elementor-widget-wrap elementor-element-populated\">\n\t\t\t\t\t\t<div class=\"elementor-element elementor-element-d80215c elementor-widget elementor-widget-heading\" data-id=\"d80215c\" data-element_type=\"widget\" data-e-type=\"widget\" data-widget_type=\"heading.default\">\n\t\t\t\t<div class=\"elementor-widget-container\">\n\t\t\t\t\t<h2 class=\"elementor-heading-title elementor-size-default\">Testamento <\/h2>\t\t\t\t<\/div>\n\t\t\t\t<\/div>\n\t\t\t\t<div class=\"elementor-element elementor-element-1638226c elementor-widget elementor-widget-text-editor\" data-id=\"1638226c\" data-element_type=\"widget\" data-e-type=\"widget\" data-widget_type=\"text-editor.default\">\n\t\t\t\t<div class=\"elementor-widget-container\">\n\t\t\t\t\t\t\t\t\t<p><strong style=\"font-style: inherit; font-family: var( --e-global-typography-accent-font-family ), Sans-serif; color: var(--ast-global-color-3);\">Pianificazione e ottimizzazione patrimoniale dei tuoi beni in Spagna<\/strong><br><\/p>\n<p>In qualit\u00e0 di proprietario straniero in Spagna, le complessit\u00e0 delle leggi nazionali e internazionali sull&#8217;eredit\u00e0 entrano in gioco alla tua morte. VanguardLaw \u00e8 pronta a fornire consulenza e assistenza esperta nella realizzazione del vostro piano patrimoniale in modo fiscalmente efficiente, garantendo che i vostri eredi sostengano il minor carico fiscale possibile sui vostri beni. <\/p>\n<p><strong>Soluzioni complete alle vostre richieste<\/strong><\/p>\n<p>Affrontare sia le acquisizioni di propriet\u00e0 straniere che i diritti di successione implica affrontare un terreno giuridico complesso. Ecco perch\u00e9 estendiamo la nostra gamma completa di competenze legali per rispondere a tutte le vostre richieste in modo completo. Ecco solo alcuni esempi delle diverse domande per le quali possiamo assistervi:  <\/p>\n<ul class=\"wp-block-list\">\n<li>Qual \u00e8 il luogo ottimale per redigere un testamento?<\/li>\n<li>Quali documenti sono necessari per questo processo?<\/li>\n<li>Il patrimonio immobiliare in Belgio o in Italia deve essere dichiarato in Spagna?<\/li>\n<li>Si applicano leggi o regolamenti diversi ai residenti e ai non residenti?<\/li>\n<li>Quali sono le aliquote fiscali e le esenzioni previste dal governo spagnolo?<\/li>\n<li>Come possono gli eredi verificare l&#8217;entit\u00e0 del mio patrimonio in Spagna?<\/li>\n<li>Quali sono le procedure per presentare una dichiarazione di successione in Spagna?<\/li>\n<li>Qual \u00e8 il termine ultimo per presentare una dichiarazione di successione in Spagna?<\/li>\n<li>Qual \u00e8 la prescrizione delle imposte di successione in Spagna?<\/li>\n<li>Che ruolo svolgono il notaio e l\u2019ufficio di registrazione spagnoli in questo processo?<\/li>\n<\/ul>\n<p>Rivolgendovi al nostro team di esperti, avrete accesso a una vasta gamma di competenze legali volte a ottimizzare la vostra strategia di pianificazione patrimoniale e a ridurre al minimo le passivit\u00e0 fiscali, garantendo un trasferimento agevole ed efficiente dei vostri beni ai beneficiari prescelti in conformit\u00e0 con la legge spagnola.<\/p>\t\t\t\t\t\t\t\t<\/div>\n\t\t\t\t<\/div>\n\t\t\t\t\t<\/div>\n\t\t<\/div>\n\t\t\t\t\t<\/div>\n\t\t<\/section>\n\t\t\t\t\t<\/div>\n\t\t<\/div>\n\t\t\t\t\t<\/div>\n\t\t<\/section>\n\t\t\t\t<section class=\"elementor-section elementor-top-section elementor-element elementor-element-bbc9b52 elementor-section-content-middle elementor-section-height-min-height elementor-section-boxed elementor-section-height-default elementor-section-items-middle wpr-particle-no wpr-jarallax-no wpr-parallax-no wpr-sticky-section-no wpr-column-slider-no wpr-equal-height-no\" data-id=\"bbc9b52\" data-element_type=\"section\" data-e-type=\"section\" data-settings=\"{&quot;background_background&quot;:&quot;classic&quot;}\">\n\t\t\t\t\t\t\t<div class=\"elementor-background-overlay\"><\/div>\n\t\t\t\t\t\t\t<div class=\"elementor-container elementor-column-gap-default\">\n\t\t\t\t\t<div class=\"elementor-column elementor-col-33 elementor-top-column elementor-element elementor-element-2a1cc45\" data-id=\"2a1cc45\" data-element_type=\"column\" data-e-type=\"column\">\n\t\t\t<div class=\"elementor-widget-wrap\">\n\t\t\t\t\t\t\t<\/div>\n\t\t<\/div>\n\t\t\t\t<div class=\"elementor-column elementor-col-33 elementor-top-column elementor-element elementor-element-943ed40\" data-id=\"943ed40\" data-element_type=\"column\" data-e-type=\"column\">\n\t\t\t<div class=\"elementor-widget-wrap elementor-element-populated\">\n\t\t\t\t\t\t<div class=\"elementor-element elementor-element-96a5ba5 elementor-hidden-desktop elementor-hidden-tablet elementor-hidden-mobile elementor-widget elementor-widget-heading\" data-id=\"96a5ba5\" data-element_type=\"widget\" data-e-type=\"widget\" data-widget_type=\"heading.default\">\n\t\t\t\t<div class=\"elementor-widget-container\">\n\t\t\t\t\t<h2 class=\"elementor-heading-title elementor-size-default\">ASSOCIATI DI DIRITTO D'AVANGUARDIA <\/h2>\t\t\t\t<\/div>\n\t\t\t\t<\/div>\n\t\t\t\t<div class=\"elementor-element elementor-element-35ed8c6 elementor-hidden-desktop elementor-hidden-tablet elementor-hidden-mobile elementor-widget elementor-widget-heading\" data-id=\"35ed8c6\" data-element_type=\"widget\" data-e-type=\"widget\" data-widget_type=\"heading.default\">\n\t\t\t\t<div class=\"elementor-widget-container\">\n\t\t\t\t\t<h2 class=\"elementor-heading-title elementor-size-default\">Contattaci <\/h2>\t\t\t\t<\/div>\n\t\t\t\t<\/div>\n\t\t\t\t<div class=\"elementor-element elementor-element-4d6fe5d elementor-widget elementor-widget-text-editor\" data-id=\"4d6fe5d\" data-element_type=\"widget\" data-e-type=\"widget\" data-widget_type=\"text-editor.default\">\n\t\t\t\t<div class=\"elementor-widget-container\">\n\t\t\t\t\t\t\t\t\t<p>Dormite sonno tranquilli, Vanguard Law Associates si prender\u00e0 cura delle vostre questioni legali.<\/p>\t\t\t\t\t\t\t\t<\/div>\n\t\t\t\t<\/div>\n\t\t\t\t<div class=\"elementor-element elementor-element-4431707 elementor-align-center elementor-widget elementor-widget-button\" data-id=\"4431707\" data-element_type=\"widget\" data-e-type=\"widget\" data-widget_type=\"button.default\">\n\t\t\t\t<div class=\"elementor-widget-container\">\n\t\t\t\t\t\t\t\t\t<div class=\"elementor-button-wrapper\">\n\t\t\t\t\t<a class=\"elementor-button elementor-button-link elementor-size-sm\" href=\"https:\/\/vanguardlaw.es\/it\/contattaci\/\">\n\t\t\t\t\t\t<span class=\"elementor-button-content-wrapper\">\n\t\t\t\t\t\t\t\t\t<span class=\"elementor-button-text\">Contattaci<\/span>\n\t\t\t\t\t<\/span>\n\t\t\t\t\t<\/a>\n\t\t\t\t<\/div>\n\t\t\t\t\t\t\t\t<\/div>\n\t\t\t\t<\/div>\n\t\t\t\t\t<\/div>\n\t\t<\/div>\n\t\t\t\t<div class=\"elementor-column elementor-col-33 elementor-top-column elementor-element elementor-element-0765de1\" data-id=\"0765de1\" data-element_type=\"column\" data-e-type=\"column\">\n\t\t\t<div class=\"elementor-widget-wrap\">\n\t\t\t\t\t\t\t<\/div>\n\t\t<\/div>\n\t\t\t\t\t<\/div>\n\t\t<\/section>\n\t\t\t\t<\/div>\n\t\t","protected":false},"excerpt":{"rendered":"<p>Testament Testamento Pianificazione e ottimizzazione patrimoniale dei tuoi beni in Spagna In qualit\u00e0 di proprietario straniero in Spagna, le complessit\u00e0 delle leggi nazionali e internazionali sull&#8217;eredit\u00e0 entrano in gioco alla tua morte. VanguardLaw \u00e8 pronta a fornire consulenza e assistenza esperta nella realizzazione del vostro piano patrimoniale in modo fiscalmente efficiente, garantendo che i vostri eredi sostengano il minor carico fiscale possibile sui vostri beni. Soluzioni complete alle vostre richieste Affrontare sia le acquisizioni di propriet\u00e0 straniere che i diritti di successione implica affrontare un terreno giuridico complesso. Ecco perch\u00e9 estendiamo la nostra gamma completa di competenze legali per rispondere a tutte le vostre richieste in modo completo. Ecco solo alcuni esempi delle diverse domande per le quali possiamo assistervi: Qual \u00e8 il luogo ottimale per redigere un testamento? Quali documenti sono necessari per questo processo? Il patrimonio immobiliare in Belgio o in Italia deve essere dichiarato in Spagna? Si applicano leggi o regolamenti diversi ai residenti e ai non residenti? Quali sono le aliquote fiscali e le esenzioni previste dal governo spagnolo? Come possono gli eredi verificare l&#8217;entit\u00e0 del mio patrimonio in Spagna? Quali sono le procedure per presentare una dichiarazione di successione in Spagna? Qual \u00e8 il termine ultimo per presentare una dichiarazione di successione in Spagna? Qual \u00e8 la prescrizione delle imposte di successione in Spagna? Che ruolo svolgono il notaio e l\u2019ufficio di registrazione spagnoli in questo processo? Rivolgendovi al nostro team di esperti, avrete accesso a una vasta gamma di competenze legali volte a ottimizzare la vostra strategia di pianificazione patrimoniale e a ridurre al minimo le passivit\u00e0 fiscali, garantendo un trasferimento agevole ed efficiente dei vostri beni ai beneficiari prescelti in conformit\u00e0 con la legge spagnola. ASSOCIATI DI DIRITTO D&#8217;AVANGUARDIA Contattaci Dormite sonno tranquilli, Vanguard Law Associates si prender\u00e0 cura delle vostre questioni legali. Contattaci<\/p>\n","protected":false},"author":1,"featured_media":0,"parent":0,"menu_order":0,"comment_status":"closed","ping_status":"closed","template":"","meta":{"site-sidebar-layout":"no-sidebar","site-content-layout":"","ast-site-content-layout":"full-width-container","site-content-style":"default","site-sidebar-style":"default","ast-global-header-display":"","ast-banner-title-visibility":"","ast-main-header-display":"","ast-hfb-above-header-display":"","ast-hfb-below-header-display":"","ast-hfb-mobile-header-display":"","site-post-title":"disabled","ast-breadcrumbs-content":"","ast-featured-img":"disabled","footer-sml-layout":"","theme-transparent-header-meta":"default","adv-header-id-meta":"","stick-header-meta":"","header-above-stick-meta":"","header-main-stick-meta":"","header-below-stick-meta":"","astra-migrate-meta-layouts":"default","ast-page-background-enabled":"default","ast-page-background-meta":{"desktop":{"background-color":"var(--ast-global-color-4)","background-image":"","background-repeat":"repeat","background-position":"center center","background-size":"auto","background-attachment":"scroll","background-type":"","background-media":"","overlay-type":"","overlay-color":"","overlay-opacity":"","overlay-gradient":""},"tablet":{"background-color":"","background-image":"","background-repeat":"repeat","background-position":"center center","background-size":"auto","background-attachment":"scroll","background-type":"","background-media":"","overlay-type":"","overlay-color":"","overlay-opacity":"","overlay-gradient":""},"mobile":{"background-color":"","background-image":"","background-repeat":"repeat","background-position":"center center","background-size":"auto","background-attachment":"scroll","background-type":"","background-media":"","overlay-type":"","overlay-color":"","overlay-opacity":"","overlay-gradient":""}},"ast-content-background-meta":{"desktop":{"background-color":"var(--ast-global-color-5)","background-image":"","background-repeat":"repeat","background-position":"center center","background-size":"auto","background-attachment":"scroll","background-type":"","background-media":"","overlay-type":"","overlay-color":"","overlay-opacity":"","overlay-gradient":""},"tablet":{"background-color":"var(--ast-global-color-5)","background-image":"","background-repeat":"repeat","background-position":"center center","background-size":"auto","background-attachment":"scroll","background-type":"","background-media":"","overlay-type":"","overlay-color":"","overlay-opacity":"","overlay-gradient":""},"mobile":{"background-color":"var(--ast-global-color-5)","background-image":"","background-repeat":"repeat","background-position":"center center","background-size":"auto","background-attachment":"scroll","background-type":"","background-media":"","overlay-type":"","overlay-color":"","overlay-opacity":"","overlay-gradient":""}},"footnotes":""},"class_list":["post-1176","page","type-page","status-publish","hentry"],"_links":{"self":[{"href":"https:\/\/vanguardlaw.es\/it\/wp-json\/wp\/v2\/pages\/1176","targetHints":{"allow":["GET"]}}],"collection":[{"href":"https:\/\/vanguardlaw.es\/it\/wp-json\/wp\/v2\/pages"}],"about":[{"href":"https:\/\/vanguardlaw.es\/it\/wp-json\/wp\/v2\/types\/page"}],"author":[{"embeddable":true,"href":"https:\/\/vanguardlaw.es\/it\/wp-json\/wp\/v2\/users\/1"}],"replies":[{"embeddable":true,"href":"https:\/\/vanguardlaw.es\/it\/wp-json\/wp\/v2\/comments?post=1176"}],"version-history":[{"count":13,"href":"https:\/\/vanguardlaw.es\/it\/wp-json\/wp\/v2\/pages\/1176\/revisions"}],"predecessor-version":[{"id":2892,"href":"https:\/\/vanguardlaw.es\/it\/wp-json\/wp\/v2\/pages\/1176\/revisions\/2892"}],"wp:attachment":[{"href":"https:\/\/vanguardlaw.es\/it\/wp-json\/wp\/v2\/media?parent=1176"}],"curies":[{"name":"wp","href":"https:\/\/api.w.org\/{rel}","templated":true}]}}