{"id":1168,"date":"2024-07-29T14:22:01","date_gmt":"2024-07-29T14:22:01","guid":{"rendered":"https:\/\/vanguardlaw.es\/rent-your-home\/"},"modified":"2024-09-08T10:13:55","modified_gmt":"2024-09-08T10:13:55","slug":"rent-your-home","status":"publish","type":"page","link":"https:\/\/vanguardlaw.es\/it\/rent-your-home\/","title":{"rendered":"Affitta la tua casa"},"content":{"rendered":"\t\t<div data-elementor-type=\"wp-page\" data-elementor-id=\"1168\" class=\"elementor elementor-1168 elementor-1017\" data-elementor-post-type=\"page\">\n\t\t\t\t<div class=\"elementor-element elementor-element-2a537e83 e-flex e-con-boxed wpr-particle-no wpr-jarallax-no wpr-parallax-no wpr-sticky-section-no wpr-equal-height-no e-con e-parent\" data-id=\"2a537e83\" data-element_type=\"container\" data-e-type=\"container\" data-settings=\"{&quot;background_background&quot;:&quot;classic&quot;}\">\n\t\t\t\t\t<div class=\"e-con-inner\">\n\t\t\t\t<div class=\"elementor-element elementor-element-64ab6089 elementor-hidden-desktop elementor-hidden-tablet elementor-hidden-mobile elementor-widget elementor-widget-heading\" data-id=\"64ab6089\" data-element_type=\"widget\" data-e-type=\"widget\" data-widget_type=\"heading.default\">\n\t\t\t\t<div class=\"elementor-widget-container\">\n\t\t\t\t\t<h2 class=\"elementor-heading-title elementor-size-default\">Affitta la tua casa<\/h2>\t\t\t\t<\/div>\n\t\t\t\t<\/div>\n\t\t\t\t\t<\/div>\n\t\t\t\t<\/div>\n\t\t\t\t<section class=\"elementor-section elementor-top-section elementor-element elementor-element-6967326d elementor-section-full_width elementor-section-height-default elementor-section-height-default wpr-particle-no wpr-jarallax-no wpr-parallax-no wpr-sticky-section-no wpr-equal-height-no\" data-id=\"6967326d\" data-element_type=\"section\" data-e-type=\"section\" data-settings=\"{&quot;background_background&quot;:&quot;classic&quot;}\">\n\t\t\t\t\t\t<div class=\"elementor-container elementor-column-gap-default\">\n\t\t\t\t\t<div class=\"elementor-column elementor-col-100 elementor-top-column elementor-element elementor-element-4851bba4\" data-id=\"4851bba4\" data-element_type=\"column\" data-e-type=\"column\">\n\t\t\t<div class=\"elementor-widget-wrap elementor-element-populated\">\n\t\t\t\t\t\t<section class=\"elementor-section elementor-inner-section elementor-element elementor-element-7dfbbafc elementor-section-boxed elementor-section-height-default elementor-section-height-default wpr-particle-no wpr-jarallax-no wpr-parallax-no wpr-sticky-section-no wpr-equal-height-no\" data-id=\"7dfbbafc\" data-element_type=\"section\" data-e-type=\"section\" data-settings=\"{&quot;background_background&quot;:&quot;classic&quot;}\">\n\t\t\t\t\t\t<div class=\"elementor-container elementor-column-gap-default\">\n\t\t\t\t\t<div class=\"elementor-column elementor-col-100 elementor-inner-column elementor-element elementor-element-6cce388\" data-id=\"6cce388\" data-element_type=\"column\" data-e-type=\"column\">\n\t\t\t<div class=\"elementor-widget-wrap elementor-element-populated\">\n\t\t\t\t\t\t<div class=\"elementor-element elementor-element-4df891a0 elementor-widget elementor-widget-heading\" data-id=\"4df891a0\" data-element_type=\"widget\" data-e-type=\"widget\" data-widget_type=\"heading.default\">\n\t\t\t\t<div class=\"elementor-widget-container\">\n\t\t\t\t\t<h2 class=\"elementor-heading-title elementor-size-default\">Affitta la tua casa <\/h2>\t\t\t\t<\/div>\n\t\t\t\t<\/div>\n\t\t\t\t<div class=\"elementor-element elementor-element-7d26115 elementor-hidden-desktop elementor-hidden-tablet elementor-hidden-mobile elementor-widget elementor-widget-image\" data-id=\"7d26115\" data-element_type=\"widget\" data-e-type=\"widget\" data-widget_type=\"image.default\">\n\t\t\t\t<div class=\"elementor-widget-container\">\n\t\t\t\t\t\t\t\t\t\t\t\t\t\t\t<img fetchpriority=\"high\" decoding=\"async\" width=\"1024\" height=\"576\" src=\"https:\/\/vanguardlaw.es\/wp-content\/uploads\/2024\/07\/pic2-1-1024x576.webp\" class=\"attachment-large size-large wp-image-1142\" alt=\"\" srcset=\"https:\/\/vanguardlaw.es\/wp-content\/uploads\/2024\/07\/pic2-1-1024x576.webp 1024w, https:\/\/vanguardlaw.es\/wp-content\/uploads\/2024\/07\/pic2-1-300x169.webp 300w, https:\/\/vanguardlaw.es\/wp-content\/uploads\/2024\/07\/pic2-1-768x432.webp 768w, https:\/\/vanguardlaw.es\/wp-content\/uploads\/2024\/07\/pic2-1.webp 1080w\" sizes=\"(max-width: 1024px) 100vw, 1024px\" \/>\t\t\t\t\t\t\t\t\t\t\t\t\t\t\t<\/div>\n\t\t\t\t<\/div>\n\t\t\t\t<div class=\"elementor-element elementor-element-4c0bdd57 elementor-widget elementor-widget-text-editor\" data-id=\"4c0bdd57\" data-element_type=\"widget\" data-e-type=\"widget\" data-widget_type=\"text-editor.default\">\n\t\t\t\t<div class=\"elementor-widget-container\">\n\t\t\t\t\t\t\t\t\t<p><strong>Affittare la tua propriet\u00e0 in Spagna:<\/strong><\/p>\n<p>Se ti ritrovi temporaneamente o permanentemente assente dalla tua residenza in Spagna, esplorare le opportunit\u00e0 di affitto pu\u00f2 essere finanziariamente redditizio. Intraprendere questa impresa con Vanguard Law sicurezza nella gestione legale di questo progetto.<\/p>\n<p><strong>Elaborazione di un contratto di locazione<\/strong><\/p>\n<p>Fondamentale in questo processo \u00e8 la creazione di un solido contratto di locazione, un compito gestito sapientemente dal nostro team con meticolosa attenzione ai dettagli. Questo accordo non solo garantisce completezza e accuratezza, ma funge anche da salvaguardia vitale, proteggendoti da potenziali problemi come inquilini inadempienti e costi di riparazione imprevisti.<\/p>\n<p>Inoltre, hai la possibilit\u00e0 di integrare il contratto con un inventario completo della propriet\u00e0. Questo documento dettagliato fornisce una descrizione approfondita del tuo immobile e degli eventuali arredi annessi, completata da una serie di fotografie che catturano ogni stanza e angolo della tua dimora.<\/p>\n<p><strong>Ulteriori approfondimenti e consigli sull&#8217;affitto<\/strong><\/p>\n<p>Se il contratto di locazione e l&#8217;inventario soddisfano i pi\u00f9 elevati standard di preparazione, i seguenti approfondimenti supplementari possono offrire una tranquillit\u00e0 ancora maggiore:<\/p>\n<p>Verifica del reddito: \u00e8 consigliabile richiedere una prova del reddito, come buste paga o altra documentazione pertinente, ai potenziali inquilini. Sebbene esista un ricorso legale per sfrattare gli inquilini a causa del mancato pagamento, \u00e8 sempre preferibile prevenire tali situazioni attraverso uno screening approfondito. <br>Deposito cauzionale: sebbene sia consuetudine versare un deposito cauzionale equivalente a un mese di affitto, sono ammessi anche importi pi\u00f9 elevati che possono offrire una protezione aggiuntiva contro potenziali danni o mancato pagamento.<br>Pagamenti anticipati dell&#8217;affitto: per maggiore sicurezza, i proprietari possono prendere in considerazione la possibilit\u00e0 di richiedere fino a un mese di affitto come pagamento anticipato, fornendo un margine aggiuntivo contro circostanze impreviste.<br>Responsabilit\u00e0 dei servizi : nei casi in cui la propriet\u00e0 viene affittata per un periodo prolungato, il trasferimento della responsabilit\u00e0 dei pagamenti dei servizi, compreso il consumo di acqua ed elettricit\u00e0, all&#8217;affittuario pu\u00f2 semplificare la gestione e garantire la responsabilit\u00e0 finanziaria da parte sua.<\/p>\n<p>Aderendo a queste meticolose linee guida e raccomandazioni, i proprietari possono navigare con sicurezza nel panorama degli affitti in Spagna, salvaguardando i propri interessi e massimizzando i potenziali rendimenti sui loro investimenti immobiliari.<\/p>\t\t\t\t\t\t\t\t<\/div>\n\t\t\t\t<\/div>\n\t\t\t\t<div class=\"elementor-element elementor-element-dfa280d elementor-hidden-desktop elementor-hidden-tablet elementor-hidden-mobile elementor-widget elementor-widget-heading\" data-id=\"dfa280d\" data-element_type=\"widget\" data-e-type=\"widget\" data-widget_type=\"heading.default\">\n\t\t\t\t<div class=\"elementor-widget-container\">\n\t\t\t\t\t<h2 class=\"elementor-heading-title elementor-size-default\">Entra in contatto con Vanguard Law Convinto dell'approccio di Vanguard Law? Raccontaci i tuoi piani immobiliari. Ti risponderemo subito con una consulenza personalizzata e un'offerta non vincolante.  <\/h2>\t\t\t\t<\/div>\n\t\t\t\t<\/div>\n\t\t\t\t\t<\/div>\n\t\t<\/div>\n\t\t\t\t\t<\/div>\n\t\t<\/section>\n\t\t\t\t\t<\/div>\n\t\t<\/div>\n\t\t\t\t\t<\/div>\n\t\t<\/section>\n\t\t\t\t<section class=\"elementor-section elementor-top-section elementor-element elementor-element-63ce7f5 elementor-section-content-middle elementor-section-height-min-height elementor-section-boxed elementor-section-height-default elementor-section-items-middle wpr-particle-no wpr-jarallax-no wpr-parallax-no wpr-sticky-section-no wpr-equal-height-no\" data-id=\"63ce7f5\" data-element_type=\"section\" data-e-type=\"section\" data-settings=\"{&quot;background_background&quot;:&quot;classic&quot;}\">\n\t\t\t\t\t\t\t<div class=\"elementor-background-overlay\"><\/div>\n\t\t\t\t\t\t\t<div class=\"elementor-container elementor-column-gap-default\">\n\t\t\t\t\t<div class=\"elementor-column elementor-col-33 elementor-top-column elementor-element elementor-element-b1b90e2\" data-id=\"b1b90e2\" data-element_type=\"column\" data-e-type=\"column\">\n\t\t\t<div class=\"elementor-widget-wrap\">\n\t\t\t\t\t\t\t<\/div>\n\t\t<\/div>\n\t\t\t\t<div class=\"elementor-column elementor-col-33 elementor-top-column elementor-element elementor-element-c418fe2\" data-id=\"c418fe2\" data-element_type=\"column\" data-e-type=\"column\">\n\t\t\t<div class=\"elementor-widget-wrap elementor-element-populated\">\n\t\t\t\t\t\t<div class=\"elementor-element elementor-element-524e084 elementor-hidden-desktop elementor-hidden-tablet elementor-hidden-mobile elementor-widget elementor-widget-heading\" data-id=\"524e084\" data-element_type=\"widget\" data-e-type=\"widget\" data-widget_type=\"heading.default\">\n\t\t\t\t<div class=\"elementor-widget-container\">\n\t\t\t\t\t<h2 class=\"elementor-heading-title elementor-size-default\">ASSOCIATI DI DIRITTO D'AVANGUARDIA <\/h2>\t\t\t\t<\/div>\n\t\t\t\t<\/div>\n\t\t\t\t<div class=\"elementor-element elementor-element-55a84f8 elementor-hidden-desktop elementor-hidden-tablet elementor-hidden-mobile elementor-widget elementor-widget-heading\" data-id=\"55a84f8\" data-element_type=\"widget\" data-e-type=\"widget\" data-widget_type=\"heading.default\">\n\t\t\t\t<div class=\"elementor-widget-container\">\n\t\t\t\t\t<h2 class=\"elementor-heading-title elementor-size-default\">Contattaci <\/h2>\t\t\t\t<\/div>\n\t\t\t\t<\/div>\n\t\t\t\t<div class=\"elementor-element elementor-element-1bd4763 elementor-widget elementor-widget-text-editor\" data-id=\"1bd4763\" data-element_type=\"widget\" data-e-type=\"widget\" data-widget_type=\"text-editor.default\">\n\t\t\t\t<div class=\"elementor-widget-container\">\n\t\t\t\t\t\t\t\t\t<p><br class=\"Apple-interchange-newline\">Dormite sonno tranquilli, Vanguard Law Associates si prender\u00e0 cura delle vostre questioni legali.<br><\/p>\t\t\t\t\t\t\t\t<\/div>\n\t\t\t\t<\/div>\n\t\t\t\t<div class=\"elementor-element elementor-element-e4af315 elementor-align-center elementor-widget elementor-widget-button\" data-id=\"e4af315\" data-element_type=\"widget\" data-e-type=\"widget\" data-widget_type=\"button.default\">\n\t\t\t\t<div class=\"elementor-widget-container\">\n\t\t\t\t\t\t\t\t\t<div class=\"elementor-button-wrapper\">\n\t\t\t\t\t<a class=\"elementor-button elementor-button-link elementor-size-sm\" href=\"https:\/\/vanguardlaw.es\/it\/contattaci\/\">\n\t\t\t\t\t\t<span class=\"elementor-button-content-wrapper\">\n\t\t\t\t\t\t\t\t\t<span class=\"elementor-button-text\">Contattaci<\/span>\n\t\t\t\t\t<\/span>\n\t\t\t\t\t<\/a>\n\t\t\t\t<\/div>\n\t\t\t\t\t\t\t\t<\/div>\n\t\t\t\t<\/div>\n\t\t\t\t\t<\/div>\n\t\t<\/div>\n\t\t\t\t<div class=\"elementor-column elementor-col-33 elementor-top-column elementor-element elementor-element-524e395\" data-id=\"524e395\" data-element_type=\"column\" data-e-type=\"column\">\n\t\t\t<div class=\"elementor-widget-wrap\">\n\t\t\t\t\t\t\t<\/div>\n\t\t<\/div>\n\t\t\t\t\t<\/div>\n\t\t<\/section>\n\t\t\t\t<\/div>\n\t\t","protected":false},"excerpt":{"rendered":"<p>Affitta la tua casa Affitta la tua casa Affittare la tua propriet\u00e0 in Spagna: Se ti ritrovi temporaneamente o permanentemente assente dalla tua residenza in Spagna, esplorare le opportunit\u00e0 di affitto pu\u00f2 essere finanziariamente redditizio. Intraprendere questa impresa con Vanguard Law sicurezza nella gestione legale di questo progetto. Elaborazione di un contratto di locazione Fondamentale in questo processo \u00e8 la creazione di un solido contratto di locazione, un compito gestito sapientemente dal nostro team con meticolosa attenzione ai dettagli. Questo accordo non solo garantisce completezza e accuratezza, ma funge anche da salvaguardia vitale, proteggendoti da potenziali problemi come inquilini inadempienti e costi di riparazione imprevisti. Inoltre, hai la possibilit\u00e0 di integrare il contratto con un inventario completo della propriet\u00e0. Questo documento dettagliato fornisce una descrizione approfondita del tuo immobile e degli eventuali arredi annessi, completata da una serie di fotografie che catturano ogni stanza e angolo della tua dimora. Ulteriori approfondimenti e consigli sull&#8217;affitto Se il contratto di locazione e l&#8217;inventario soddisfano i pi\u00f9 elevati standard di preparazione, i seguenti approfondimenti supplementari possono offrire una tranquillit\u00e0 ancora maggiore: Verifica del reddito: \u00e8 consigliabile richiedere una prova del reddito, come buste paga o altra documentazione pertinente, ai potenziali inquilini. Sebbene esista un ricorso legale per sfrattare gli inquilini a causa del mancato pagamento, \u00e8 sempre preferibile prevenire tali situazioni attraverso uno screening approfondito. Deposito cauzionale: sebbene sia consuetudine versare un deposito cauzionale equivalente a un mese di affitto, sono ammessi anche importi pi\u00f9 elevati che possono offrire una protezione aggiuntiva contro potenziali danni o mancato pagamento.Pagamenti anticipati dell&#8217;affitto: per maggiore sicurezza, i proprietari possono prendere in considerazione la possibilit\u00e0 di richiedere fino a un mese di affitto come pagamento anticipato, fornendo un margine aggiuntivo contro circostanze impreviste.Responsabilit\u00e0 dei servizi : nei casi in cui la propriet\u00e0 viene affittata per un periodo prolungato, il trasferimento della responsabilit\u00e0 dei pagamenti dei servizi, compreso il consumo di acqua ed elettricit\u00e0, all&#8217;affittuario pu\u00f2 semplificare la gestione e garantire la responsabilit\u00e0 finanziaria da parte sua. Aderendo a queste meticolose linee guida e raccomandazioni, i proprietari possono navigare con sicurezza nel panorama degli affitti in Spagna, salvaguardando i propri interessi e massimizzando i potenziali rendimenti sui loro investimenti immobiliari. Entra in contatto con Vanguard Law Convinto dell&#8217;approccio di Vanguard Law? Raccontaci i tuoi piani immobiliari. Ti risponderemo subito con una consulenza personalizzata e un&#8217;offerta non vincolante. ASSOCIATI DI DIRITTO D&#8217;AVANGUARDIA Contattaci Dormite sonno tranquilli, Vanguard Law Associates si prender\u00e0 cura delle vostre questioni legali. Contattaci<\/p>\n","protected":false},"author":1,"featured_media":0,"parent":0,"menu_order":0,"comment_status":"closed","ping_status":"closed","template":"","meta":{"site-sidebar-layout":"no-sidebar","site-content-layout":"","ast-site-content-layout":"full-width-container","site-content-style":"default","site-sidebar-style":"default","ast-global-header-display":"","ast-banner-title-visibility":"","ast-main-header-display":"","ast-hfb-above-header-display":"","ast-hfb-below-header-display":"","ast-hfb-mobile-header-display":"","site-post-title":"disabled","ast-breadcrumbs-content":"","ast-featured-img":"disabled","footer-sml-layout":"","theme-transparent-header-meta":"default","adv-header-id-meta":"","stick-header-meta":"","header-above-stick-meta":"","header-main-stick-meta":"","header-below-stick-meta":"","astra-migrate-meta-layouts":"default","ast-page-background-enabled":"default","ast-page-background-meta":{"desktop":{"background-color":"var(--ast-global-color-4)","background-image":"","background-repeat":"repeat","background-position":"center center","background-size":"auto","background-attachment":"scroll","background-type":"","background-media":"","overlay-type":"","overlay-color":"","overlay-opacity":"","overlay-gradient":""},"tablet":{"background-color":"","background-image":"","background-repeat":"repeat","background-position":"center center","background-size":"auto","background-attachment":"scroll","background-type":"","background-media":"","overlay-type":"","overlay-color":"","overlay-opacity":"","overlay-gradient":""},"mobile":{"background-color":"","background-image":"","background-repeat":"repeat","background-position":"center center","background-size":"auto","background-attachment":"scroll","background-type":"","background-media":"","overlay-type":"","overlay-color":"","overlay-opacity":"","overlay-gradient":""}},"ast-content-background-meta":{"desktop":{"background-color":"var(--ast-global-color-5)","background-image":"","background-repeat":"repeat","background-position":"center center","background-size":"auto","background-attachment":"scroll","background-type":"","background-media":"","overlay-type":"","overlay-color":"","overlay-opacity":"","overlay-gradient":""},"tablet":{"background-color":"var(--ast-global-color-5)","background-image":"","background-repeat":"repeat","background-position":"center center","background-size":"auto","background-attachment":"scroll","background-type":"","background-media":"","overlay-type":"","overlay-color":"","overlay-opacity":"","overlay-gradient":""},"mobile":{"background-color":"var(--ast-global-color-5)","background-image":"","background-repeat":"repeat","background-position":"center center","background-size":"auto","background-attachment":"scroll","background-type":"","background-media":"","overlay-type":"","overlay-color":"","overlay-opacity":"","overlay-gradient":""}},"footnotes":""},"class_list":["post-1168","page","type-page","status-publish","hentry"],"_links":{"self":[{"href":"https:\/\/vanguardlaw.es\/it\/wp-json\/wp\/v2\/pages\/1168","targetHints":{"allow":["GET"]}}],"collection":[{"href":"https:\/\/vanguardlaw.es\/it\/wp-json\/wp\/v2\/pages"}],"about":[{"href":"https:\/\/vanguardlaw.es\/it\/wp-json\/wp\/v2\/types\/page"}],"author":[{"embeddable":true,"href":"https:\/\/vanguardlaw.es\/it\/wp-json\/wp\/v2\/users\/1"}],"replies":[{"embeddable":true,"href":"https:\/\/vanguardlaw.es\/it\/wp-json\/wp\/v2\/comments?post=1168"}],"version-history":[{"count":14,"href":"https:\/\/vanguardlaw.es\/it\/wp-json\/wp\/v2\/pages\/1168\/revisions"}],"predecessor-version":[{"id":3277,"href":"https:\/\/vanguardlaw.es\/it\/wp-json\/wp\/v2\/pages\/1168\/revisions\/3277"}],"wp:attachment":[{"href":"https:\/\/vanguardlaw.es\/it\/wp-json\/wp\/v2\/media?parent=1168"}],"curies":[{"name":"wp","href":"https:\/\/api.w.org\/{rel}","templated":true}]}}