{"id":1158,"date":"2024-07-29T14:22:35","date_gmt":"2024-07-29T14:22:35","guid":{"rendered":"https:\/\/vanguardlaw.es\/permission-for-construction\/"},"modified":"2024-08-17T16:29:15","modified_gmt":"2024-08-17T16:29:15","slug":"permission-for-construction","status":"publish","type":"page","link":"https:\/\/vanguardlaw.es\/it\/permission-for-construction\/","title":{"rendered":"Autorizzazione alla costruzione"},"content":{"rendered":"\t\t<div data-elementor-type=\"wp-page\" data-elementor-id=\"1158\" class=\"elementor elementor-1158 elementor-1021\" data-elementor-post-type=\"page\">\n\t\t\t\t<div class=\"elementor-element elementor-element-101ddd94 e-flex e-con-boxed wpr-particle-no wpr-jarallax-no wpr-parallax-no wpr-sticky-section-no wpr-equal-height-no e-con e-parent\" data-id=\"101ddd94\" data-element_type=\"container\" data-e-type=\"container\" data-settings=\"{&quot;background_background&quot;:&quot;classic&quot;}\">\n\t\t\t\t\t<div class=\"e-con-inner\">\n\t\t\t\t<div class=\"elementor-element elementor-element-136f3cdc elementor-hidden-desktop elementor-hidden-tablet elementor-hidden-mobile elementor-widget elementor-widget-heading\" data-id=\"136f3cdc\" data-element_type=\"widget\" data-e-type=\"widget\" data-widget_type=\"heading.default\">\n\t\t\t\t<div class=\"elementor-widget-container\">\n\t\t\t\t\t<h2 class=\"elementor-heading-title elementor-size-default\">Autorizzazione alla costruzione <\/h2>\t\t\t\t<\/div>\n\t\t\t\t<\/div>\n\t\t\t\t\t<\/div>\n\t\t\t\t<\/div>\n\t\t\t\t<section class=\"elementor-section elementor-top-section elementor-element elementor-element-4b61b7ae elementor-section-full_width elementor-section-height-default elementor-section-height-default wpr-particle-no wpr-jarallax-no wpr-parallax-no wpr-sticky-section-no wpr-equal-height-no\" data-id=\"4b61b7ae\" data-element_type=\"section\" data-e-type=\"section\" data-settings=\"{&quot;background_background&quot;:&quot;classic&quot;}\">\n\t\t\t\t\t\t<div class=\"elementor-container elementor-column-gap-default\">\n\t\t\t\t\t<div class=\"elementor-column elementor-col-100 elementor-top-column elementor-element elementor-element-55005332\" data-id=\"55005332\" data-element_type=\"column\" data-e-type=\"column\">\n\t\t\t<div class=\"elementor-widget-wrap elementor-element-populated\">\n\t\t\t\t\t\t<section class=\"elementor-section elementor-inner-section elementor-element elementor-element-4e240fe9 elementor-section-boxed elementor-section-height-default elementor-section-height-default wpr-particle-no wpr-jarallax-no wpr-parallax-no wpr-sticky-section-no wpr-equal-height-no\" data-id=\"4e240fe9\" data-element_type=\"section\" data-e-type=\"section\" data-settings=\"{&quot;background_background&quot;:&quot;classic&quot;}\">\n\t\t\t\t\t\t<div class=\"elementor-container elementor-column-gap-default\">\n\t\t\t\t\t<div class=\"elementor-column elementor-col-100 elementor-inner-column elementor-element elementor-element-5c48600c\" data-id=\"5c48600c\" data-element_type=\"column\" data-e-type=\"column\">\n\t\t\t<div class=\"elementor-widget-wrap elementor-element-populated\">\n\t\t\t\t\t\t<div class=\"elementor-element elementor-element-7615f021 elementor-widget elementor-widget-heading\" data-id=\"7615f021\" data-element_type=\"widget\" data-e-type=\"widget\" data-widget_type=\"heading.default\">\n\t\t\t\t<div class=\"elementor-widget-container\">\n\t\t\t\t\t<h2 class=\"elementor-heading-title elementor-size-default\">Permessi per costruire<\/h2>\t\t\t\t<\/div>\n\t\t\t\t<\/div>\n\t\t\t\t<div class=\"elementor-element elementor-element-12696c60 elementor-widget elementor-widget-text-editor\" data-id=\"12696c60\" data-element_type=\"widget\" data-e-type=\"widget\" data-widget_type=\"text-editor.default\">\n\t\t\t\t<div class=\"elementor-widget-container\">\n\t\t\t\t\t\t\t\t\t<p><span style=\"color: var(--ast-global-color-3); font-style: inherit; font-weight: inherit; font-family: var( --e-global-typography-accent-font-family ), Sans-serif;\">Quando si desidera intraprendere qualsiasi forma di lavoro di riparazione o ristrutturazione su una propriet\u00e0 situata in Spagna, \u00e8 di fondamentale importanza seguire un preciso iter normativo e procedurale. In particolare, l&#8217;ottenimento dell&#8217;approvazione da parte della Comunit\u00e0 dei proprietari di immobili (Comunidad de Propietarios) \u00e8 requisito obbligatorio, cos\u00ec come il rilascio di un permesso di costruzione, a prescindere dalla scala o dalla complessit\u00e0 del progetto.<\/span><br><\/p>\n<p>A tal fine, le normative spagnole stabiliscono un quadro di riferimento ben definito per la gestione di tali interventi. \u00c8 essenziale, quindi, familiarizzarsi con i requisiti legali e le procedure necessarie al fine di evitare inconvenienti e garantire che i lavori possano essere eseguiti in conformit\u00e0 con le leggi vigenti.<\/p>\n<p><span style=\"font-style: inherit; font-weight: inherit; color: var(--ast-global-color-3);\">Di seguito, viene fornita una panoramica dettagliata delle fasi e dei requisiti necessari per la pianificazione e l&#8217;approvazione di un progetto di riparazione o ristrutturazione che coinvolga una propriet\u00e0 spagnola. \u00c8 consigliabile intraprendere questa procedura con attenzione per assicurarsi che tutti i requisiti siano soddisfatti e che il processo si svolga senza intoppi.<\/span><\/p>\n<p><strong>Autorizzazioni per Opere Minori<\/strong><\/p>\n<p>Questo tipo di restauri in genere comportano alterazioni che non influiscono sull&#8217;integrit\u00e0 strutturale dell&#8217;abitazione. Questi progetti, spesso caratterizzati da budget modesti e assenza di supervisione architettonica, possono includere attivit\u00e0 come la recinzione di terrazze, riparazioni elettriche o installazione di controsoffitti.<\/p>\n<p>Per avviare tali imprese \u00e8 necessario richiedere un permesso d&#8217;opera alle autorit\u00e0 municipali (Licencia de Obra Menor). Ci\u00f2 comporta la presentazione di una descrizione e delle specifiche complete del progetto. Dopo l&#8217;approvazione e il pagamento delle tasse comunali, viene rilasciato il permesso. In alcuni casi, previa consultazione con l&#8217;architetto comunale, pu\u00f2 essere concessa un&#8217;approvazione accelerata.<\/p>\n<p>In alcuni comuni, questo processo \u00e8 stato snellito attraverso una procedura di notifica semplificata (Procedimiento de Actuaciones Comunicadas). Secondo questo regime, previo pagamento delle imposte comunali, i privati sono autorizzati a iniziare immediatamente i lavori. Tuttavia, potranno ancora essere effettuate successive ispezioni comunali.<\/p>\n<p><strong>Autorizzazioni per Grandi Opere<\/strong><\/p>\n<p>I progetti che incidono sull&#8217;integrit\u00e0 strutturale dell&#8217;edificio necessitano di una supervisione professionale e del rispetto delle normative urbanistiche. Questa categoria comprende lavori come la riparazione delle fondamenta, la costruzione di portici o la modifica dei balconi.<\/p>\n<p><strong>Le domande di autorizzazione per grandi lavori devono includere:<\/strong><\/p>\n<ol>\n<li>Informazioni personali dell&#8217;architetto<\/li>\n<li>Certificato del Responsabile Tecnico dei Lavori<\/li>\n<li>Specifiche complete del progetto<\/li>\n<\/ol>\n<p>L&#8217;imposta riscossa sui progetti di ristrutturazione \u00e8 calcolata in base al costo di esecuzione dei lavori. La base imponibile \u00e8 costituita dall&#8217;importo netto, escluse le fatture per consulenze tecniche, IVA o altre imposte.<\/p>\t\t\t\t\t\t\t\t<\/div>\n\t\t\t\t<\/div>\n\t\t\t\t<div class=\"elementor-element elementor-element-1c69f96d elementor-hidden-desktop elementor-hidden-tablet elementor-hidden-mobile elementor-widget elementor-widget-heading\" data-id=\"1c69f96d\" data-element_type=\"widget\" data-e-type=\"widget\" data-widget_type=\"heading.default\">\n\t\t\t\t<div class=\"elementor-widget-container\">\n\t\t\t\t\t<h2 class=\"elementor-heading-title elementor-size-default\">Entra in contatto con Vanguard Law Convinto dell'approccio di Vanguard Law? Raccontaci i tuoi piani immobiliari. Ti risponderemo subito con una consulenza personalizzata e un'offerta non vincolante.  <\/h2>\t\t\t\t<\/div>\n\t\t\t\t<\/div>\n\t\t\t\t\t<\/div>\n\t\t<\/div>\n\t\t\t\t\t<\/div>\n\t\t<\/section>\n\t\t\t\t\t<\/div>\n\t\t<\/div>\n\t\t\t\t\t<\/div>\n\t\t<\/section>\n\t\t\t\t<section class=\"elementor-section elementor-top-section elementor-element elementor-element-e26d3c5 elementor-section-content-middle elementor-section-height-min-height elementor-section-boxed elementor-section-height-default elementor-section-items-middle wpr-particle-no wpr-jarallax-no wpr-parallax-no wpr-sticky-section-no wpr-equal-height-no\" data-id=\"e26d3c5\" data-element_type=\"section\" data-e-type=\"section\" data-settings=\"{&quot;background_background&quot;:&quot;classic&quot;}\">\n\t\t\t\t\t\t\t<div class=\"elementor-background-overlay\"><\/div>\n\t\t\t\t\t\t\t<div class=\"elementor-container elementor-column-gap-default\">\n\t\t\t\t\t<div class=\"elementor-column elementor-col-33 elementor-top-column elementor-element elementor-element-12284b9\" data-id=\"12284b9\" data-element_type=\"column\" data-e-type=\"column\">\n\t\t\t<div class=\"elementor-widget-wrap\">\n\t\t\t\t\t\t\t<\/div>\n\t\t<\/div>\n\t\t\t\t<div class=\"elementor-column elementor-col-33 elementor-top-column elementor-element elementor-element-9ac8bad\" data-id=\"9ac8bad\" data-element_type=\"column\" data-e-type=\"column\">\n\t\t\t<div class=\"elementor-widget-wrap elementor-element-populated\">\n\t\t\t\t\t\t<div class=\"elementor-element elementor-element-9832a62 elementor-hidden-desktop elementor-hidden-tablet elementor-hidden-mobile elementor-widget elementor-widget-heading\" data-id=\"9832a62\" data-element_type=\"widget\" data-e-type=\"widget\" data-widget_type=\"heading.default\">\n\t\t\t\t<div class=\"elementor-widget-container\">\n\t\t\t\t\t<h2 class=\"elementor-heading-title elementor-size-default\">ASSOCIATI DI DIRITTO D'AVANGUARDIA <\/h2>\t\t\t\t<\/div>\n\t\t\t\t<\/div>\n\t\t\t\t<div class=\"elementor-element elementor-element-4191048 elementor-hidden-desktop elementor-hidden-tablet elementor-hidden-mobile elementor-widget elementor-widget-heading\" data-id=\"4191048\" data-element_type=\"widget\" data-e-type=\"widget\" data-widget_type=\"heading.default\">\n\t\t\t\t<div class=\"elementor-widget-container\">\n\t\t\t\t\t<h2 class=\"elementor-heading-title elementor-size-default\">Contattaci <\/h2>\t\t\t\t<\/div>\n\t\t\t\t<\/div>\n\t\t\t\t<div class=\"elementor-element elementor-element-70853d5 elementor-widget elementor-widget-text-editor\" data-id=\"70853d5\" data-element_type=\"widget\" data-e-type=\"widget\" data-widget_type=\"text-editor.default\">\n\t\t\t\t<div class=\"elementor-widget-container\">\n\t\t\t\t\t\t\t\t\t<p>Dormite sonno tranquilli, Vanguard Law Associates si prender\u00e0 cura delle vostre questioni legali.<\/p>\t\t\t\t\t\t\t\t<\/div>\n\t\t\t\t<\/div>\n\t\t\t\t<div class=\"elementor-element elementor-element-1ec97c5 elementor-align-center elementor-widget elementor-widget-button\" data-id=\"1ec97c5\" data-element_type=\"widget\" data-e-type=\"widget\" data-widget_type=\"button.default\">\n\t\t\t\t<div class=\"elementor-widget-container\">\n\t\t\t\t\t\t\t\t\t<div class=\"elementor-button-wrapper\">\n\t\t\t\t\t<a class=\"elementor-button elementor-button-link elementor-size-sm\" href=\"https:\/\/vanguardlaw.es\/it\/contattaci\/\">\n\t\t\t\t\t\t<span class=\"elementor-button-content-wrapper\">\n\t\t\t\t\t\t\t\t\t<span class=\"elementor-button-text\">Contattaci<\/span>\n\t\t\t\t\t<\/span>\n\t\t\t\t\t<\/a>\n\t\t\t\t<\/div>\n\t\t\t\t\t\t\t\t<\/div>\n\t\t\t\t<\/div>\n\t\t\t\t\t<\/div>\n\t\t<\/div>\n\t\t\t\t<div class=\"elementor-column elementor-col-33 elementor-top-column elementor-element elementor-element-269c7c9\" data-id=\"269c7c9\" data-element_type=\"column\" data-e-type=\"column\">\n\t\t\t<div class=\"elementor-widget-wrap\">\n\t\t\t\t\t\t\t<\/div>\n\t\t<\/div>\n\t\t\t\t\t<\/div>\n\t\t<\/section>\n\t\t\t\t<\/div>\n\t\t","protected":false},"excerpt":{"rendered":"<p>Autorizzazione alla costruzione Permessi per costruire Quando si desidera intraprendere qualsiasi forma di lavoro di riparazione o ristrutturazione su una propriet\u00e0 situata in Spagna, \u00e8 di fondamentale importanza seguire un preciso iter normativo e procedurale. In particolare, l&#8217;ottenimento dell&#8217;approvazione da parte della Comunit\u00e0 dei proprietari di immobili (Comunidad de Propietarios) \u00e8 requisito obbligatorio, cos\u00ec come il rilascio di un permesso di costruzione, a prescindere dalla scala o dalla complessit\u00e0 del progetto. A tal fine, le normative spagnole stabiliscono un quadro di riferimento ben definito per la gestione di tali interventi. \u00c8 essenziale, quindi, familiarizzarsi con i requisiti legali e le procedure necessarie al fine di evitare inconvenienti e garantire che i lavori possano essere eseguiti in conformit\u00e0 con le leggi vigenti. Di seguito, viene fornita una panoramica dettagliata delle fasi e dei requisiti necessari per la pianificazione e l&#8217;approvazione di un progetto di riparazione o ristrutturazione che coinvolga una propriet\u00e0 spagnola. \u00c8 consigliabile intraprendere questa procedura con attenzione per assicurarsi che tutti i requisiti siano soddisfatti e che il processo si svolga senza intoppi. Autorizzazioni per Opere Minori Questo tipo di restauri in genere comportano alterazioni che non influiscono sull&#8217;integrit\u00e0 strutturale dell&#8217;abitazione. Questi progetti, spesso caratterizzati da budget modesti e assenza di supervisione architettonica, possono includere attivit\u00e0 come la recinzione di terrazze, riparazioni elettriche o installazione di controsoffitti. Per avviare tali imprese \u00e8 necessario richiedere un permesso d&#8217;opera alle autorit\u00e0 municipali (Licencia de Obra Menor). Ci\u00f2 comporta la presentazione di una descrizione e delle specifiche complete del progetto. Dopo l&#8217;approvazione e il pagamento delle tasse comunali, viene rilasciato il permesso. In alcuni casi, previa consultazione con l&#8217;architetto comunale, pu\u00f2 essere concessa un&#8217;approvazione accelerata. In alcuni comuni, questo processo \u00e8 stato snellito attraverso una procedura di notifica semplificata (Procedimiento de Actuaciones Comunicadas). Secondo questo regime, previo pagamento delle imposte comunali, i privati sono autorizzati a iniziare immediatamente i lavori. Tuttavia, potranno ancora essere effettuate successive ispezioni comunali. Autorizzazioni per Grandi Opere I progetti che incidono sull&#8217;integrit\u00e0 strutturale dell&#8217;edificio necessitano di una supervisione professionale e del rispetto delle normative urbanistiche. Questa categoria comprende lavori come la riparazione delle fondamenta, la costruzione di portici o la modifica dei balconi. Le domande di autorizzazione per grandi lavori devono includere: Informazioni personali dell&#8217;architetto Certificato del Responsabile Tecnico dei Lavori Specifiche complete del progetto L&#8217;imposta riscossa sui progetti di ristrutturazione \u00e8 calcolata in base al costo di esecuzione dei lavori. La base imponibile \u00e8 costituita dall&#8217;importo netto, escluse le fatture per consulenze tecniche, IVA o altre imposte. Entra in contatto con Vanguard Law Convinto dell&#8217;approccio di Vanguard Law? Raccontaci i tuoi piani immobiliari. Ti risponderemo subito con una consulenza personalizzata e un&#8217;offerta non vincolante. ASSOCIATI DI DIRITTO D&#8217;AVANGUARDIA Contattaci Dormite sonno tranquilli, Vanguard Law Associates si prender\u00e0 cura delle vostre questioni legali. Contattaci<\/p>\n","protected":false},"author":1,"featured_media":0,"parent":0,"menu_order":0,"comment_status":"closed","ping_status":"closed","template":"","meta":{"site-sidebar-layout":"no-sidebar","site-content-layout":"","ast-site-content-layout":"full-width-container","site-content-style":"default","site-sidebar-style":"default","ast-global-header-display":"","ast-banner-title-visibility":"","ast-main-header-display":"","ast-hfb-above-header-display":"","ast-hfb-below-header-display":"","ast-hfb-mobile-header-display":"","site-post-title":"disabled","ast-breadcrumbs-content":"","ast-featured-img":"disabled","footer-sml-layout":"","theme-transparent-header-meta":"default","adv-header-id-meta":"","stick-header-meta":"","header-above-stick-meta":"","header-main-stick-meta":"","header-below-stick-meta":"","astra-migrate-meta-layouts":"default","ast-page-background-enabled":"default","ast-page-background-meta":{"desktop":{"background-color":"var(--ast-global-color-4)","background-image":"","background-repeat":"repeat","background-position":"center center","background-size":"auto","background-attachment":"scroll","background-type":"","background-media":"","overlay-type":"","overlay-color":"","overlay-opacity":"","overlay-gradient":""},"tablet":{"background-color":"","background-image":"","background-repeat":"repeat","background-position":"center center","background-size":"auto","background-attachment":"scroll","background-type":"","background-media":"","overlay-type":"","overlay-color":"","overlay-opacity":"","overlay-gradient":""},"mobile":{"background-color":"","background-image":"","background-repeat":"repeat","background-position":"center center","background-size":"auto","background-attachment":"scroll","background-type":"","background-media":"","overlay-type":"","overlay-color":"","overlay-opacity":"","overlay-gradient":""}},"ast-content-background-meta":{"desktop":{"background-color":"var(--ast-global-color-5)","background-image":"","background-repeat":"repeat","background-position":"center center","background-size":"auto","background-attachment":"scroll","background-type":"","background-media":"","overlay-type":"","overlay-color":"","overlay-opacity":"","overlay-gradient":""},"tablet":{"background-color":"var(--ast-global-color-5)","background-image":"","background-repeat":"repeat","background-position":"center center","background-size":"auto","background-attachment":"scroll","background-type":"","background-media":"","overlay-type":"","overlay-color":"","overlay-opacity":"","overlay-gradient":""},"mobile":{"background-color":"var(--ast-global-color-5)","background-image":"","background-repeat":"repeat","background-position":"center center","background-size":"auto","background-attachment":"scroll","background-type":"","background-media":"","overlay-type":"","overlay-color":"","overlay-opacity":"","overlay-gradient":""}},"footnotes":""},"class_list":["post-1158","page","type-page","status-publish","hentry"],"_links":{"self":[{"href":"https:\/\/vanguardlaw.es\/it\/wp-json\/wp\/v2\/pages\/1158","targetHints":{"allow":["GET"]}}],"collection":[{"href":"https:\/\/vanguardlaw.es\/it\/wp-json\/wp\/v2\/pages"}],"about":[{"href":"https:\/\/vanguardlaw.es\/it\/wp-json\/wp\/v2\/types\/page"}],"author":[{"embeddable":true,"href":"https:\/\/vanguardlaw.es\/it\/wp-json\/wp\/v2\/users\/1"}],"replies":[{"embeddable":true,"href":"https:\/\/vanguardlaw.es\/it\/wp-json\/wp\/v2\/comments?post=1158"}],"version-history":[{"count":18,"href":"https:\/\/vanguardlaw.es\/it\/wp-json\/wp\/v2\/pages\/1158\/revisions"}],"predecessor-version":[{"id":2694,"href":"https:\/\/vanguardlaw.es\/it\/wp-json\/wp\/v2\/pages\/1158\/revisions\/2694"}],"wp:attachment":[{"href":"https:\/\/vanguardlaw.es\/it\/wp-json\/wp\/v2\/media?parent=1158"}],"curies":[{"name":"wp","href":"https:\/\/api.w.org\/{rel}","templated":true}]}}