{"id":2448,"date":"2024-07-29T14:22:53","date_gmt":"2024-07-29T14:22:53","guid":{"rendered":"https:\/\/vanguardlaw.es\/testament\/"},"modified":"2024-08-17T22:47:11","modified_gmt":"2024-08-17T22:47:11","slug":"testament","status":"publish","type":"page","link":"https:\/\/vanguardlaw.es\/es\/testament\/","title":{"rendered":"Testament"},"content":{"rendered":"\t\t<div data-elementor-type=\"wp-page\" data-elementor-id=\"2448\" class=\"elementor elementor-2448 elementor-1023\" data-elementor-post-type=\"page\">\n\t\t\t\t<div class=\"elementor-element elementor-element-63585619 e-flex e-con-boxed wpr-particle-no wpr-jarallax-no wpr-parallax-no wpr-sticky-section-no wpr-column-slider-no wpr-equal-height-no e-con e-parent\" data-id=\"63585619\" data-element_type=\"container\" data-e-type=\"container\" data-settings=\"{&quot;background_background&quot;:&quot;classic&quot;}\">\n\t\t\t\t\t<div class=\"e-con-inner\">\n\t\t\t\t<div class=\"elementor-element elementor-element-617aa38c elementor-hidden-desktop elementor-hidden-tablet elementor-hidden-mobile elementor-widget elementor-widget-heading\" data-id=\"617aa38c\" data-element_type=\"widget\" data-e-type=\"widget\" data-widget_type=\"heading.default\">\n\t\t\t\t<div class=\"elementor-widget-container\">\n\t\t\t\t\t<h2 class=\"elementor-heading-title elementor-size-default\">Testament<\/h2>\t\t\t\t<\/div>\n\t\t\t\t<\/div>\n\t\t\t\t\t<\/div>\n\t\t\t\t<\/div>\n\t\t\t\t<section class=\"elementor-section elementor-top-section elementor-element elementor-element-5168b513 elementor-section-full_width elementor-section-height-default elementor-section-height-default wpr-particle-no wpr-jarallax-no wpr-parallax-no wpr-sticky-section-no wpr-column-slider-no wpr-equal-height-no\" data-id=\"5168b513\" data-element_type=\"section\" data-e-type=\"section\" data-settings=\"{&quot;background_background&quot;:&quot;classic&quot;}\">\n\t\t\t\t\t\t<div class=\"elementor-container elementor-column-gap-default\">\n\t\t\t\t\t<div class=\"elementor-column elementor-col-100 elementor-top-column elementor-element elementor-element-70f2de2b\" data-id=\"70f2de2b\" data-element_type=\"column\" data-e-type=\"column\">\n\t\t\t<div class=\"elementor-widget-wrap elementor-element-populated\">\n\t\t\t\t\t\t<section class=\"elementor-section elementor-inner-section elementor-element elementor-element-195ee9ba elementor-section-boxed elementor-section-height-default elementor-section-height-default wpr-particle-no wpr-jarallax-no wpr-parallax-no wpr-sticky-section-no wpr-column-slider-no wpr-equal-height-no\" data-id=\"195ee9ba\" data-element_type=\"section\" data-e-type=\"section\" data-settings=\"{&quot;background_background&quot;:&quot;classic&quot;}\">\n\t\t\t\t\t\t<div class=\"elementor-container elementor-column-gap-default\">\n\t\t\t\t\t<div class=\"elementor-column elementor-col-100 elementor-inner-column elementor-element elementor-element-74a92205\" data-id=\"74a92205\" data-element_type=\"column\" data-e-type=\"column\">\n\t\t\t<div class=\"elementor-widget-wrap elementor-element-populated\">\n\t\t\t\t\t\t<div class=\"elementor-element elementor-element-d80215c elementor-widget elementor-widget-heading\" data-id=\"d80215c\" data-element_type=\"widget\" data-e-type=\"widget\" data-widget_type=\"heading.default\">\n\t\t\t\t<div class=\"elementor-widget-container\">\n\t\t\t\t\t<h2 class=\"elementor-heading-title elementor-size-default\">Testamento<\/h2>\t\t\t\t<\/div>\n\t\t\t\t<\/div>\n\t\t\t\t<div class=\"elementor-element elementor-element-1638226c elementor-widget elementor-widget-text-editor\" data-id=\"1638226c\" data-element_type=\"widget\" data-e-type=\"widget\" data-widget_type=\"text-editor.default\">\n\t\t\t\t<div class=\"elementor-widget-container\">\n\t\t\t\t\t\t\t\t\t<p><strong><span style=\"font-style: inherit; color: var(--ast-global-color-3);\">Planificaci\u00f3n y Optimizaci\u00f3n Patrimonial de sus Bienes en Espa\u00f1a<\/span><\/strong><\/p><p>Como propietario extranjero en Espa\u00f1a, las complejidades de las leyes nacionales e internacionales sobre herencias entran en juego al momento de su fallecimiento. VanguardLaw est\u00e1 lista para brindarle asesor\u00eda y asistencia experta en la realizaci\u00f3n de su plan patrimonial de manera fiscalmente eficiente, asegurando que sus herederos enfrenten la menor carga fiscal posible sobre sus bienes.<\/p><p><strong>Soluciones Integrales a sus Necesidades<\/strong><\/p><p>Enfrentar tanto las adquisiciones de propiedades extranjeras como los derechos de sucesi\u00f3n implica navegar un terreno legal complejo. Es por ello que ponemos a su disposici\u00f3n nuestra completa gama de competencias legales para atender todas sus necesidades de manera integral. Aqu\u00ed le mostramos algunos ejemplos de las diferentes preguntas en las que podemos asistirle:<\/p><p>&#8211; \u00bfCu\u00e1l es el lugar \u00f3ptimo para redactar un testamento?<br \/>&#8211; \u00bfQu\u00e9 documentos son necesarios para este proceso?<br \/>&#8211; \u00bfEl patrimonio inmobiliario en B\u00e9lgica o Italia debe declararse en Espa\u00f1a?<br \/>&#8211; \u00bfSe aplican leyes o reglamentos diferentes a los residentes y a los no residentes?<br \/>&#8211; \u00bfCu\u00e1les son las tasas impositivas y las exenciones previstas por el gobierno espa\u00f1ol?<br \/>&#8211; \u00bfC\u00f3mo pueden los herederos verificar la magnitud de mi patrimonio en Espa\u00f1a?<br \/>&#8211; \u00bfCu\u00e1les son los procedimientos para presentar una declaraci\u00f3n de sucesi\u00f3n en Espa\u00f1a?<br \/>&#8211; \u00bfCu\u00e1l es el plazo m\u00e1ximo para presentar una declaraci\u00f3n de sucesi\u00f3n en Espa\u00f1a?<br \/>&#8211; \u00bfCu\u00e1l es el per\u00edodo de prescripci\u00f3n de los impuestos de sucesi\u00f3n en Espa\u00f1a?<br \/>&#8211; \u00bfQu\u00e9 papel desempe\u00f1an el notario y la oficina de registro espa\u00f1ola en este proceso?<\/p><p>Al acudir a nuestro equipo de expertos, tendr\u00e1 acceso a un amplio conjunto de competencias legales dirigidas a optimizar su estrategia de planificaci\u00f3n patrimonial y a minimizar las responsabilidades fiscales, asegurando una transferencia fluida y eficiente de sus bienes a los beneficiarios elegidos, conforme a la legislaci\u00f3n espa\u00f1ola.<\/p>\t\t\t\t\t\t\t\t<\/div>\n\t\t\t\t<\/div>\n\t\t\t\t\t<\/div>\n\t\t<\/div>\n\t\t\t\t\t<\/div>\n\t\t<\/section>\n\t\t\t\t\t<\/div>\n\t\t<\/div>\n\t\t\t\t\t<\/div>\n\t\t<\/section>\n\t\t\t\t<section class=\"elementor-section elementor-top-section elementor-element elementor-element-bbc9b52 elementor-section-content-middle elementor-section-height-min-height elementor-section-boxed elementor-section-height-default elementor-section-items-middle wpr-particle-no wpr-jarallax-no wpr-parallax-no wpr-sticky-section-no wpr-column-slider-no wpr-equal-height-no\" data-id=\"bbc9b52\" data-element_type=\"section\" data-e-type=\"section\" data-settings=\"{&quot;background_background&quot;:&quot;classic&quot;}\">\n\t\t\t\t\t\t\t<div class=\"elementor-background-overlay\"><\/div>\n\t\t\t\t\t\t\t<div class=\"elementor-container elementor-column-gap-default\">\n\t\t\t\t\t<div class=\"elementor-column elementor-col-33 elementor-top-column elementor-element elementor-element-2a1cc45\" data-id=\"2a1cc45\" data-element_type=\"column\" data-e-type=\"column\">\n\t\t\t<div class=\"elementor-widget-wrap\">\n\t\t\t\t\t\t\t<\/div>\n\t\t<\/div>\n\t\t\t\t<div class=\"elementor-column elementor-col-33 elementor-top-column elementor-element elementor-element-943ed40\" data-id=\"943ed40\" data-element_type=\"column\" data-e-type=\"column\">\n\t\t\t<div class=\"elementor-widget-wrap elementor-element-populated\">\n\t\t\t\t\t\t<div class=\"elementor-element elementor-element-96a5ba5 elementor-hidden-desktop elementor-hidden-tablet elementor-hidden-mobile elementor-widget elementor-widget-heading\" data-id=\"96a5ba5\" data-element_type=\"widget\" data-e-type=\"widget\" data-widget_type=\"heading.default\">\n\t\t\t\t<div class=\"elementor-widget-container\">\n\t\t\t\t\t<h2 class=\"elementor-heading-title elementor-size-default\">VANGUARD LAW ASSOCIATES <\/h2>\t\t\t\t<\/div>\n\t\t\t\t<\/div>\n\t\t\t\t<div class=\"elementor-element elementor-element-35ed8c6 elementor-hidden-desktop elementor-hidden-tablet elementor-hidden-mobile elementor-widget elementor-widget-heading\" data-id=\"35ed8c6\" data-element_type=\"widget\" data-e-type=\"widget\" data-widget_type=\"heading.default\">\n\t\t\t\t<div class=\"elementor-widget-container\">\n\t\t\t\t\t<h2 class=\"elementor-heading-title elementor-size-default\">Contact us <\/h2>\t\t\t\t<\/div>\n\t\t\t\t<\/div>\n\t\t\t\t<div class=\"elementor-element elementor-element-4d6fe5d elementor-widget elementor-widget-text-editor\" data-id=\"4d6fe5d\" data-element_type=\"widget\" data-e-type=\"widget\" data-widget_type=\"text-editor.default\">\n\t\t\t\t<div class=\"elementor-widget-container\">\n\t\t\t\t\t\t\t\t\t<p>Perm\u00edtenos en Vanguard Law Associates encargarnos de tus asuntos legales.<\/p>\t\t\t\t\t\t\t\t<\/div>\n\t\t\t\t<\/div>\n\t\t\t\t<div class=\"elementor-element elementor-element-4431707 elementor-align-center elementor-widget elementor-widget-button\" data-id=\"4431707\" data-element_type=\"widget\" data-e-type=\"widget\" data-widget_type=\"button.default\">\n\t\t\t\t<div class=\"elementor-widget-container\">\n\t\t\t\t\t\t\t\t\t<div class=\"elementor-button-wrapper\">\n\t\t\t\t\t<a class=\"elementor-button elementor-button-link elementor-size-sm\" href=\"https:\/\/vanguardlaw.es\/es\/contact-us\/\">\n\t\t\t\t\t\t<span class=\"elementor-button-content-wrapper\">\n\t\t\t\t\t\t\t\t\t<span class=\"elementor-button-text\">Contact us<\/span>\n\t\t\t\t\t<\/span>\n\t\t\t\t\t<\/a>\n\t\t\t\t<\/div>\n\t\t\t\t\t\t\t\t<\/div>\n\t\t\t\t<\/div>\n\t\t\t\t\t<\/div>\n\t\t<\/div>\n\t\t\t\t<div class=\"elementor-column elementor-col-33 elementor-top-column elementor-element elementor-element-0765de1\" data-id=\"0765de1\" data-element_type=\"column\" data-e-type=\"column\">\n\t\t\t<div class=\"elementor-widget-wrap\">\n\t\t\t\t\t\t\t<\/div>\n\t\t<\/div>\n\t\t\t\t\t<\/div>\n\t\t<\/section>\n\t\t\t\t<\/div>\n\t\t","protected":false},"excerpt":{"rendered":"<p>Testament Testamento Planificaci\u00f3n y Optimizaci\u00f3n Patrimonial de sus Bienes en Espa\u00f1a Como propietario extranjero en Espa\u00f1a, las complejidades de las leyes nacionales e internacionales sobre herencias entran en juego al momento de su fallecimiento. VanguardLaw est\u00e1 lista para brindarle asesor\u00eda y asistencia experta en la realizaci\u00f3n de su plan patrimonial de manera fiscalmente eficiente, asegurando que sus herederos enfrenten la menor carga fiscal posible sobre sus bienes. Soluciones Integrales a sus Necesidades Enfrentar tanto las adquisiciones de propiedades extranjeras como los derechos de sucesi\u00f3n implica navegar un terreno legal complejo. Es por ello que ponemos a su disposici\u00f3n nuestra completa gama de competencias legales para atender todas sus necesidades de manera integral. Aqu\u00ed le mostramos algunos ejemplos de las diferentes preguntas en las que podemos asistirle: &#8211; \u00bfCu\u00e1l es el lugar \u00f3ptimo para redactar un testamento?&#8211; \u00bfQu\u00e9 documentos son necesarios para este proceso?&#8211; \u00bfEl patrimonio inmobiliario en B\u00e9lgica o Italia debe declararse en Espa\u00f1a?&#8211; \u00bfSe aplican leyes o reglamentos diferentes a los residentes y a los no residentes?&#8211; \u00bfCu\u00e1les son las tasas impositivas y las exenciones previstas por el gobierno espa\u00f1ol?&#8211; \u00bfC\u00f3mo pueden los herederos verificar la magnitud de mi patrimonio en Espa\u00f1a?&#8211; \u00bfCu\u00e1les son los procedimientos para presentar una declaraci\u00f3n de sucesi\u00f3n en Espa\u00f1a?&#8211; \u00bfCu\u00e1l es el plazo m\u00e1ximo para presentar una declaraci\u00f3n de sucesi\u00f3n en Espa\u00f1a?&#8211; \u00bfCu\u00e1l es el per\u00edodo de prescripci\u00f3n de los impuestos de sucesi\u00f3n en Espa\u00f1a?&#8211; \u00bfQu\u00e9 papel desempe\u00f1an el notario y la oficina de registro espa\u00f1ola en este proceso? Al acudir a nuestro equipo de expertos, tendr\u00e1 acceso a un amplio conjunto de competencias legales dirigidas a optimizar su estrategia de planificaci\u00f3n patrimonial y a minimizar las responsabilidades fiscales, asegurando una transferencia fluida y eficiente de sus bienes a los beneficiarios elegidos, conforme a la legislaci\u00f3n espa\u00f1ola. VANGUARD LAW ASSOCIATES Contact us Perm\u00edtenos en Vanguard Law Associates encargarnos de tus asuntos legales. Contact us<\/p>\n","protected":false},"author":1,"featured_media":0,"parent":0,"menu_order":0,"comment_status":"closed","ping_status":"closed","template":"","meta":{"site-sidebar-layout":"no-sidebar","site-content-layout":"","ast-site-content-layout":"full-width-container","site-content-style":"default","site-sidebar-style":"default","ast-global-header-display":"","ast-banner-title-visibility":"","ast-main-header-display":"","ast-hfb-above-header-display":"","ast-hfb-below-header-display":"","ast-hfb-mobile-header-display":"","site-post-title":"disabled","ast-breadcrumbs-content":"","ast-featured-img":"disabled","footer-sml-layout":"","theme-transparent-header-meta":"default","adv-header-id-meta":"","stick-header-meta":"","header-above-stick-meta":"","header-main-stick-meta":"","header-below-stick-meta":"","astra-migrate-meta-layouts":"default","ast-page-background-enabled":"default","ast-page-background-meta":{"desktop":{"background-color":"var(--ast-global-color-4)","background-image":"","background-repeat":"repeat","background-position":"center center","background-size":"auto","background-attachment":"scroll","background-type":"","background-media":"","overlay-type":"","overlay-color":"","overlay-opacity":"","overlay-gradient":""},"tablet":{"background-color":"","background-image":"","background-repeat":"repeat","background-position":"center center","background-size":"auto","background-attachment":"scroll","background-type":"","background-media":"","overlay-type":"","overlay-color":"","overlay-opacity":"","overlay-gradient":""},"mobile":{"background-color":"","background-image":"","background-repeat":"repeat","background-position":"center center","background-size":"auto","background-attachment":"scroll","background-type":"","background-media":"","overlay-type":"","overlay-color":"","overlay-opacity":"","overlay-gradient":""}},"ast-content-background-meta":{"desktop":{"background-color":"var(--ast-global-color-5)","background-image":"","background-repeat":"repeat","background-position":"center center","background-size":"auto","background-attachment":"scroll","background-type":"","background-media":"","overlay-type":"","overlay-color":"","overlay-opacity":"","overlay-gradient":""},"tablet":{"background-color":"var(--ast-global-color-5)","background-image":"","background-repeat":"repeat","background-position":"center center","background-size":"auto","background-attachment":"scroll","background-type":"","background-media":"","overlay-type":"","overlay-color":"","overlay-opacity":"","overlay-gradient":""},"mobile":{"background-color":"var(--ast-global-color-5)","background-image":"","background-repeat":"repeat","background-position":"center center","background-size":"auto","background-attachment":"scroll","background-type":"","background-media":"","overlay-type":"","overlay-color":"","overlay-opacity":"","overlay-gradient":""}},"footnotes":""},"class_list":["post-2448","page","type-page","status-publish","hentry"],"_links":{"self":[{"href":"https:\/\/vanguardlaw.es\/es\/wp-json\/wp\/v2\/pages\/2448","targetHints":{"allow":["GET"]}}],"collection":[{"href":"https:\/\/vanguardlaw.es\/es\/wp-json\/wp\/v2\/pages"}],"about":[{"href":"https:\/\/vanguardlaw.es\/es\/wp-json\/wp\/v2\/types\/page"}],"author":[{"embeddable":true,"href":"https:\/\/vanguardlaw.es\/es\/wp-json\/wp\/v2\/users\/1"}],"replies":[{"embeddable":true,"href":"https:\/\/vanguardlaw.es\/es\/wp-json\/wp\/v2\/comments?post=2448"}],"version-history":[{"count":7,"href":"https:\/\/vanguardlaw.es\/es\/wp-json\/wp\/v2\/pages\/2448\/revisions"}],"predecessor-version":[{"id":2833,"href":"https:\/\/vanguardlaw.es\/es\/wp-json\/wp\/v2\/pages\/2448\/revisions\/2833"}],"wp:attachment":[{"href":"https:\/\/vanguardlaw.es\/es\/wp-json\/wp\/v2\/media?parent=2448"}],"curies":[{"name":"wp","href":"https:\/\/api.w.org\/{rel}","templated":true}]}}