{"id":2460,"date":"2024-07-29T14:22:53","date_gmt":"2024-07-29T14:22:53","guid":{"rendered":"https:\/\/vanguardlaw.es\/testament\/"},"modified":"2024-08-18T06:40:09","modified_gmt":"2024-08-18T06:40:09","slug":"testament","status":"publish","type":"page","link":"https:\/\/vanguardlaw.es\/de\/testament\/","title":{"rendered":"Testament"},"content":{"rendered":"\t\t<div data-elementor-type=\"wp-page\" data-elementor-id=\"2460\" class=\"elementor elementor-2460 elementor-1023\" data-elementor-post-type=\"page\">\n\t\t\t\t<div class=\"elementor-element elementor-element-63585619 e-flex e-con-boxed wpr-particle-no wpr-jarallax-no wpr-parallax-no wpr-sticky-section-no wpr-column-slider-no wpr-equal-height-no e-con e-parent\" data-id=\"63585619\" data-element_type=\"container\" data-e-type=\"container\" data-settings=\"{&quot;background_background&quot;:&quot;classic&quot;}\">\n\t\t\t\t\t<div class=\"e-con-inner\">\n\t\t\t\t<div class=\"elementor-element elementor-element-617aa38c elementor-hidden-desktop elementor-hidden-tablet elementor-hidden-mobile elementor-widget elementor-widget-heading\" data-id=\"617aa38c\" data-element_type=\"widget\" data-e-type=\"widget\" data-widget_type=\"heading.default\">\n\t\t\t\t<div class=\"elementor-widget-container\">\n\t\t\t\t\t<h2 class=\"elementor-heading-title elementor-size-default\">Testament<\/h2>\t\t\t\t<\/div>\n\t\t\t\t<\/div>\n\t\t\t\t\t<\/div>\n\t\t\t\t<\/div>\n\t\t\t\t<section class=\"elementor-section elementor-top-section elementor-element elementor-element-5168b513 elementor-section-full_width elementor-section-height-default elementor-section-height-default wpr-particle-no wpr-jarallax-no wpr-parallax-no wpr-sticky-section-no wpr-column-slider-no wpr-equal-height-no\" data-id=\"5168b513\" data-element_type=\"section\" data-e-type=\"section\" data-settings=\"{&quot;background_background&quot;:&quot;classic&quot;}\">\n\t\t\t\t\t\t<div class=\"elementor-container elementor-column-gap-default\">\n\t\t\t\t\t<div class=\"elementor-column elementor-col-100 elementor-top-column elementor-element elementor-element-70f2de2b\" data-id=\"70f2de2b\" data-element_type=\"column\" data-e-type=\"column\">\n\t\t\t<div class=\"elementor-widget-wrap elementor-element-populated\">\n\t\t\t\t\t\t<section class=\"elementor-section elementor-inner-section elementor-element elementor-element-195ee9ba elementor-section-boxed elementor-section-height-default elementor-section-height-default wpr-particle-no wpr-jarallax-no wpr-parallax-no wpr-sticky-section-no wpr-column-slider-no wpr-equal-height-no\" data-id=\"195ee9ba\" data-element_type=\"section\" data-e-type=\"section\" data-settings=\"{&quot;background_background&quot;:&quot;classic&quot;}\">\n\t\t\t\t\t\t<div class=\"elementor-container elementor-column-gap-default\">\n\t\t\t\t\t<div class=\"elementor-column elementor-col-100 elementor-inner-column elementor-element elementor-element-74a92205\" data-id=\"74a92205\" data-element_type=\"column\" data-e-type=\"column\">\n\t\t\t<div class=\"elementor-widget-wrap elementor-element-populated\">\n\t\t\t\t\t\t<div class=\"elementor-element elementor-element-d80215c elementor-widget elementor-widget-heading\" data-id=\"d80215c\" data-element_type=\"widget\" data-e-type=\"widget\" data-widget_type=\"heading.default\">\n\t\t\t\t<div class=\"elementor-widget-container\">\n\t\t\t\t\t<h2 class=\"elementor-heading-title elementor-size-default\">Testament <\/h2>\t\t\t\t<\/div>\n\t\t\t\t<\/div>\n\t\t\t\t<div class=\"elementor-element elementor-element-1638226c elementor-widget elementor-widget-text-editor\" data-id=\"1638226c\" data-element_type=\"widget\" data-e-type=\"widget\" data-widget_type=\"text-editor.default\">\n\t\t\t\t<div class=\"elementor-widget-container\">\n\t\t\t\t\t\t\t\t\t<p><strong>Erstellung eines Nachlassplans in Spanien: Ist das notwendig?<\/strong><\/p><p>Nachlassplanung und Optimierung Ihrer Verm\u00f6genswerte in Spanien<\/p><p>Als ausl\u00e4ndischer Immobilienbesitzer in Spanien treten nach Ihrem Tod die Komplexit\u00e4ten nationaler und internationaler Erbschaftsgesetze in Kraft. VanguardLaw steht bereit, Ihnen fachkundige Beratung und Unterst\u00fctzung bei der Erstellung Ihres Nachlassplans in steuerlich g\u00fcnstiger Weise zu bieten, um sicherzustellen, dass Ihre Erben die geringstm\u00f6gliche Steuerlast auf Ihre Verm\u00f6genswerte tragen.<\/p><p><strong>Umfassende L\u00f6sungen f\u00fcr Ihre Fragen<\/strong><\/p><p>Die Navigation durch ausl\u00e4ndische Immobilienerwerbungen und Erbrecht erfordert die Bew\u00e4ltigung komplexer rechtlicher Herausforderungen. Daher bieten wir Ihnen unsere gesamte juristische Expertise an, um all Ihre Fragen umfassend zu beantworten. Hier sind nur einige Beispiele f\u00fcr die vielf\u00e4ltigen Fragen, bei denen wir Ihnen behilflich sein k\u00f6nnen:<\/p><p>&#8211; Wo ist der optimale Ort, um ein Testament zu erstellen?<br \/>&#8211; Welche Dokumente sind f\u00fcr diesen Prozess erforderlich?<br \/>&#8211; M\u00fcssen Immobilienbesitz in Deutschland in Spanien deklariert werden?<br \/>&#8211; Gelten unterschiedliche Gesetze oder Vorschriften f\u00fcr Residenten und Nicht-Residenten?<br \/>&#8211; Welche Steuers\u00e4tze und Freibetr\u00e4ge gelten nach spanischem Recht?<br \/>&#8211; Wie k\u00f6nnen Erben den Umfang meiner Verm\u00f6genswerte in Spanien feststellen?<br \/>&#8211; Wie lauten die Verfahren zur Einreichung einer Erbschaftserkl\u00e4rung in Spanien?<br \/>&#8211; Bis wann muss eine Erbschaftserkl\u00e4rung in Spanien eingereicht werden?<br \/>&#8211; Wie lange ist die Verj\u00e4hrungsfrist f\u00fcr Erbschaftsteuern in Spanien?<br \/>&#8211; Welche Rolle spielen der spanische Notar und das Registeramt in diesem Prozess?<\/p><p>Durch die Zusammenarbeit mit VanguardLaw erhalten Sie Zugang zu umfassender juristischer Expertise, um Ihre Nachlassplanung zu optimieren und Steuerverpflichtungen zu minimieren. Dies gew\u00e4hrleistet eine reibungslose und effiziente \u00dcbertragung Ihrer Verm\u00f6genswerte an Ihre ausgew\u00e4hlten Beg\u00fcnstigten gem\u00e4\u00df spanischem Recht.<\/p>\t\t\t\t\t\t\t\t<\/div>\n\t\t\t\t<\/div>\n\t\t\t\t\t<\/div>\n\t\t<\/div>\n\t\t\t\t\t<\/div>\n\t\t<\/section>\n\t\t\t\t\t<\/div>\n\t\t<\/div>\n\t\t\t\t\t<\/div>\n\t\t<\/section>\n\t\t\t\t<section class=\"elementor-section elementor-top-section elementor-element elementor-element-bbc9b52 elementor-section-content-middle elementor-section-height-min-height elementor-section-boxed elementor-section-height-default elementor-section-items-middle wpr-particle-no wpr-jarallax-no wpr-parallax-no wpr-sticky-section-no wpr-column-slider-no wpr-equal-height-no\" data-id=\"bbc9b52\" data-element_type=\"section\" data-e-type=\"section\" data-settings=\"{&quot;background_background&quot;:&quot;classic&quot;}\">\n\t\t\t\t\t\t\t<div class=\"elementor-background-overlay\"><\/div>\n\t\t\t\t\t\t\t<div class=\"elementor-container elementor-column-gap-default\">\n\t\t\t\t\t<div class=\"elementor-column elementor-col-33 elementor-top-column elementor-element elementor-element-2a1cc45\" data-id=\"2a1cc45\" data-element_type=\"column\" data-e-type=\"column\">\n\t\t\t<div class=\"elementor-widget-wrap\">\n\t\t\t\t\t\t\t<\/div>\n\t\t<\/div>\n\t\t\t\t<div class=\"elementor-column elementor-col-33 elementor-top-column elementor-element elementor-element-943ed40\" data-id=\"943ed40\" data-element_type=\"column\" data-e-type=\"column\">\n\t\t\t<div class=\"elementor-widget-wrap elementor-element-populated\">\n\t\t\t\t\t\t<div class=\"elementor-element elementor-element-96a5ba5 elementor-hidden-desktop elementor-hidden-tablet elementor-hidden-mobile elementor-widget elementor-widget-heading\" data-id=\"96a5ba5\" data-element_type=\"widget\" data-e-type=\"widget\" data-widget_type=\"heading.default\">\n\t\t\t\t<div class=\"elementor-widget-container\">\n\t\t\t\t\t<h2 class=\"elementor-heading-title elementor-size-default\">VANGUARD LAW ASSOCIATES <\/h2>\t\t\t\t<\/div>\n\t\t\t\t<\/div>\n\t\t\t\t<div class=\"elementor-element elementor-element-35ed8c6 elementor-hidden-desktop elementor-hidden-tablet elementor-hidden-mobile elementor-widget elementor-widget-heading\" data-id=\"35ed8c6\" data-element_type=\"widget\" data-e-type=\"widget\" data-widget_type=\"heading.default\">\n\t\t\t\t<div class=\"elementor-widget-container\">\n\t\t\t\t\t<h2 class=\"elementor-heading-title elementor-size-default\">Contact us <\/h2>\t\t\t\t<\/div>\n\t\t\t\t<\/div>\n\t\t\t\t<div class=\"elementor-element elementor-element-4d6fe5d elementor-widget elementor-widget-text-editor\" data-id=\"4d6fe5d\" data-element_type=\"widget\" data-e-type=\"widget\" data-widget_type=\"text-editor.default\">\n\t\t\t\t<div class=\"elementor-widget-container\">\n\t\t\t\t\t\t\t\t\t<h3 class=\"elementor-heading-title elementor-size-default\">Lassen Sie Vanguard Law Associates sich um Ihre rechtlichen Angelegenheiten k\u00fcmmern.<\/h3>\t\t\t\t\t\t\t\t<\/div>\n\t\t\t\t<\/div>\n\t\t\t\t<div class=\"elementor-element elementor-element-4431707 elementor-align-center elementor-widget elementor-widget-button\" data-id=\"4431707\" data-element_type=\"widget\" data-e-type=\"widget\" data-widget_type=\"button.default\">\n\t\t\t\t<div class=\"elementor-widget-container\">\n\t\t\t\t\t\t\t\t\t<div class=\"elementor-button-wrapper\">\n\t\t\t\t\t<a class=\"elementor-button elementor-button-link elementor-size-sm\" href=\"https:\/\/vanguardlaw.es\/de\/contact-us\/\">\n\t\t\t\t\t\t<span class=\"elementor-button-content-wrapper\">\n\t\t\t\t\t\t\t\t\t<span class=\"elementor-button-text\">Contact us<\/span>\n\t\t\t\t\t<\/span>\n\t\t\t\t\t<\/a>\n\t\t\t\t<\/div>\n\t\t\t\t\t\t\t\t<\/div>\n\t\t\t\t<\/div>\n\t\t\t\t\t<\/div>\n\t\t<\/div>\n\t\t\t\t<div class=\"elementor-column elementor-col-33 elementor-top-column elementor-element elementor-element-0765de1\" data-id=\"0765de1\" data-element_type=\"column\" data-e-type=\"column\">\n\t\t\t<div class=\"elementor-widget-wrap\">\n\t\t\t\t\t\t\t<\/div>\n\t\t<\/div>\n\t\t\t\t\t<\/div>\n\t\t<\/section>\n\t\t\t\t<\/div>\n\t\t","protected":false},"excerpt":{"rendered":"<p>Testament Testament Erstellung eines Nachlassplans in Spanien: Ist das notwendig? Nachlassplanung und Optimierung Ihrer Verm\u00f6genswerte in Spanien Als ausl\u00e4ndischer Immobilienbesitzer in Spanien treten nach Ihrem Tod die Komplexit\u00e4ten nationaler und internationaler Erbschaftsgesetze in Kraft. VanguardLaw steht bereit, Ihnen fachkundige Beratung und Unterst\u00fctzung bei der Erstellung Ihres Nachlassplans in steuerlich g\u00fcnstiger Weise zu bieten, um sicherzustellen, dass Ihre Erben die geringstm\u00f6gliche Steuerlast auf Ihre Verm\u00f6genswerte tragen. Umfassende L\u00f6sungen f\u00fcr Ihre Fragen Die Navigation durch ausl\u00e4ndische Immobilienerwerbungen und Erbrecht erfordert die Bew\u00e4ltigung komplexer rechtlicher Herausforderungen. Daher bieten wir Ihnen unsere gesamte juristische Expertise an, um all Ihre Fragen umfassend zu beantworten. Hier sind nur einige Beispiele f\u00fcr die vielf\u00e4ltigen Fragen, bei denen wir Ihnen behilflich sein k\u00f6nnen: &#8211; Wo ist der optimale Ort, um ein Testament zu erstellen?&#8211; Welche Dokumente sind f\u00fcr diesen Prozess erforderlich?&#8211; M\u00fcssen Immobilienbesitz in Deutschland in Spanien deklariert werden?&#8211; Gelten unterschiedliche Gesetze oder Vorschriften f\u00fcr Residenten und Nicht-Residenten?&#8211; Welche Steuers\u00e4tze und Freibetr\u00e4ge gelten nach spanischem Recht?&#8211; Wie k\u00f6nnen Erben den Umfang meiner Verm\u00f6genswerte in Spanien feststellen?&#8211; Wie lauten die Verfahren zur Einreichung einer Erbschaftserkl\u00e4rung in Spanien?&#8211; Bis wann muss eine Erbschaftserkl\u00e4rung in Spanien eingereicht werden?&#8211; Wie lange ist die Verj\u00e4hrungsfrist f\u00fcr Erbschaftsteuern in Spanien?&#8211; Welche Rolle spielen der spanische Notar und das Registeramt in diesem Prozess? Durch die Zusammenarbeit mit VanguardLaw erhalten Sie Zugang zu umfassender juristischer Expertise, um Ihre Nachlassplanung zu optimieren und Steuerverpflichtungen zu minimieren. Dies gew\u00e4hrleistet eine reibungslose und effiziente \u00dcbertragung Ihrer Verm\u00f6genswerte an Ihre ausgew\u00e4hlten Beg\u00fcnstigten gem\u00e4\u00df spanischem Recht. VANGUARD LAW ASSOCIATES Contact us Lassen Sie Vanguard Law Associates sich um Ihre rechtlichen Angelegenheiten k\u00fcmmern. Contact us<\/p>\n","protected":false},"author":1,"featured_media":0,"parent":0,"menu_order":0,"comment_status":"closed","ping_status":"closed","template":"","meta":{"site-sidebar-layout":"no-sidebar","site-content-layout":"","ast-site-content-layout":"full-width-container","site-content-style":"default","site-sidebar-style":"default","ast-global-header-display":"","ast-banner-title-visibility":"","ast-main-header-display":"","ast-hfb-above-header-display":"","ast-hfb-below-header-display":"","ast-hfb-mobile-header-display":"","site-post-title":"disabled","ast-breadcrumbs-content":"","ast-featured-img":"disabled","footer-sml-layout":"","theme-transparent-header-meta":"default","adv-header-id-meta":"","stick-header-meta":"","header-above-stick-meta":"","header-main-stick-meta":"","header-below-stick-meta":"","astra-migrate-meta-layouts":"default","ast-page-background-enabled":"default","ast-page-background-meta":{"desktop":{"background-color":"var(--ast-global-color-4)","background-image":"","background-repeat":"repeat","background-position":"center center","background-size":"auto","background-attachment":"scroll","background-type":"","background-media":"","overlay-type":"","overlay-color":"","overlay-opacity":"","overlay-gradient":""},"tablet":{"background-color":"","background-image":"","background-repeat":"repeat","background-position":"center center","background-size":"auto","background-attachment":"scroll","background-type":"","background-media":"","overlay-type":"","overlay-color":"","overlay-opacity":"","overlay-gradient":""},"mobile":{"background-color":"","background-image":"","background-repeat":"repeat","background-position":"center center","background-size":"auto","background-attachment":"scroll","background-type":"","background-media":"","overlay-type":"","overlay-color":"","overlay-opacity":"","overlay-gradient":""}},"ast-content-background-meta":{"desktop":{"background-color":"var(--ast-global-color-5)","background-image":"","background-repeat":"repeat","background-position":"center center","background-size":"auto","background-attachment":"scroll","background-type":"","background-media":"","overlay-type":"","overlay-color":"","overlay-opacity":"","overlay-gradient":""},"tablet":{"background-color":"var(--ast-global-color-5)","background-image":"","background-repeat":"repeat","background-position":"center center","background-size":"auto","background-attachment":"scroll","background-type":"","background-media":"","overlay-type":"","overlay-color":"","overlay-opacity":"","overlay-gradient":""},"mobile":{"background-color":"var(--ast-global-color-5)","background-image":"","background-repeat":"repeat","background-position":"center center","background-size":"auto","background-attachment":"scroll","background-type":"","background-media":"","overlay-type":"","overlay-color":"","overlay-opacity":"","overlay-gradient":""}},"footnotes":""},"class_list":["post-2460","page","type-page","status-publish","hentry"],"_links":{"self":[{"href":"https:\/\/vanguardlaw.es\/de\/wp-json\/wp\/v2\/pages\/2460","targetHints":{"allow":["GET"]}}],"collection":[{"href":"https:\/\/vanguardlaw.es\/de\/wp-json\/wp\/v2\/pages"}],"about":[{"href":"https:\/\/vanguardlaw.es\/de\/wp-json\/wp\/v2\/types\/page"}],"author":[{"embeddable":true,"href":"https:\/\/vanguardlaw.es\/de\/wp-json\/wp\/v2\/users\/1"}],"replies":[{"embeddable":true,"href":"https:\/\/vanguardlaw.es\/de\/wp-json\/wp\/v2\/comments?post=2460"}],"version-history":[{"count":4,"href":"https:\/\/vanguardlaw.es\/de\/wp-json\/wp\/v2\/pages\/2460\/revisions"}],"predecessor-version":[{"id":2895,"href":"https:\/\/vanguardlaw.es\/de\/wp-json\/wp\/v2\/pages\/2460\/revisions\/2895"}],"wp:attachment":[{"href":"https:\/\/vanguardlaw.es\/de\/wp-json\/wp\/v2\/media?parent=2460"}],"curies":[{"name":"wp","href":"https:\/\/api.w.org\/{rel}","templated":true}]}}