{"id":2423,"date":"2024-07-29T14:22:01","date_gmt":"2024-07-29T14:22:01","guid":{"rendered":"https:\/\/vanguardlaw.es\/rent-your-home\/"},"modified":"2024-08-18T06:14:31","modified_gmt":"2024-08-18T06:14:31","slug":"rent-your-home","status":"publish","type":"page","link":"https:\/\/vanguardlaw.es\/de\/rent-your-home\/","title":{"rendered":"Rent your Home"},"content":{"rendered":"\t\t<div data-elementor-type=\"wp-page\" data-elementor-id=\"2423\" class=\"elementor elementor-2423 elementor-1017\" data-elementor-post-type=\"page\">\n\t\t\t\t<div class=\"elementor-element elementor-element-2a537e83 e-flex e-con-boxed wpr-particle-no wpr-jarallax-no wpr-parallax-no wpr-sticky-section-no wpr-equal-height-no e-con e-parent\" data-id=\"2a537e83\" data-element_type=\"container\" data-e-type=\"container\" data-settings=\"{&quot;background_background&quot;:&quot;classic&quot;}\">\n\t\t\t\t\t<div class=\"e-con-inner\">\n\t\t\t\t<div class=\"elementor-element elementor-element-64ab6089 elementor-hidden-desktop elementor-hidden-tablet elementor-hidden-mobile elementor-widget elementor-widget-heading\" data-id=\"64ab6089\" data-element_type=\"widget\" data-e-type=\"widget\" data-widget_type=\"heading.default\">\n\t\t\t\t<div class=\"elementor-widget-container\">\n\t\t\t\t\t<h2 class=\"elementor-heading-title elementor-size-default\">Rent your Home<\/h2>\t\t\t\t<\/div>\n\t\t\t\t<\/div>\n\t\t\t\t\t<\/div>\n\t\t\t\t<\/div>\n\t\t\t\t<section class=\"elementor-section elementor-top-section elementor-element elementor-element-6967326d elementor-section-full_width elementor-section-height-default elementor-section-height-default wpr-particle-no wpr-jarallax-no wpr-parallax-no wpr-sticky-section-no wpr-equal-height-no\" data-id=\"6967326d\" data-element_type=\"section\" data-e-type=\"section\" data-settings=\"{&quot;background_background&quot;:&quot;classic&quot;}\">\n\t\t\t\t\t\t<div class=\"elementor-container elementor-column-gap-default\">\n\t\t\t\t\t<div class=\"elementor-column elementor-col-100 elementor-top-column elementor-element elementor-element-4851bba4\" data-id=\"4851bba4\" data-element_type=\"column\" data-e-type=\"column\">\n\t\t\t<div class=\"elementor-widget-wrap elementor-element-populated\">\n\t\t\t\t\t\t<section class=\"elementor-section elementor-inner-section elementor-element elementor-element-7dfbbafc elementor-section-boxed elementor-section-height-default elementor-section-height-default wpr-particle-no wpr-jarallax-no wpr-parallax-no wpr-sticky-section-no wpr-equal-height-no\" data-id=\"7dfbbafc\" data-element_type=\"section\" data-e-type=\"section\" data-settings=\"{&quot;background_background&quot;:&quot;classic&quot;}\">\n\t\t\t\t\t\t<div class=\"elementor-container elementor-column-gap-default\">\n\t\t\t\t\t<div class=\"elementor-column elementor-col-100 elementor-inner-column elementor-element elementor-element-6cce388\" data-id=\"6cce388\" data-element_type=\"column\" data-e-type=\"column\">\n\t\t\t<div class=\"elementor-widget-wrap elementor-element-populated\">\n\t\t\t\t\t\t<div class=\"elementor-element elementor-element-4df891a0 elementor-widget elementor-widget-heading\" data-id=\"4df891a0\" data-element_type=\"widget\" data-e-type=\"widget\" data-widget_type=\"heading.default\">\n\t\t\t\t<div class=\"elementor-widget-container\">\n\t\t\t\t\t<h2 class=\"elementor-heading-title elementor-size-default\">Miete dein Haus<\/h2>\t\t\t\t<\/div>\n\t\t\t\t<\/div>\n\t\t\t\t<div class=\"elementor-element elementor-element-7d26115 elementor-hidden-desktop elementor-hidden-tablet elementor-hidden-mobile elementor-widget elementor-widget-image\" data-id=\"7d26115\" data-element_type=\"widget\" data-e-type=\"widget\" data-widget_type=\"image.default\">\n\t\t\t\t<div class=\"elementor-widget-container\">\n\t\t\t\t\t\t\t\t\t\t\t\t\t\t\t<img fetchpriority=\"high\" decoding=\"async\" width=\"1024\" height=\"576\" src=\"https:\/\/vanguardlaw.es\/wp-content\/uploads\/2024\/07\/pic2-1-1024x576.webp\" class=\"attachment-large size-large wp-image-1142\" alt=\"\" srcset=\"https:\/\/vanguardlaw.es\/wp-content\/uploads\/2024\/07\/pic2-1-1024x576.webp 1024w, https:\/\/vanguardlaw.es\/wp-content\/uploads\/2024\/07\/pic2-1-300x169.webp 300w, https:\/\/vanguardlaw.es\/wp-content\/uploads\/2024\/07\/pic2-1-768x432.webp 768w, https:\/\/vanguardlaw.es\/wp-content\/uploads\/2024\/07\/pic2-1.webp 1080w\" sizes=\"(max-width: 1024px) 100vw, 1024px\" \/>\t\t\t\t\t\t\t\t\t\t\t\t\t\t\t<\/div>\n\t\t\t\t<\/div>\n\t\t\t\t<div class=\"elementor-element elementor-element-4c0bdd57 elementor-widget elementor-widget-text-editor\" data-id=\"4c0bdd57\" data-element_type=\"widget\" data-e-type=\"widget\" data-widget_type=\"text-editor.default\">\n\t\t\t\t<div class=\"elementor-widget-container\">\n\t\t\t\t\t\t\t\t\t<p><strong>Vermietung deines Eigentums in Spanien:<\/strong><\/p><p>Wenn du dich vor\u00fcbergehend oder dauerhaft nicht in deinem Wohnsitz in Spanien aufh\u00e4ltst, kann die Vermietung deines Eigentums finanziell lohnend sein. Mit Vanguard Law kannst du diese Unternehmung sicher in Bezug auf die rechtliche Verwaltung dieses Projekts angehen.<\/p><p><strong>Erstellung eines Mietvertrags<\/strong><\/p><p>Ein wesentlicher Bestandteil dieses Prozesses ist die Erstellung eines soliden Mietvertrags, eine Aufgabe, die von unserem Team mit akribischer Sorgfalt ausgef\u00fchrt wird. Diese Vereinbarung gew\u00e4hrleistet nicht nur Vollst\u00e4ndigkeit und Genauigkeit, sondern dient auch als wichtiger Schutz, indem sie dich vor potenziellen Problemen wie s\u00e4umigen Mietern und unerwarteten Reparaturkosten sch\u00fctzt.<\/p><p>Dar\u00fcber hinaus hast du die M\u00f6glichkeit, den Vertrag mit einem vollst\u00e4ndigen Inventar der Immobilie zu erg\u00e4nzen. Dieses detaillierte Dokument bietet eine gr\u00fcndliche Beschreibung deines Eigentums und der dazugeh\u00f6rigen M\u00f6bel, erg\u00e4nzt durch eine Reihe von Fotos, die jeden Raum und jede Ecke deines Hauses festhalten.<\/p><p><strong>Weitere Einblicke und Ratschl\u00e4ge zur Vermietung<\/strong><\/p><p>Wenn der Mietvertrag und das Inventar die h\u00f6chsten Vorbereitungsstandards erf\u00fcllen, k\u00f6nnen die folgenden zus\u00e4tzlichen Einblicke noch mehr Sicherheit bieten:<\/p><p>Einkommens\u00fcberpr\u00fcfung: Es ist ratsam, potenzielle Mieter nach einem Einkommensnachweis, wie Gehaltsabrechnungen oder anderen relevanten Unterlagen, zu fragen. Obwohl es rechtliche M\u00f6glichkeiten gibt, Mieter wegen Nichtzahlung zu k\u00fcndigen, ist es immer vorzuziehen, solche Situationen durch eine gr\u00fcndliche \u00dcberpr\u00fcfung im Vorfeld zu vermeiden.<br \/>Kaution: Obwohl es \u00fcblich ist, eine Kaution in H\u00f6he einer Monatsmiete zu hinterlegen, sind auch h\u00f6here Betr\u00e4ge zul\u00e4ssig, die zus\u00e4tzlichen Schutz vor potenziellen Sch\u00e4den oder Nichtzahlungen bieten k\u00f6nnen.<br \/>Vorauszahlung der Miete: Zur zus\u00e4tzlichen Sicherheit k\u00f6nnen Vermieter in Erw\u00e4gung ziehen, bis zu einem Monat Miete als Vorauszahlung zu verlangen, um einen zus\u00e4tzlichen Spielraum gegen unvorhergesehene Umst\u00e4nde zu haben.<br \/>Verantwortung f\u00fcr Nebenkosten: In F\u00e4llen, in denen die Immobilie f\u00fcr einen l\u00e4ngeren Zeitraum vermietet wird, kann die \u00dcbertragung der Verantwortung f\u00fcr die Zahlung der Nebenkosten, einschlie\u00dflich Wasser- und Stromverbrauch, auf den Mieter die Verwaltung vereinfachen und die finanzielle Verantwortung sicherstellen.<\/p><p>Durch die Einhaltung dieser sorgf\u00e4ltigen Richtlinien und Empfehlungen k\u00f6nnen Eigent\u00fcmer sicher durch den spanischen Mietmarkt navigieren, ihre Interessen sch\u00fctzen und die potenziellen Renditen aus ihren Immobilieninvestitionen maximieren.<\/p>\t\t\t\t\t\t\t\t<\/div>\n\t\t\t\t<\/div>\n\t\t\t\t<div class=\"elementor-element elementor-element-dfa280d elementor-hidden-desktop elementor-hidden-tablet elementor-hidden-mobile elementor-widget elementor-widget-heading\" data-id=\"dfa280d\" data-element_type=\"widget\" data-e-type=\"widget\" data-widget_type=\"heading.default\">\n\t\t\t\t<div class=\"elementor-widget-container\">\n\t\t\t\t\t<h2 class=\"elementor-heading-title elementor-size-default\">Get in contact with Vanguard Law Convinced by the approach of Vanguard Law? Tell us about your real estate plans. We will respond immediately with personalized advice and a non-binding offer.  <\/h2>\t\t\t\t<\/div>\n\t\t\t\t<\/div>\n\t\t\t\t\t<\/div>\n\t\t<\/div>\n\t\t\t\t\t<\/div>\n\t\t<\/section>\n\t\t\t\t\t<\/div>\n\t\t<\/div>\n\t\t\t\t\t<\/div>\n\t\t<\/section>\n\t\t\t\t<section class=\"elementor-section elementor-top-section elementor-element elementor-element-63ce7f5 elementor-section-content-middle elementor-section-height-min-height elementor-section-boxed elementor-section-height-default elementor-section-items-middle wpr-particle-no wpr-jarallax-no wpr-parallax-no wpr-sticky-section-no wpr-equal-height-no\" data-id=\"63ce7f5\" data-element_type=\"section\" data-e-type=\"section\" data-settings=\"{&quot;background_background&quot;:&quot;classic&quot;}\">\n\t\t\t\t\t\t\t<div class=\"elementor-background-overlay\"><\/div>\n\t\t\t\t\t\t\t<div class=\"elementor-container elementor-column-gap-default\">\n\t\t\t\t\t<div class=\"elementor-column elementor-col-33 elementor-top-column elementor-element elementor-element-b1b90e2\" data-id=\"b1b90e2\" data-element_type=\"column\" data-e-type=\"column\">\n\t\t\t<div class=\"elementor-widget-wrap\">\n\t\t\t\t\t\t\t<\/div>\n\t\t<\/div>\n\t\t\t\t<div class=\"elementor-column elementor-col-33 elementor-top-column elementor-element elementor-element-c418fe2\" data-id=\"c418fe2\" data-element_type=\"column\" data-e-type=\"column\">\n\t\t\t<div class=\"elementor-widget-wrap elementor-element-populated\">\n\t\t\t\t\t\t<div class=\"elementor-element elementor-element-524e084 elementor-hidden-desktop elementor-hidden-tablet elementor-hidden-mobile elementor-widget elementor-widget-heading\" data-id=\"524e084\" data-element_type=\"widget\" data-e-type=\"widget\" data-widget_type=\"heading.default\">\n\t\t\t\t<div class=\"elementor-widget-container\">\n\t\t\t\t\t<h2 class=\"elementor-heading-title elementor-size-default\">VANGUARD LAW ASSOCIATES <\/h2>\t\t\t\t<\/div>\n\t\t\t\t<\/div>\n\t\t\t\t<div class=\"elementor-element elementor-element-55a84f8 elementor-hidden-desktop elementor-hidden-tablet elementor-hidden-mobile elementor-widget elementor-widget-heading\" data-id=\"55a84f8\" data-element_type=\"widget\" data-e-type=\"widget\" data-widget_type=\"heading.default\">\n\t\t\t\t<div class=\"elementor-widget-container\">\n\t\t\t\t\t<h2 class=\"elementor-heading-title elementor-size-default\">Contact us <\/h2>\t\t\t\t<\/div>\n\t\t\t\t<\/div>\n\t\t\t\t<div class=\"elementor-element elementor-element-1bd4763 elementor-widget elementor-widget-text-editor\" data-id=\"1bd4763\" data-element_type=\"widget\" data-e-type=\"widget\" data-widget_type=\"text-editor.default\">\n\t\t\t\t<div class=\"elementor-widget-container\">\n\t\t\t\t\t\t\t\t\t<h3 class=\"elementor-heading-title elementor-size-default\">Lassen Sie Vanguard Law Associates sich um Ihre rechtlichen Angelegenheiten k\u00fcmmern.<\/h3>\t\t\t\t\t\t\t\t<\/div>\n\t\t\t\t<\/div>\n\t\t\t\t<div class=\"elementor-element elementor-element-e4af315 elementor-align-center elementor-widget elementor-widget-button\" data-id=\"e4af315\" data-element_type=\"widget\" data-e-type=\"widget\" data-widget_type=\"button.default\">\n\t\t\t\t<div class=\"elementor-widget-container\">\n\t\t\t\t\t\t\t\t\t<div class=\"elementor-button-wrapper\">\n\t\t\t\t\t<a class=\"elementor-button elementor-button-link elementor-size-sm\" href=\"https:\/\/vanguardlaw.es\/de\/contact-us\/\">\n\t\t\t\t\t\t<span class=\"elementor-button-content-wrapper\">\n\t\t\t\t\t\t\t\t\t<span class=\"elementor-button-text\">Contact us<\/span>\n\t\t\t\t\t<\/span>\n\t\t\t\t\t<\/a>\n\t\t\t\t<\/div>\n\t\t\t\t\t\t\t\t<\/div>\n\t\t\t\t<\/div>\n\t\t\t\t\t<\/div>\n\t\t<\/div>\n\t\t\t\t<div class=\"elementor-column elementor-col-33 elementor-top-column elementor-element elementor-element-524e395\" data-id=\"524e395\" data-element_type=\"column\" data-e-type=\"column\">\n\t\t\t<div class=\"elementor-widget-wrap\">\n\t\t\t\t\t\t\t<\/div>\n\t\t<\/div>\n\t\t\t\t\t<\/div>\n\t\t<\/section>\n\t\t\t\t<\/div>\n\t\t","protected":false},"excerpt":{"rendered":"<p>Rent your Home Miete dein Haus Vermietung deines Eigentums in Spanien: Wenn du dich vor\u00fcbergehend oder dauerhaft nicht in deinem Wohnsitz in Spanien aufh\u00e4ltst, kann die Vermietung deines Eigentums finanziell lohnend sein. Mit Vanguard Law kannst du diese Unternehmung sicher in Bezug auf die rechtliche Verwaltung dieses Projekts angehen. Erstellung eines Mietvertrags Ein wesentlicher Bestandteil dieses Prozesses ist die Erstellung eines soliden Mietvertrags, eine Aufgabe, die von unserem Team mit akribischer Sorgfalt ausgef\u00fchrt wird. Diese Vereinbarung gew\u00e4hrleistet nicht nur Vollst\u00e4ndigkeit und Genauigkeit, sondern dient auch als wichtiger Schutz, indem sie dich vor potenziellen Problemen wie s\u00e4umigen Mietern und unerwarteten Reparaturkosten sch\u00fctzt. Dar\u00fcber hinaus hast du die M\u00f6glichkeit, den Vertrag mit einem vollst\u00e4ndigen Inventar der Immobilie zu erg\u00e4nzen. Dieses detaillierte Dokument bietet eine gr\u00fcndliche Beschreibung deines Eigentums und der dazugeh\u00f6rigen M\u00f6bel, erg\u00e4nzt durch eine Reihe von Fotos, die jeden Raum und jede Ecke deines Hauses festhalten. Weitere Einblicke und Ratschl\u00e4ge zur Vermietung Wenn der Mietvertrag und das Inventar die h\u00f6chsten Vorbereitungsstandards erf\u00fcllen, k\u00f6nnen die folgenden zus\u00e4tzlichen Einblicke noch mehr Sicherheit bieten: Einkommens\u00fcberpr\u00fcfung: Es ist ratsam, potenzielle Mieter nach einem Einkommensnachweis, wie Gehaltsabrechnungen oder anderen relevanten Unterlagen, zu fragen. Obwohl es rechtliche M\u00f6glichkeiten gibt, Mieter wegen Nichtzahlung zu k\u00fcndigen, ist es immer vorzuziehen, solche Situationen durch eine gr\u00fcndliche \u00dcberpr\u00fcfung im Vorfeld zu vermeiden.Kaution: Obwohl es \u00fcblich ist, eine Kaution in H\u00f6he einer Monatsmiete zu hinterlegen, sind auch h\u00f6here Betr\u00e4ge zul\u00e4ssig, die zus\u00e4tzlichen Schutz vor potenziellen Sch\u00e4den oder Nichtzahlungen bieten k\u00f6nnen.Vorauszahlung der Miete: Zur zus\u00e4tzlichen Sicherheit k\u00f6nnen Vermieter in Erw\u00e4gung ziehen, bis zu einem Monat Miete als Vorauszahlung zu verlangen, um einen zus\u00e4tzlichen Spielraum gegen unvorhergesehene Umst\u00e4nde zu haben.Verantwortung f\u00fcr Nebenkosten: In F\u00e4llen, in denen die Immobilie f\u00fcr einen l\u00e4ngeren Zeitraum vermietet wird, kann die \u00dcbertragung der Verantwortung f\u00fcr die Zahlung der Nebenkosten, einschlie\u00dflich Wasser- und Stromverbrauch, auf den Mieter die Verwaltung vereinfachen und die finanzielle Verantwortung sicherstellen. Durch die Einhaltung dieser sorgf\u00e4ltigen Richtlinien und Empfehlungen k\u00f6nnen Eigent\u00fcmer sicher durch den spanischen Mietmarkt navigieren, ihre Interessen sch\u00fctzen und die potenziellen Renditen aus ihren Immobilieninvestitionen maximieren. Get in contact with Vanguard Law Convinced by the approach of Vanguard Law? Tell us about your real estate plans. We will respond immediately with personalized advice and a non-binding offer. VANGUARD LAW ASSOCIATES Contact us Lassen Sie Vanguard Law Associates sich um Ihre rechtlichen Angelegenheiten k\u00fcmmern. Contact us<\/p>\n","protected":false},"author":1,"featured_media":0,"parent":0,"menu_order":0,"comment_status":"closed","ping_status":"closed","template":"","meta":{"site-sidebar-layout":"no-sidebar","site-content-layout":"","ast-site-content-layout":"full-width-container","site-content-style":"default","site-sidebar-style":"default","ast-global-header-display":"","ast-banner-title-visibility":"","ast-main-header-display":"","ast-hfb-above-header-display":"","ast-hfb-below-header-display":"","ast-hfb-mobile-header-display":"","site-post-title":"disabled","ast-breadcrumbs-content":"","ast-featured-img":"disabled","footer-sml-layout":"","theme-transparent-header-meta":"default","adv-header-id-meta":"","stick-header-meta":"","header-above-stick-meta":"","header-main-stick-meta":"","header-below-stick-meta":"","astra-migrate-meta-layouts":"default","ast-page-background-enabled":"default","ast-page-background-meta":{"desktop":{"background-color":"var(--ast-global-color-4)","background-image":"","background-repeat":"repeat","background-position":"center center","background-size":"auto","background-attachment":"scroll","background-type":"","background-media":"","overlay-type":"","overlay-color":"","overlay-opacity":"","overlay-gradient":""},"tablet":{"background-color":"","background-image":"","background-repeat":"repeat","background-position":"center center","background-size":"auto","background-attachment":"scroll","background-type":"","background-media":"","overlay-type":"","overlay-color":"","overlay-opacity":"","overlay-gradient":""},"mobile":{"background-color":"","background-image":"","background-repeat":"repeat","background-position":"center center","background-size":"auto","background-attachment":"scroll","background-type":"","background-media":"","overlay-type":"","overlay-color":"","overlay-opacity":"","overlay-gradient":""}},"ast-content-background-meta":{"desktop":{"background-color":"var(--ast-global-color-5)","background-image":"","background-repeat":"repeat","background-position":"center center","background-size":"auto","background-attachment":"scroll","background-type":"","background-media":"","overlay-type":"","overlay-color":"","overlay-opacity":"","overlay-gradient":""},"tablet":{"background-color":"var(--ast-global-color-5)","background-image":"","background-repeat":"repeat","background-position":"center center","background-size":"auto","background-attachment":"scroll","background-type":"","background-media":"","overlay-type":"","overlay-color":"","overlay-opacity":"","overlay-gradient":""},"mobile":{"background-color":"var(--ast-global-color-5)","background-image":"","background-repeat":"repeat","background-position":"center center","background-size":"auto","background-attachment":"scroll","background-type":"","background-media":"","overlay-type":"","overlay-color":"","overlay-opacity":"","overlay-gradient":""}},"footnotes":""},"class_list":["post-2423","page","type-page","status-publish","hentry"],"_links":{"self":[{"href":"https:\/\/vanguardlaw.es\/de\/wp-json\/wp\/v2\/pages\/2423","targetHints":{"allow":["GET"]}}],"collection":[{"href":"https:\/\/vanguardlaw.es\/de\/wp-json\/wp\/v2\/pages"}],"about":[{"href":"https:\/\/vanguardlaw.es\/de\/wp-json\/wp\/v2\/types\/page"}],"author":[{"embeddable":true,"href":"https:\/\/vanguardlaw.es\/de\/wp-json\/wp\/v2\/users\/1"}],"replies":[{"embeddable":true,"href":"https:\/\/vanguardlaw.es\/de\/wp-json\/wp\/v2\/comments?post=2423"}],"version-history":[{"count":4,"href":"https:\/\/vanguardlaw.es\/de\/wp-json\/wp\/v2\/pages\/2423\/revisions"}],"predecessor-version":[{"id":2872,"href":"https:\/\/vanguardlaw.es\/de\/wp-json\/wp\/v2\/pages\/2423\/revisions\/2872"}],"wp:attachment":[{"href":"https:\/\/vanguardlaw.es\/de\/wp-json\/wp\/v2\/media?parent=2423"}],"curies":[{"name":"wp","href":"https:\/\/api.w.org\/{rel}","templated":true}]}}