{"id":2363,"date":"2024-07-29T14:22:35","date_gmt":"2024-07-29T14:22:35","guid":{"rendered":"https:\/\/vanguardlaw.es\/permission-for-construction\/"},"modified":"2024-08-18T06:27:03","modified_gmt":"2024-08-18T06:27:03","slug":"permission-for-construction","status":"publish","type":"page","link":"https:\/\/vanguardlaw.es\/de\/permission-for-construction\/","title":{"rendered":"Permission for Construction"},"content":{"rendered":"\t\t<div data-elementor-type=\"wp-page\" data-elementor-id=\"2363\" class=\"elementor elementor-2363 elementor-1021\" data-elementor-post-type=\"page\">\n\t\t\t\t<div class=\"elementor-element elementor-element-101ddd94 e-flex e-con-boxed wpr-particle-no wpr-jarallax-no wpr-parallax-no wpr-sticky-section-no wpr-equal-height-no e-con e-parent\" data-id=\"101ddd94\" data-element_type=\"container\" data-e-type=\"container\" data-settings=\"{&quot;background_background&quot;:&quot;classic&quot;}\">\n\t\t\t\t\t<div class=\"e-con-inner\">\n\t\t\t\t<div class=\"elementor-element elementor-element-136f3cdc elementor-hidden-desktop elementor-hidden-tablet elementor-hidden-mobile elementor-widget elementor-widget-heading\" data-id=\"136f3cdc\" data-element_type=\"widget\" data-e-type=\"widget\" data-widget_type=\"heading.default\">\n\t\t\t\t<div class=\"elementor-widget-container\">\n\t\t\t\t\t<h2 class=\"elementor-heading-title elementor-size-default\">Permission for Construction <\/h2>\t\t\t\t<\/div>\n\t\t\t\t<\/div>\n\t\t\t\t\t<\/div>\n\t\t\t\t<\/div>\n\t\t\t\t<section class=\"elementor-section elementor-top-section elementor-element elementor-element-4b61b7ae elementor-section-full_width elementor-section-height-default elementor-section-height-default wpr-particle-no wpr-jarallax-no wpr-parallax-no wpr-sticky-section-no wpr-equal-height-no\" data-id=\"4b61b7ae\" data-element_type=\"section\" data-e-type=\"section\" data-settings=\"{&quot;background_background&quot;:&quot;classic&quot;}\">\n\t\t\t\t\t\t<div class=\"elementor-container elementor-column-gap-default\">\n\t\t\t\t\t<div class=\"elementor-column elementor-col-100 elementor-top-column elementor-element elementor-element-55005332\" data-id=\"55005332\" data-element_type=\"column\" data-e-type=\"column\">\n\t\t\t<div class=\"elementor-widget-wrap elementor-element-populated\">\n\t\t\t\t\t\t<section class=\"elementor-section elementor-inner-section elementor-element elementor-element-4e240fe9 elementor-section-boxed elementor-section-height-default elementor-section-height-default wpr-particle-no wpr-jarallax-no wpr-parallax-no wpr-sticky-section-no wpr-equal-height-no\" data-id=\"4e240fe9\" data-element_type=\"section\" data-e-type=\"section\" data-settings=\"{&quot;background_background&quot;:&quot;classic&quot;}\">\n\t\t\t\t\t\t<div class=\"elementor-container elementor-column-gap-default\">\n\t\t\t\t\t<div class=\"elementor-column elementor-col-100 elementor-inner-column elementor-element elementor-element-5c48600c\" data-id=\"5c48600c\" data-element_type=\"column\" data-e-type=\"column\">\n\t\t\t<div class=\"elementor-widget-wrap elementor-element-populated\">\n\t\t\t\t\t\t<div class=\"elementor-element elementor-element-7615f021 elementor-widget elementor-widget-heading\" data-id=\"7615f021\" data-element_type=\"widget\" data-e-type=\"widget\" data-widget_type=\"heading.default\">\n\t\t\t\t<div class=\"elementor-widget-container\">\n\t\t\t\t\t<h2 class=\"elementor-heading-title elementor-size-default\">Immobilienfinanzierung<\/h2>\t\t\t\t<\/div>\n\t\t\t\t<\/div>\n\t\t\t\t<div class=\"elementor-element elementor-element-12696c60 elementor-widget elementor-widget-text-editor\" data-id=\"12696c60\" data-element_type=\"widget\" data-e-type=\"widget\" data-widget_type=\"text-editor.default\">\n\t\t\t\t<div class=\"elementor-widget-container\">\n\t\t\t\t\t\t\t\t\t<p><strong>L\u00f6sungen f\u00fcr Immobilienfinanzierung in Spanien:<\/strong><\/p><p>Im Immobiliensektor ist der Begriff der Finanzierung stets eine entscheidende Komponente. Mit unserem Expertenteam bringen wir unsere Erfahrung ein, um die Beschaffung von Krediten zu erleichtern und sicherzustellen, dass Sie auch als ausl\u00e4ndischer Investor in Spanien Zugang zu optimalen finanziellen Konditionen erhalten. VLA arbeitet heute eng mit den angesehensten Banken des Landes zusammen.<\/p><p><strong>Ein vielseitiger Finanzierungspartner<\/strong><\/p><p>Wenn Sie eine Hypothek in Spanien suchen, bieten wir Ihnen unter anderem folgende besondere Leistungen an:<\/p><p>Fachkundige Beratung in Ihrer Muttersprache: Unser Team bietet Ihnen professionelle Unterst\u00fctzung und sorgt f\u00fcr klare Kommunikation und ein tiefes Verst\u00e4ndnis der Komplexit\u00e4t, die mit der Immobilienfinanzierung verbunden ist.<br \/>Weitreichendes Netzwerk an Verbindungen und Partnerschaften: Durch unser umfangreiches Netzwerk von Kontakten und Partnern navigieren wir durch das komplexe Terrain der Finanzverhandlungen und erleichtern g\u00fcnstige Ergebnisse f\u00fcr unsere Kunden.<br \/>Fundierte Kompetenz in Finanzverhandlungen: Mit umfassender Erfahrung im Bereich der Finanzverhandlungen meistern wir die Komplexit\u00e4t, die mit der Sicherung optimaler Finanzierungsvereinbarungen verbunden ist, die auf Ihre spezifischen Bed\u00fcrfnisse und Umst\u00e4nde zugeschnitten sind.<\/p><p><strong>Bestimmung der maximalen Finanzierungsschwellen<\/strong><\/p><p>Unsere Finanzierungsl\u00f6sungen decken in der Regel bis zu 70 % des gesch\u00e4tzten Immobilienwertes ab. Wenn Sie jedoch eine h\u00f6here Finanzierungsquote anstreben, laden wir Sie ein, dies mit unserem Team zu besprechen, um ma\u00dfgeschneiderte Optionen zu erkunden, die Ihren Pr\u00e4ferenzen und finanziellen M\u00f6glichkeiten entsprechen.<\/p><p>In F\u00e4llen, in denen der endg\u00fcltige Kaufpreis unter dem gesch\u00e4tzten Wert liegt, setzen wir letzteren als Referenzpunkt f\u00fcr die Strukturierung der Finanzierungsvereinbarungen an und gew\u00e4hrleisten w\u00e4hrend des gesamten Prozesses Transparenz.<\/p><p><strong>Nachfolgend finden Sie eine \u00dcbersicht \u00fcber die von uns angebotenen Dienstleistungen:<\/strong><\/p><p>Indem Sie Ihre Immobilienfinanzierungsaktivit\u00e4ten VanguardLaw anvertrauen, erhalten Sie nicht nur Zugang zu spezialisiertem Fachwissen und lokalen Einblicken, sondern profitieren auch von einer reibungslosen administrativen Unterst\u00fctzung. Unser Dienstleistungsangebot umfasst:<\/p><p>Ausarbeitung des Hypothekenvertrags<br \/>Beratung und notarielle Vertretung<br \/>Grundbucheintrag<br \/>Eintragung der Hypothek im Register<br \/>Erleichterung der Zahlung von Grunderwerbssteuern<br \/>\u00dcberpr\u00fcfung der Notargeb\u00fchren<br \/>Koordinierung von Immobilienbewertungen<br \/>Kurz gesagt, die Zusammenarbeit mit VanguardLaw bietet Ihnen die Gewissheit, einen verl\u00e4sslichen Partner an Ihrer Seite zu haben, der den gesamten Prozess der Finanzierung und des Erwerbs begleitet und einen reibungslosen und erfolgreichen \u00dcbergang zum Immobilieneigentum in Spanien sicherstellt.<\/p>\t\t\t\t\t\t\t\t<\/div>\n\t\t\t\t<\/div>\n\t\t\t\t<div class=\"elementor-element elementor-element-1c69f96d elementor-hidden-desktop elementor-hidden-tablet elementor-hidden-mobile elementor-widget elementor-widget-heading\" data-id=\"1c69f96d\" data-element_type=\"widget\" data-e-type=\"widget\" data-widget_type=\"heading.default\">\n\t\t\t\t<div class=\"elementor-widget-container\">\n\t\t\t\t\t<h2 class=\"elementor-heading-title elementor-size-default\">Get in contact with Vanguard Law Convinced by the approach of Vanguard Law? Tell us about your real estate plans. We will respond immediately with personalized advice and a non-binding offer.  <\/h2>\t\t\t\t<\/div>\n\t\t\t\t<\/div>\n\t\t\t\t\t<\/div>\n\t\t<\/div>\n\t\t\t\t\t<\/div>\n\t\t<\/section>\n\t\t\t\t\t<\/div>\n\t\t<\/div>\n\t\t\t\t\t<\/div>\n\t\t<\/section>\n\t\t\t\t<section class=\"elementor-section elementor-top-section elementor-element elementor-element-e26d3c5 elementor-section-content-middle elementor-section-height-min-height elementor-section-boxed elementor-section-height-default elementor-section-items-middle wpr-particle-no wpr-jarallax-no wpr-parallax-no wpr-sticky-section-no wpr-equal-height-no\" data-id=\"e26d3c5\" data-element_type=\"section\" data-e-type=\"section\" data-settings=\"{&quot;background_background&quot;:&quot;classic&quot;}\">\n\t\t\t\t\t\t\t<div class=\"elementor-background-overlay\"><\/div>\n\t\t\t\t\t\t\t<div class=\"elementor-container elementor-column-gap-default\">\n\t\t\t\t\t<div class=\"elementor-column elementor-col-33 elementor-top-column elementor-element elementor-element-12284b9\" data-id=\"12284b9\" data-element_type=\"column\" data-e-type=\"column\">\n\t\t\t<div class=\"elementor-widget-wrap\">\n\t\t\t\t\t\t\t<\/div>\n\t\t<\/div>\n\t\t\t\t<div class=\"elementor-column elementor-col-33 elementor-top-column elementor-element elementor-element-9ac8bad\" data-id=\"9ac8bad\" data-element_type=\"column\" data-e-type=\"column\">\n\t\t\t<div class=\"elementor-widget-wrap elementor-element-populated\">\n\t\t\t\t\t\t<div class=\"elementor-element elementor-element-9832a62 elementor-hidden-desktop elementor-hidden-tablet elementor-hidden-mobile elementor-widget elementor-widget-heading\" data-id=\"9832a62\" data-element_type=\"widget\" data-e-type=\"widget\" data-widget_type=\"heading.default\">\n\t\t\t\t<div class=\"elementor-widget-container\">\n\t\t\t\t\t<h2 class=\"elementor-heading-title elementor-size-default\">VANGUARD LAW ASSOCIATES <\/h2>\t\t\t\t<\/div>\n\t\t\t\t<\/div>\n\t\t\t\t<div class=\"elementor-element elementor-element-4191048 elementor-hidden-desktop elementor-hidden-tablet elementor-hidden-mobile elementor-widget elementor-widget-heading\" data-id=\"4191048\" data-element_type=\"widget\" data-e-type=\"widget\" data-widget_type=\"heading.default\">\n\t\t\t\t<div class=\"elementor-widget-container\">\n\t\t\t\t\t<h2 class=\"elementor-heading-title elementor-size-default\">Contact us <\/h2>\t\t\t\t<\/div>\n\t\t\t\t<\/div>\n\t\t\t\t<div class=\"elementor-element elementor-element-70853d5 elementor-widget elementor-widget-text-editor\" data-id=\"70853d5\" data-element_type=\"widget\" data-e-type=\"widget\" data-widget_type=\"text-editor.default\">\n\t\t\t\t<div class=\"elementor-widget-container\">\n\t\t\t\t\t\t\t\t\t<h3 class=\"elementor-heading-title elementor-size-default\">Lassen Sie Vanguard Law Associates sich um Ihre rechtlichen Angelegenheiten k\u00fcmmern.<\/h3>\t\t\t\t\t\t\t\t<\/div>\n\t\t\t\t<\/div>\n\t\t\t\t<div class=\"elementor-element elementor-element-1ec97c5 elementor-align-center elementor-widget elementor-widget-button\" data-id=\"1ec97c5\" data-element_type=\"widget\" data-e-type=\"widget\" data-widget_type=\"button.default\">\n\t\t\t\t<div class=\"elementor-widget-container\">\n\t\t\t\t\t\t\t\t\t<div class=\"elementor-button-wrapper\">\n\t\t\t\t\t<a class=\"elementor-button elementor-button-link elementor-size-sm\" href=\"https:\/\/vanguardlaw.es\/de\/contact-us\/\">\n\t\t\t\t\t\t<span class=\"elementor-button-content-wrapper\">\n\t\t\t\t\t\t\t\t\t<span class=\"elementor-button-text\">Contact us<\/span>\n\t\t\t\t\t<\/span>\n\t\t\t\t\t<\/a>\n\t\t\t\t<\/div>\n\t\t\t\t\t\t\t\t<\/div>\n\t\t\t\t<\/div>\n\t\t\t\t\t<\/div>\n\t\t<\/div>\n\t\t\t\t<div class=\"elementor-column elementor-col-33 elementor-top-column elementor-element elementor-element-269c7c9\" data-id=\"269c7c9\" data-element_type=\"column\" data-e-type=\"column\">\n\t\t\t<div class=\"elementor-widget-wrap\">\n\t\t\t\t\t\t\t<\/div>\n\t\t<\/div>\n\t\t\t\t\t<\/div>\n\t\t<\/section>\n\t\t\t\t<\/div>\n\t\t","protected":false},"excerpt":{"rendered":"<p>Permission for Construction Immobilienfinanzierung L\u00f6sungen f\u00fcr Immobilienfinanzierung in Spanien: Im Immobiliensektor ist der Begriff der Finanzierung stets eine entscheidende Komponente. Mit unserem Expertenteam bringen wir unsere Erfahrung ein, um die Beschaffung von Krediten zu erleichtern und sicherzustellen, dass Sie auch als ausl\u00e4ndischer Investor in Spanien Zugang zu optimalen finanziellen Konditionen erhalten. VLA arbeitet heute eng mit den angesehensten Banken des Landes zusammen. Ein vielseitiger Finanzierungspartner Wenn Sie eine Hypothek in Spanien suchen, bieten wir Ihnen unter anderem folgende besondere Leistungen an: Fachkundige Beratung in Ihrer Muttersprache: Unser Team bietet Ihnen professionelle Unterst\u00fctzung und sorgt f\u00fcr klare Kommunikation und ein tiefes Verst\u00e4ndnis der Komplexit\u00e4t, die mit der Immobilienfinanzierung verbunden ist.Weitreichendes Netzwerk an Verbindungen und Partnerschaften: Durch unser umfangreiches Netzwerk von Kontakten und Partnern navigieren wir durch das komplexe Terrain der Finanzverhandlungen und erleichtern g\u00fcnstige Ergebnisse f\u00fcr unsere Kunden.Fundierte Kompetenz in Finanzverhandlungen: Mit umfassender Erfahrung im Bereich der Finanzverhandlungen meistern wir die Komplexit\u00e4t, die mit der Sicherung optimaler Finanzierungsvereinbarungen verbunden ist, die auf Ihre spezifischen Bed\u00fcrfnisse und Umst\u00e4nde zugeschnitten sind. Bestimmung der maximalen Finanzierungsschwellen Unsere Finanzierungsl\u00f6sungen decken in der Regel bis zu 70 % des gesch\u00e4tzten Immobilienwertes ab. Wenn Sie jedoch eine h\u00f6here Finanzierungsquote anstreben, laden wir Sie ein, dies mit unserem Team zu besprechen, um ma\u00dfgeschneiderte Optionen zu erkunden, die Ihren Pr\u00e4ferenzen und finanziellen M\u00f6glichkeiten entsprechen. In F\u00e4llen, in denen der endg\u00fcltige Kaufpreis unter dem gesch\u00e4tzten Wert liegt, setzen wir letzteren als Referenzpunkt f\u00fcr die Strukturierung der Finanzierungsvereinbarungen an und gew\u00e4hrleisten w\u00e4hrend des gesamten Prozesses Transparenz. Nachfolgend finden Sie eine \u00dcbersicht \u00fcber die von uns angebotenen Dienstleistungen: Indem Sie Ihre Immobilienfinanzierungsaktivit\u00e4ten VanguardLaw anvertrauen, erhalten Sie nicht nur Zugang zu spezialisiertem Fachwissen und lokalen Einblicken, sondern profitieren auch von einer reibungslosen administrativen Unterst\u00fctzung. Unser Dienstleistungsangebot umfasst: Ausarbeitung des HypothekenvertragsBeratung und notarielle VertretungGrundbucheintragEintragung der Hypothek im RegisterErleichterung der Zahlung von Grunderwerbssteuern\u00dcberpr\u00fcfung der Notargeb\u00fchrenKoordinierung von ImmobilienbewertungenKurz gesagt, die Zusammenarbeit mit VanguardLaw bietet Ihnen die Gewissheit, einen verl\u00e4sslichen Partner an Ihrer Seite zu haben, der den gesamten Prozess der Finanzierung und des Erwerbs begleitet und einen reibungslosen und erfolgreichen \u00dcbergang zum Immobilieneigentum in Spanien sicherstellt. Get in contact with Vanguard Law Convinced by the approach of Vanguard Law? Tell us about your real estate plans. We will respond immediately with personalized advice and a non-binding offer. VANGUARD LAW ASSOCIATES Contact us Lassen Sie Vanguard Law Associates sich um Ihre rechtlichen Angelegenheiten k\u00fcmmern. Contact us<\/p>\n","protected":false},"author":1,"featured_media":0,"parent":0,"menu_order":0,"comment_status":"closed","ping_status":"closed","template":"","meta":{"site-sidebar-layout":"no-sidebar","site-content-layout":"","ast-site-content-layout":"full-width-container","site-content-style":"default","site-sidebar-style":"default","ast-global-header-display":"","ast-banner-title-visibility":"","ast-main-header-display":"","ast-hfb-above-header-display":"","ast-hfb-below-header-display":"","ast-hfb-mobile-header-display":"","site-post-title":"disabled","ast-breadcrumbs-content":"","ast-featured-img":"disabled","footer-sml-layout":"","theme-transparent-header-meta":"default","adv-header-id-meta":"","stick-header-meta":"","header-above-stick-meta":"","header-main-stick-meta":"","header-below-stick-meta":"","astra-migrate-meta-layouts":"default","ast-page-background-enabled":"default","ast-page-background-meta":{"desktop":{"background-color":"var(--ast-global-color-4)","background-image":"","background-repeat":"repeat","background-position":"center center","background-size":"auto","background-attachment":"scroll","background-type":"","background-media":"","overlay-type":"","overlay-color":"","overlay-opacity":"","overlay-gradient":""},"tablet":{"background-color":"","background-image":"","background-repeat":"repeat","background-position":"center center","background-size":"auto","background-attachment":"scroll","background-type":"","background-media":"","overlay-type":"","overlay-color":"","overlay-opacity":"","overlay-gradient":""},"mobile":{"background-color":"","background-image":"","background-repeat":"repeat","background-position":"center center","background-size":"auto","background-attachment":"scroll","background-type":"","background-media":"","overlay-type":"","overlay-color":"","overlay-opacity":"","overlay-gradient":""}},"ast-content-background-meta":{"desktop":{"background-color":"var(--ast-global-color-5)","background-image":"","background-repeat":"repeat","background-position":"center center","background-size":"auto","background-attachment":"scroll","background-type":"","background-media":"","overlay-type":"","overlay-color":"","overlay-opacity":"","overlay-gradient":""},"tablet":{"background-color":"var(--ast-global-color-5)","background-image":"","background-repeat":"repeat","background-position":"center center","background-size":"auto","background-attachment":"scroll","background-type":"","background-media":"","overlay-type":"","overlay-color":"","overlay-opacity":"","overlay-gradient":""},"mobile":{"background-color":"var(--ast-global-color-5)","background-image":"","background-repeat":"repeat","background-position":"center center","background-size":"auto","background-attachment":"scroll","background-type":"","background-media":"","overlay-type":"","overlay-color":"","overlay-opacity":"","overlay-gradient":""}},"footnotes":""},"class_list":["post-2363","page","type-page","status-publish","hentry"],"_links":{"self":[{"href":"https:\/\/vanguardlaw.es\/de\/wp-json\/wp\/v2\/pages\/2363","targetHints":{"allow":["GET"]}}],"collection":[{"href":"https:\/\/vanguardlaw.es\/de\/wp-json\/wp\/v2\/pages"}],"about":[{"href":"https:\/\/vanguardlaw.es\/de\/wp-json\/wp\/v2\/types\/page"}],"author":[{"embeddable":true,"href":"https:\/\/vanguardlaw.es\/de\/wp-json\/wp\/v2\/users\/1"}],"replies":[{"embeddable":true,"href":"https:\/\/vanguardlaw.es\/de\/wp-json\/wp\/v2\/comments?post=2363"}],"version-history":[{"count":4,"href":"https:\/\/vanguardlaw.es\/de\/wp-json\/wp\/v2\/pages\/2363\/revisions"}],"predecessor-version":[{"id":2880,"href":"https:\/\/vanguardlaw.es\/de\/wp-json\/wp\/v2\/pages\/2363\/revisions\/2880"}],"wp:attachment":[{"href":"https:\/\/vanguardlaw.es\/de\/wp-json\/wp\/v2\/media?parent=2363"}],"curies":[{"name":"wp","href":"https:\/\/api.w.org\/{rel}","templated":true}]}}