{"id":2414,"date":"2024-07-29T14:22:01","date_gmt":"2024-07-29T14:22:01","guid":{"rendered":"https:\/\/vanguardlaw.es\/rent-your-home\/"},"modified":"2024-09-08T07:41:02","modified_gmt":"2024-09-08T07:41:02","slug":"rent-your-home","status":"publish","type":"page","link":"https:\/\/vanguardlaw.es\/da\/rent-your-home\/","title":{"rendered":"Rent your Home"},"content":{"rendered":"\t\t<div data-elementor-type=\"wp-page\" data-elementor-id=\"2414\" class=\"elementor elementor-2414 elementor-1017\" data-elementor-post-type=\"page\">\n\t\t\t\t<div class=\"elementor-element elementor-element-2a537e83 e-flex e-con-boxed wpr-particle-no wpr-jarallax-no wpr-parallax-no wpr-sticky-section-no wpr-equal-height-no e-con e-parent\" data-id=\"2a537e83\" data-element_type=\"container\" data-e-type=\"container\" data-settings=\"{&quot;background_background&quot;:&quot;classic&quot;}\">\n\t\t\t\t\t<div class=\"e-con-inner\">\n\t\t\t\t<div class=\"elementor-element elementor-element-64ab6089 elementor-hidden-desktop elementor-hidden-tablet elementor-hidden-mobile elementor-widget elementor-widget-heading\" data-id=\"64ab6089\" data-element_type=\"widget\" data-e-type=\"widget\" data-widget_type=\"heading.default\">\n\t\t\t\t<div class=\"elementor-widget-container\">\n\t\t\t\t\t<h2 class=\"elementor-heading-title elementor-size-default\">Rent your Home<\/h2>\t\t\t\t<\/div>\n\t\t\t\t<\/div>\n\t\t\t\t\t<\/div>\n\t\t\t\t<\/div>\n\t\t\t\t<section class=\"elementor-section elementor-top-section elementor-element elementor-element-6967326d elementor-section-full_width elementor-section-height-default elementor-section-height-default wpr-particle-no wpr-jarallax-no wpr-parallax-no wpr-sticky-section-no wpr-equal-height-no\" data-id=\"6967326d\" data-element_type=\"section\" data-e-type=\"section\" data-settings=\"{&quot;background_background&quot;:&quot;classic&quot;}\">\n\t\t\t\t\t\t<div class=\"elementor-container elementor-column-gap-default\">\n\t\t\t\t\t<div class=\"elementor-column elementor-col-100 elementor-top-column elementor-element elementor-element-4851bba4\" data-id=\"4851bba4\" data-element_type=\"column\" data-e-type=\"column\">\n\t\t\t<div class=\"elementor-widget-wrap elementor-element-populated\">\n\t\t\t\t\t\t<section class=\"elementor-section elementor-inner-section elementor-element elementor-element-7dfbbafc elementor-section-boxed elementor-section-height-default elementor-section-height-default wpr-particle-no wpr-jarallax-no wpr-parallax-no wpr-sticky-section-no wpr-equal-height-no\" data-id=\"7dfbbafc\" data-element_type=\"section\" data-e-type=\"section\" data-settings=\"{&quot;background_background&quot;:&quot;classic&quot;}\">\n\t\t\t\t\t\t<div class=\"elementor-container elementor-column-gap-default\">\n\t\t\t\t\t<div class=\"elementor-column elementor-col-100 elementor-inner-column elementor-element elementor-element-6cce388\" data-id=\"6cce388\" data-element_type=\"column\" data-e-type=\"column\">\n\t\t\t<div class=\"elementor-widget-wrap elementor-element-populated\">\n\t\t\t\t\t\t<div class=\"elementor-element elementor-element-4df891a0 elementor-widget elementor-widget-heading\" data-id=\"4df891a0\" data-element_type=\"widget\" data-e-type=\"widget\" data-widget_type=\"heading.default\">\n\t\t\t\t<div class=\"elementor-widget-container\">\n\t\t\t\t\t<h2 class=\"elementor-heading-title elementor-size-default\">Udlejning af Din Ejendom<\/h2>\t\t\t\t<\/div>\n\t\t\t\t<\/div>\n\t\t\t\t<div class=\"elementor-element elementor-element-7d26115 elementor-hidden-desktop elementor-hidden-tablet elementor-hidden-mobile elementor-widget elementor-widget-image\" data-id=\"7d26115\" data-element_type=\"widget\" data-e-type=\"widget\" data-widget_type=\"image.default\">\n\t\t\t\t<div class=\"elementor-widget-container\">\n\t\t\t\t\t\t\t\t\t\t\t\t\t\t\t<img fetchpriority=\"high\" decoding=\"async\" width=\"1024\" height=\"576\" src=\"https:\/\/vanguardlaw.es\/wp-content\/uploads\/2024\/07\/pic2-1-1024x576.webp\" class=\"attachment-large size-large wp-image-1142\" alt=\"\" srcset=\"https:\/\/vanguardlaw.es\/wp-content\/uploads\/2024\/07\/pic2-1-1024x576.webp 1024w, https:\/\/vanguardlaw.es\/wp-content\/uploads\/2024\/07\/pic2-1-300x169.webp 300w, https:\/\/vanguardlaw.es\/wp-content\/uploads\/2024\/07\/pic2-1-768x432.webp 768w, https:\/\/vanguardlaw.es\/wp-content\/uploads\/2024\/07\/pic2-1.webp 1080w\" sizes=\"(max-width: 1024px) 100vw, 1024px\" \/>\t\t\t\t\t\t\t\t\t\t\t\t\t\t\t<\/div>\n\t\t\t\t<\/div>\n\t\t\t\t<div class=\"elementor-element elementor-element-4c0bdd57 elementor-widget elementor-widget-text-editor\" data-id=\"4c0bdd57\" data-element_type=\"widget\" data-e-type=\"widget\" data-widget_type=\"text-editor.default\">\n\t\t\t\t<div class=\"elementor-widget-container\">\n\t\t\t\t\t\t\t\t\t<p><strong>At Udleje Din Ejendom i Spanien:<\/strong><\/p><p>Hvis du midlertidigt eller permanent er frav\u00e6rende fra din bolig i Spanien, kan det v\u00e6re b\u00e5de \u00f8konomisk fordelagtigt og strategisk at udleje den for at reducere risikoen ved, at ejendommen st\u00e5r tom. Ved at samarbejde med Vanguard Law sikrer du, at du er grundigt forberedt til den kommende udlejning.<\/p><p><strong>Opret en Vandt\u00e6t Lejekontrakt<\/strong><\/p><p>Kernen i denne proces er at skabe en robust lejekontrakt, en opgave, som vores team h\u00e5ndterer med stor omhu. Denne kontrakt sikrer ikke kun, at alt er fuldst\u00e6ndigt og korrekt, men fungerer ogs\u00e5 som en vigtig beskyttelse, der sk\u00e6rmer dig mod potentielle problemer som lejers betalingsproblemer og uventede reparationsomkostninger.<\/p><p>Derudover har du mulighed for at supplere kontrakten med en omfattende inventarliste over ejendommen. Dette detaljerede dokument giver en grundig beskrivelse af din ejendom og eventuelle medf\u00f8lgende m\u00f8bler, suppleret med en serie fotografier, der fanger hvert rum og hj\u00f8rne af dit hjem.<\/p><p><strong>Yderligere Udlejningstips og Anbefalinger<\/strong><\/p><p>Hvis din lejekontrakt og inventarliste holder h\u00f8jeste standard, kan f\u00f8lgende supplerende indsigter give endnu st\u00f8rre ro i sindet:<\/p><ul><li><p><strong>Indkomstverificering:<\/strong> Det anbefales at anmode om bevis for indkomst, s\u00e5som l\u00f8nsedler eller anden relevant dokumentation, fra potentielle lejere. Selvom der er juridiske foranstaltninger til at uds\u00e6tte lejere ved manglende betaling, er det altid at foretr\u00e6kke at forebygge s\u00e5danne situationer gennem grundig screening.<\/p><\/li><li><p><strong>Depositum:<\/strong> Mens et depositum svarende til en m\u00e5neds husleje er almindeligt, er h\u00f8jere bel\u00f8b ogs\u00e5 tilladt og kan give en \u00f8get beskyttelse mod potentielle skader eller manglende betaling.<\/p><\/li><li><p><strong>Forudbetalinger:<\/strong> For \u00f8get sikkerhed kan udlejere overveje at anmode om op til en m\u00e5neds husleje som forudbetaling, hvilket giver ekstra beskyttelse mod uventede h\u00e6ndelser.<\/p><\/li><li><p><strong>Ansvar for omkostninger:<\/strong> Ved langtidsudlejning kan det lette administrationen og sikre \u00f8konomisk ansvar hos lejeren, hvis ansvaret for betaling af omkostninger, herunder vand- og elforbrug, overf\u00f8res til lejeren.<\/p><\/li><\/ul><p>Ved at f\u00f8lge disse grundige retningslinjer og anbefalinger kan udlejere trygt navigere p\u00e5 det spanske udlejningsmarked, beskytte deres interesser og maksimere afkastet p\u00e5 deres investeringsejendomme.<\/p><p><strong>Interesset i at G\u00e5 Videre?<\/strong><\/p><p>Hvis du synes, at Vanguard Laws tilgang passer til dine behov, s\u00e5 del dine ejendomsplaner med os. Vi tilbyder personlig r\u00e5dgivning og et uforpligtende tilbud skr\u00e6ddersyet til din situation.<\/p><p><strong>Kontakt Os I Dag!<\/strong><\/p>\t\t\t\t\t\t\t\t<\/div>\n\t\t\t\t<\/div>\n\t\t\t\t<div class=\"elementor-element elementor-element-dfa280d elementor-hidden-desktop elementor-hidden-tablet elementor-hidden-mobile elementor-widget elementor-widget-heading\" data-id=\"dfa280d\" data-element_type=\"widget\" data-e-type=\"widget\" data-widget_type=\"heading.default\">\n\t\t\t\t<div class=\"elementor-widget-container\">\n\t\t\t\t\t<h2 class=\"elementor-heading-title elementor-size-default\">Get in contact with Vanguard Law Convinced by the approach of Vanguard Law? Tell us about your real estate plans. We will respond immediately with personalized advice and a non-binding offer.  <\/h2>\t\t\t\t<\/div>\n\t\t\t\t<\/div>\n\t\t\t\t\t<\/div>\n\t\t<\/div>\n\t\t\t\t\t<\/div>\n\t\t<\/section>\n\t\t\t\t\t<\/div>\n\t\t<\/div>\n\t\t\t\t\t<\/div>\n\t\t<\/section>\n\t\t\t\t<section class=\"elementor-section elementor-top-section elementor-element elementor-element-63ce7f5 elementor-section-content-middle elementor-section-height-min-height elementor-section-boxed elementor-section-height-default elementor-section-items-middle wpr-particle-no wpr-jarallax-no wpr-parallax-no wpr-sticky-section-no wpr-equal-height-no\" data-id=\"63ce7f5\" data-element_type=\"section\" data-e-type=\"section\" data-settings=\"{&quot;background_background&quot;:&quot;classic&quot;}\">\n\t\t\t\t\t\t\t<div class=\"elementor-background-overlay\"><\/div>\n\t\t\t\t\t\t\t<div class=\"elementor-container elementor-column-gap-default\">\n\t\t\t\t\t<div class=\"elementor-column elementor-col-33 elementor-top-column elementor-element elementor-element-b1b90e2\" data-id=\"b1b90e2\" data-element_type=\"column\" data-e-type=\"column\">\n\t\t\t<div class=\"elementor-widget-wrap\">\n\t\t\t\t\t\t\t<\/div>\n\t\t<\/div>\n\t\t\t\t<div class=\"elementor-column elementor-col-33 elementor-top-column elementor-element elementor-element-c418fe2\" data-id=\"c418fe2\" data-element_type=\"column\" data-e-type=\"column\">\n\t\t\t<div class=\"elementor-widget-wrap elementor-element-populated\">\n\t\t\t\t\t\t<div class=\"elementor-element elementor-element-524e084 elementor-hidden-desktop elementor-hidden-tablet elementor-hidden-mobile elementor-widget elementor-widget-heading\" data-id=\"524e084\" data-element_type=\"widget\" data-e-type=\"widget\" data-widget_type=\"heading.default\">\n\t\t\t\t<div class=\"elementor-widget-container\">\n\t\t\t\t\t<h2 class=\"elementor-heading-title elementor-size-default\">VANGUARD LAW ASSOCIATES <\/h2>\t\t\t\t<\/div>\n\t\t\t\t<\/div>\n\t\t\t\t<div class=\"elementor-element elementor-element-55a84f8 elementor-hidden-desktop elementor-hidden-tablet elementor-hidden-mobile elementor-widget elementor-widget-heading\" data-id=\"55a84f8\" data-element_type=\"widget\" data-e-type=\"widget\" data-widget_type=\"heading.default\">\n\t\t\t\t<div class=\"elementor-widget-container\">\n\t\t\t\t\t<h2 class=\"elementor-heading-title elementor-size-default\">Contact us <\/h2>\t\t\t\t<\/div>\n\t\t\t\t<\/div>\n\t\t\t\t<div class=\"elementor-element elementor-element-1bd4763 elementor-widget elementor-widget-text-editor\" data-id=\"1bd4763\" data-element_type=\"widget\" data-e-type=\"widget\" data-widget_type=\"text-editor.default\">\n\t\t\t\t<div class=\"elementor-widget-container\">\n\t\t\t\t\t\t\t\t\t<p>Lad os hos Vanguard Law Associates tage h\u00e5nd om dine juridiske sager.<\/p>\t\t\t\t\t\t\t\t<\/div>\n\t\t\t\t<\/div>\n\t\t\t\t<div class=\"elementor-element elementor-element-e4af315 elementor-align-center elementor-widget elementor-widget-button\" data-id=\"e4af315\" data-element_type=\"widget\" data-e-type=\"widget\" data-widget_type=\"button.default\">\n\t\t\t\t<div class=\"elementor-widget-container\">\n\t\t\t\t\t\t\t\t\t<div class=\"elementor-button-wrapper\">\n\t\t\t\t\t<a class=\"elementor-button elementor-button-link elementor-size-sm\" href=\"https:\/\/vanguardlaw.es\/da\/contact-us\/\">\n\t\t\t\t\t\t<span class=\"elementor-button-content-wrapper\">\n\t\t\t\t\t\t\t\t\t<span class=\"elementor-button-text\">Contact us<\/span>\n\t\t\t\t\t<\/span>\n\t\t\t\t\t<\/a>\n\t\t\t\t<\/div>\n\t\t\t\t\t\t\t\t<\/div>\n\t\t\t\t<\/div>\n\t\t\t\t\t<\/div>\n\t\t<\/div>\n\t\t\t\t<div class=\"elementor-column elementor-col-33 elementor-top-column elementor-element elementor-element-524e395\" data-id=\"524e395\" data-element_type=\"column\" data-e-type=\"column\">\n\t\t\t<div class=\"elementor-widget-wrap\">\n\t\t\t\t\t\t\t<\/div>\n\t\t<\/div>\n\t\t\t\t\t<\/div>\n\t\t<\/section>\n\t\t\t\t<\/div>\n\t\t","protected":false},"excerpt":{"rendered":"<p>Rent your Home Udlejning af Din Ejendom At Udleje Din Ejendom i Spanien: Hvis du midlertidigt eller permanent er frav\u00e6rende fra din bolig i Spanien, kan det v\u00e6re b\u00e5de \u00f8konomisk fordelagtigt og strategisk at udleje den for at reducere risikoen ved, at ejendommen st\u00e5r tom. Ved at samarbejde med Vanguard Law sikrer du, at du er grundigt forberedt til den kommende udlejning. Opret en Vandt\u00e6t Lejekontrakt Kernen i denne proces er at skabe en robust lejekontrakt, en opgave, som vores team h\u00e5ndterer med stor omhu. Denne kontrakt sikrer ikke kun, at alt er fuldst\u00e6ndigt og korrekt, men fungerer ogs\u00e5 som en vigtig beskyttelse, der sk\u00e6rmer dig mod potentielle problemer som lejers betalingsproblemer og uventede reparationsomkostninger. Derudover har du mulighed for at supplere kontrakten med en omfattende inventarliste over ejendommen. Dette detaljerede dokument giver en grundig beskrivelse af din ejendom og eventuelle medf\u00f8lgende m\u00f8bler, suppleret med en serie fotografier, der fanger hvert rum og hj\u00f8rne af dit hjem. Yderligere Udlejningstips og Anbefalinger Hvis din lejekontrakt og inventarliste holder h\u00f8jeste standard, kan f\u00f8lgende supplerende indsigter give endnu st\u00f8rre ro i sindet: Indkomstverificering: Det anbefales at anmode om bevis for indkomst, s\u00e5som l\u00f8nsedler eller anden relevant dokumentation, fra potentielle lejere. Selvom der er juridiske foranstaltninger til at uds\u00e6tte lejere ved manglende betaling, er det altid at foretr\u00e6kke at forebygge s\u00e5danne situationer gennem grundig screening. Depositum: Mens et depositum svarende til en m\u00e5neds husleje er almindeligt, er h\u00f8jere bel\u00f8b ogs\u00e5 tilladt og kan give en \u00f8get beskyttelse mod potentielle skader eller manglende betaling. Forudbetalinger: For \u00f8get sikkerhed kan udlejere overveje at anmode om op til en m\u00e5neds husleje som forudbetaling, hvilket giver ekstra beskyttelse mod uventede h\u00e6ndelser. Ansvar for omkostninger: Ved langtidsudlejning kan det lette administrationen og sikre \u00f8konomisk ansvar hos lejeren, hvis ansvaret for betaling af omkostninger, herunder vand- og elforbrug, overf\u00f8res til lejeren. Ved at f\u00f8lge disse grundige retningslinjer og anbefalinger kan udlejere trygt navigere p\u00e5 det spanske udlejningsmarked, beskytte deres interesser og maksimere afkastet p\u00e5 deres investeringsejendomme. Interesset i at G\u00e5 Videre? Hvis du synes, at Vanguard Laws tilgang passer til dine behov, s\u00e5 del dine ejendomsplaner med os. Vi tilbyder personlig r\u00e5dgivning og et uforpligtende tilbud skr\u00e6ddersyet til din situation. Kontakt Os I Dag! Get in contact with Vanguard Law Convinced by the approach of Vanguard Law? Tell us about your real estate plans. We will respond immediately with personalized advice and a non-binding offer. VANGUARD LAW ASSOCIATES Contact us Lad os hos Vanguard Law Associates tage h\u00e5nd om dine juridiske sager. Contact us<\/p>\n","protected":false},"author":1,"featured_media":0,"parent":0,"menu_order":0,"comment_status":"closed","ping_status":"closed","template":"","meta":{"site-sidebar-layout":"no-sidebar","site-content-layout":"","ast-site-content-layout":"full-width-container","site-content-style":"default","site-sidebar-style":"default","ast-global-header-display":"","ast-banner-title-visibility":"","ast-main-header-display":"","ast-hfb-above-header-display":"","ast-hfb-below-header-display":"","ast-hfb-mobile-header-display":"","site-post-title":"disabled","ast-breadcrumbs-content":"","ast-featured-img":"disabled","footer-sml-layout":"","theme-transparent-header-meta":"default","adv-header-id-meta":"","stick-header-meta":"","header-above-stick-meta":"","header-main-stick-meta":"","header-below-stick-meta":"","astra-migrate-meta-layouts":"default","ast-page-background-enabled":"default","ast-page-background-meta":{"desktop":{"background-color":"var(--ast-global-color-4)","background-image":"","background-repeat":"repeat","background-position":"center center","background-size":"auto","background-attachment":"scroll","background-type":"","background-media":"","overlay-type":"","overlay-color":"","overlay-opacity":"","overlay-gradient":""},"tablet":{"background-color":"","background-image":"","background-repeat":"repeat","background-position":"center center","background-size":"auto","background-attachment":"scroll","background-type":"","background-media":"","overlay-type":"","overlay-color":"","overlay-opacity":"","overlay-gradient":""},"mobile":{"background-color":"","background-image":"","background-repeat":"repeat","background-position":"center center","background-size":"auto","background-attachment":"scroll","background-type":"","background-media":"","overlay-type":"","overlay-color":"","overlay-opacity":"","overlay-gradient":""}},"ast-content-background-meta":{"desktop":{"background-color":"var(--ast-global-color-5)","background-image":"","background-repeat":"repeat","background-position":"center center","background-size":"auto","background-attachment":"scroll","background-type":"","background-media":"","overlay-type":"","overlay-color":"","overlay-opacity":"","overlay-gradient":""},"tablet":{"background-color":"var(--ast-global-color-5)","background-image":"","background-repeat":"repeat","background-position":"center center","background-size":"auto","background-attachment":"scroll","background-type":"","background-media":"","overlay-type":"","overlay-color":"","overlay-opacity":"","overlay-gradient":""},"mobile":{"background-color":"var(--ast-global-color-5)","background-image":"","background-repeat":"repeat","background-position":"center center","background-size":"auto","background-attachment":"scroll","background-type":"","background-media":"","overlay-type":"","overlay-color":"","overlay-opacity":"","overlay-gradient":""}},"footnotes":""},"class_list":["post-2414","page","type-page","status-publish","hentry"],"_links":{"self":[{"href":"https:\/\/vanguardlaw.es\/da\/wp-json\/wp\/v2\/pages\/2414","targetHints":{"allow":["GET"]}}],"collection":[{"href":"https:\/\/vanguardlaw.es\/da\/wp-json\/wp\/v2\/pages"}],"about":[{"href":"https:\/\/vanguardlaw.es\/da\/wp-json\/wp\/v2\/types\/page"}],"author":[{"embeddable":true,"href":"https:\/\/vanguardlaw.es\/da\/wp-json\/wp\/v2\/users\/1"}],"replies":[{"embeddable":true,"href":"https:\/\/vanguardlaw.es\/da\/wp-json\/wp\/v2\/comments?post=2414"}],"version-history":[{"count":5,"href":"https:\/\/vanguardlaw.es\/da\/wp-json\/wp\/v2\/pages\/2414\/revisions"}],"predecessor-version":[{"id":3174,"href":"https:\/\/vanguardlaw.es\/da\/wp-json\/wp\/v2\/pages\/2414\/revisions\/3174"}],"wp:attachment":[{"href":"https:\/\/vanguardlaw.es\/da\/wp-json\/wp\/v2\/media?parent=2414"}],"curies":[{"name":"wp","href":"https:\/\/api.w.org\/{rel}","templated":true}]}}