{"id":2372,"date":"2024-07-29T14:23:06","date_gmt":"2024-07-29T14:23:06","guid":{"rendered":"https:\/\/vanguardlaw.es\/power-of-attorney\/"},"modified":"2024-09-08T07:58:30","modified_gmt":"2024-09-08T07:58:30","slug":"power-of-attorney","status":"publish","type":"page","link":"https:\/\/vanguardlaw.es\/da\/power-of-attorney\/","title":{"rendered":"Power of Attorney"},"content":{"rendered":"\t\t<div data-elementor-type=\"wp-page\" data-elementor-id=\"2372\" class=\"elementor elementor-2372 elementor-1028\" data-elementor-post-type=\"page\">\n\t\t\t\t<div class=\"elementor-element elementor-element-2f4fef4a e-flex e-con-boxed wpr-particle-no wpr-jarallax-no wpr-parallax-no wpr-sticky-section-no wpr-equal-height-no e-con e-parent\" data-id=\"2f4fef4a\" data-element_type=\"container\" data-e-type=\"container\" data-settings=\"{&quot;background_background&quot;:&quot;classic&quot;}\">\n\t\t\t\t\t<div class=\"e-con-inner\">\n\t\t\t\t<div class=\"elementor-element elementor-element-7a297888 elementor-hidden-desktop elementor-hidden-tablet elementor-hidden-mobile elementor-widget elementor-widget-heading\" data-id=\"7a297888\" data-element_type=\"widget\" data-e-type=\"widget\" data-widget_type=\"heading.default\">\n\t\t\t\t<div class=\"elementor-widget-container\">\n\t\t\t\t\t<h2 class=\"elementor-heading-title elementor-size-default\">Power of Attorney <\/h2>\t\t\t\t<\/div>\n\t\t\t\t<\/div>\n\t\t\t\t\t<\/div>\n\t\t\t\t<\/div>\n\t\t\t\t<section class=\"elementor-section elementor-top-section elementor-element elementor-element-483bdce4 elementor-section-full_width elementor-section-height-default elementor-section-height-default wpr-particle-no wpr-jarallax-no wpr-parallax-no wpr-sticky-section-no wpr-equal-height-no\" data-id=\"483bdce4\" data-element_type=\"section\" data-e-type=\"section\" data-settings=\"{&quot;background_background&quot;:&quot;classic&quot;}\">\n\t\t\t\t\t\t<div class=\"elementor-container elementor-column-gap-default\">\n\t\t\t\t\t<div class=\"elementor-column elementor-col-100 elementor-top-column elementor-element elementor-element-24cbb8ce\" data-id=\"24cbb8ce\" data-element_type=\"column\" data-e-type=\"column\">\n\t\t\t<div class=\"elementor-widget-wrap elementor-element-populated\">\n\t\t\t\t\t\t<section class=\"elementor-section elementor-inner-section elementor-element elementor-element-6127281c elementor-section-boxed elementor-section-height-default elementor-section-height-default wpr-particle-no wpr-jarallax-no wpr-parallax-no wpr-sticky-section-no wpr-equal-height-no\" data-id=\"6127281c\" data-element_type=\"section\" data-e-type=\"section\" data-settings=\"{&quot;background_background&quot;:&quot;classic&quot;}\">\n\t\t\t\t\t\t<div class=\"elementor-container elementor-column-gap-default\">\n\t\t\t\t\t<div class=\"elementor-column elementor-col-100 elementor-inner-column elementor-element elementor-element-39e81250\" data-id=\"39e81250\" data-element_type=\"column\" data-e-type=\"column\">\n\t\t\t<div class=\"elementor-widget-wrap elementor-element-populated\">\n\t\t\t\t\t\t<div class=\"elementor-element elementor-element-296ead33 elementor-widget elementor-widget-heading\" data-id=\"296ead33\" data-element_type=\"widget\" data-e-type=\"widget\" data-widget_type=\"heading.default\">\n\t\t\t\t<div class=\"elementor-widget-container\">\n\t\t\t\t\t<h2 class=\"elementor-heading-title elementor-size-default\">Testamente<\/h2>\t\t\t\t<\/div>\n\t\t\t\t<\/div>\n\t\t\t\t<div class=\"elementor-element elementor-element-54bc293f elementor-widget elementor-widget-text-editor\" data-id=\"54bc293f\" data-element_type=\"widget\" data-e-type=\"widget\" data-widget_type=\"text-editor.default\">\n\t\t\t\t<div class=\"elementor-widget-container\">\n\t\t\t\t\t\t\t\t\t<p><strong>Testamente<\/strong> <strong>Planl\u00e6gning og Optimering af Dit Arv i Spanien<\/strong><\/p><p>Som udenlandsk ejer i Spanien vil kompleksiteten af de nationale og internationale arvelove tr\u00e6de i kraft ved din bortgang. Hos VanguardLaw er vi klar til at tilbyde dig ekspertvurdering og bistand til at oprette din arvplan p\u00e5 en skatteeffektiv m\u00e5de og sikre, at dine arvinger belastes med den mindst mulige skattebyrde p\u00e5 dine aktiver.<\/p><p><strong>Omfattende L\u00f8sninger p\u00e5 Dine Behov<\/strong><\/p><p>At h\u00e5ndtere b\u00e5de erhvervelse af udenlandsk ejendom og arveret kr\u00e6ver navigation gennem et komplekst juridisk landskab. Derfor tilbyder vi et omfattende spektrum af juridiske f\u00e6rdigheder for at im\u00f8dekomme alle dine behov p\u00e5 en helt\u00e4ckende m\u00e5de. Her er nogle eksempler p\u00e5 de sp\u00f8rgsm\u00e5l, vi kan hj\u00e6lpe dig med:<\/p><ul><li><strong>Hvor er det bedste sted at oprette et testamente?<\/strong>: Vi r\u00e5dgiver om den mest hensigtsm\u00e6ssige placering for oprettelse af dit testamente, baseret p\u00e5 dine specifikke behov og omst\u00e6ndigheder.<\/li><li><strong>Hvilke dokumenter er n\u00f8dvendige for denne proces?<\/strong>: Vi sikrer, at du har alle de n\u00f8dvendige dokumenter i orden for en korrekt og effektiv arvplanl\u00e6gning.<\/li><li><strong>Skal ejendomsejerskab i Belgien eller Italien deklareres i Spanien?<\/strong>: Vi vejleder dig om dine deklarationsforpligtelser i Spanien, ogs\u00e5 i forhold til ejendom beliggende i andre lande.<\/li><li><strong>G\u00e6lder forskellige love eller regler for bosiddende og ikke-bosiddende?<\/strong>: Vi hj\u00e6lper med at forst\u00e5 de specifikke regler, der g\u00e6lder afh\u00e6ngigt af din bop\u00e6lsstatus.<\/li><li><strong>Hvilke skattesatser og undtagelser g\u00e6lder if\u00f8lge den spanske regering?<\/strong>: Vi informerer dig om g\u00e6ldende skattesatser og eventuelle undtagelser, der kan p\u00e5virke din arvplan.<\/li><li><strong>Hvordan kan arvinger verificere st\u00f8rrelsen p\u00e5 mit arv i Spanien?<\/strong>: Vi s\u00f8rger for, at arvingerne har adgang til de n\u00f8dvendige oplysninger for at bekr\u00e6fte arvets st\u00f8rrelse.<\/li><li><strong>Hvad er procedurerne for at indsende en arvdeklaration i Spanien?<\/strong>: Vi guider dig gennem de n\u00f8dvendige skridt for korrekt at indsende arvdeklarationen.<\/li><li><strong>Hvad er den sidste frist for at indsende en arvdeklaration i Spanien?<\/strong>: Vi holder dig informeret om deadlines for indsending af arvdeklarationen.<\/li><li><strong>Hvad er for\u00e6ldelsesfristen for arveafgift i Spanien?<\/strong>: Vi sikrer, at du er opm\u00e6rksom p\u00e5 for\u00e6ldelsesfrister, der kan p\u00e5virke arveafgiften.<\/li><li><strong>Hvilken rolle spiller notar og tinglysningskontor i Spanien i denne proces?<\/strong>: Vi forklarer, hvordan notar og tinglysningskontor er involveret i arveoverdragelsen og deres specifikke roller.<\/li><\/ul><p>Ved at v\u00e6lge vores team af eksperter f\u00e5r du adgang til en bred vifte af juridiske kompetencer, der har til form\u00e5l at optimere din arvplanl\u00e6gning og minimere de skattem\u00e6ssige forpligtelser. Dette sikrer en glat og effektiv overf\u00f8rsel af dine aktiver til de udvalgte modtagere i overensstemmelse med spansk lov.<\/p>\t\t\t\t\t\t\t\t<\/div>\n\t\t\t\t<\/div>\n\t\t\t\t\t<\/div>\n\t\t<\/div>\n\t\t\t\t\t<\/div>\n\t\t<\/section>\n\t\t\t\t\t<\/div>\n\t\t<\/div>\n\t\t\t\t\t<\/div>\n\t\t<\/section>\n\t\t\t\t<section class=\"elementor-section elementor-top-section elementor-element elementor-element-1bb8bfd elementor-section-content-middle elementor-section-height-min-height elementor-section-boxed elementor-section-height-default elementor-section-items-middle wpr-particle-no wpr-jarallax-no wpr-parallax-no wpr-sticky-section-no wpr-equal-height-no\" data-id=\"1bb8bfd\" data-element_type=\"section\" data-e-type=\"section\" data-settings=\"{&quot;background_background&quot;:&quot;classic&quot;}\">\n\t\t\t\t\t\t\t<div class=\"elementor-background-overlay\"><\/div>\n\t\t\t\t\t\t\t<div class=\"elementor-container elementor-column-gap-default\">\n\t\t\t\t\t<div class=\"elementor-column elementor-col-33 elementor-top-column elementor-element elementor-element-61fb36f\" data-id=\"61fb36f\" data-element_type=\"column\" data-e-type=\"column\">\n\t\t\t<div class=\"elementor-widget-wrap\">\n\t\t\t\t\t\t\t<\/div>\n\t\t<\/div>\n\t\t\t\t<div class=\"elementor-column elementor-col-33 elementor-top-column elementor-element elementor-element-50c6ed7\" data-id=\"50c6ed7\" data-element_type=\"column\" data-e-type=\"column\">\n\t\t\t<div class=\"elementor-widget-wrap elementor-element-populated\">\n\t\t\t\t\t\t<div class=\"elementor-element elementor-element-9c5d98b elementor-hidden-desktop elementor-hidden-tablet elementor-hidden-mobile elementor-widget elementor-widget-heading\" data-id=\"9c5d98b\" data-element_type=\"widget\" data-e-type=\"widget\" data-widget_type=\"heading.default\">\n\t\t\t\t<div class=\"elementor-widget-container\">\n\t\t\t\t\t<h2 class=\"elementor-heading-title elementor-size-default\">VANGUARD LAW ASSOCIATES <\/h2>\t\t\t\t<\/div>\n\t\t\t\t<\/div>\n\t\t\t\t<div class=\"elementor-element elementor-element-5a48e52 elementor-hidden-desktop elementor-hidden-tablet elementor-hidden-mobile elementor-widget elementor-widget-heading\" data-id=\"5a48e52\" data-element_type=\"widget\" data-e-type=\"widget\" data-widget_type=\"heading.default\">\n\t\t\t\t<div class=\"elementor-widget-container\">\n\t\t\t\t\t<h2 class=\"elementor-heading-title elementor-size-default\">Contact us <\/h2>\t\t\t\t<\/div>\n\t\t\t\t<\/div>\n\t\t\t\t<div class=\"elementor-element elementor-element-c62f280 elementor-widget elementor-widget-text-editor\" data-id=\"c62f280\" data-element_type=\"widget\" data-e-type=\"widget\" data-widget_type=\"text-editor.default\">\n\t\t\t\t<div class=\"elementor-widget-container\">\n\t\t\t\t\t\t\t\t\t<p>Lad os hos Vanguard Law Associates tage h\u00e5nd om dine juridiske sager.<\/p>\t\t\t\t\t\t\t\t<\/div>\n\t\t\t\t<\/div>\n\t\t\t\t<div class=\"elementor-element elementor-element-7d1f2dc elementor-align-center elementor-widget elementor-widget-button\" data-id=\"7d1f2dc\" data-element_type=\"widget\" data-e-type=\"widget\" data-widget_type=\"button.default\">\n\t\t\t\t<div class=\"elementor-widget-container\">\n\t\t\t\t\t\t\t\t\t<div class=\"elementor-button-wrapper\">\n\t\t\t\t\t<a class=\"elementor-button elementor-button-link elementor-size-sm\" href=\"https:\/\/vanguardlaw.es\/da\/contact-us\/\">\n\t\t\t\t\t\t<span class=\"elementor-button-content-wrapper\">\n\t\t\t\t\t\t\t\t\t<span class=\"elementor-button-text\">Contact us<\/span>\n\t\t\t\t\t<\/span>\n\t\t\t\t\t<\/a>\n\t\t\t\t<\/div>\n\t\t\t\t\t\t\t\t<\/div>\n\t\t\t\t<\/div>\n\t\t\t\t\t<\/div>\n\t\t<\/div>\n\t\t\t\t<div class=\"elementor-column elementor-col-33 elementor-top-column elementor-element elementor-element-cbe5f4e\" data-id=\"cbe5f4e\" data-element_type=\"column\" data-e-type=\"column\">\n\t\t\t<div class=\"elementor-widget-wrap\">\n\t\t\t\t\t\t\t<\/div>\n\t\t<\/div>\n\t\t\t\t\t<\/div>\n\t\t<\/section>\n\t\t\t\t<\/div>\n\t\t","protected":false},"excerpt":{"rendered":"<p>Power of Attorney Testamente Testamente Planl\u00e6gning og Optimering af Dit Arv i Spanien Som udenlandsk ejer i Spanien vil kompleksiteten af de nationale og internationale arvelove tr\u00e6de i kraft ved din bortgang. Hos VanguardLaw er vi klar til at tilbyde dig ekspertvurdering og bistand til at oprette din arvplan p\u00e5 en skatteeffektiv m\u00e5de og sikre, at dine arvinger belastes med den mindst mulige skattebyrde p\u00e5 dine aktiver. Omfattende L\u00f8sninger p\u00e5 Dine Behov At h\u00e5ndtere b\u00e5de erhvervelse af udenlandsk ejendom og arveret kr\u00e6ver navigation gennem et komplekst juridisk landskab. Derfor tilbyder vi et omfattende spektrum af juridiske f\u00e6rdigheder for at im\u00f8dekomme alle dine behov p\u00e5 en helt\u00e4ckende m\u00e5de. Her er nogle eksempler p\u00e5 de sp\u00f8rgsm\u00e5l, vi kan hj\u00e6lpe dig med: Hvor er det bedste sted at oprette et testamente?: Vi r\u00e5dgiver om den mest hensigtsm\u00e6ssige placering for oprettelse af dit testamente, baseret p\u00e5 dine specifikke behov og omst\u00e6ndigheder. Hvilke dokumenter er n\u00f8dvendige for denne proces?: Vi sikrer, at du har alle de n\u00f8dvendige dokumenter i orden for en korrekt og effektiv arvplanl\u00e6gning. Skal ejendomsejerskab i Belgien eller Italien deklareres i Spanien?: Vi vejleder dig om dine deklarationsforpligtelser i Spanien, ogs\u00e5 i forhold til ejendom beliggende i andre lande. G\u00e6lder forskellige love eller regler for bosiddende og ikke-bosiddende?: Vi hj\u00e6lper med at forst\u00e5 de specifikke regler, der g\u00e6lder afh\u00e6ngigt af din bop\u00e6lsstatus. Hvilke skattesatser og undtagelser g\u00e6lder if\u00f8lge den spanske regering?: Vi informerer dig om g\u00e6ldende skattesatser og eventuelle undtagelser, der kan p\u00e5virke din arvplan. Hvordan kan arvinger verificere st\u00f8rrelsen p\u00e5 mit arv i Spanien?: Vi s\u00f8rger for, at arvingerne har adgang til de n\u00f8dvendige oplysninger for at bekr\u00e6fte arvets st\u00f8rrelse. Hvad er procedurerne for at indsende en arvdeklaration i Spanien?: Vi guider dig gennem de n\u00f8dvendige skridt for korrekt at indsende arvdeklarationen. Hvad er den sidste frist for at indsende en arvdeklaration i Spanien?: Vi holder dig informeret om deadlines for indsending af arvdeklarationen. Hvad er for\u00e6ldelsesfristen for arveafgift i Spanien?: Vi sikrer, at du er opm\u00e6rksom p\u00e5 for\u00e6ldelsesfrister, der kan p\u00e5virke arveafgiften. Hvilken rolle spiller notar og tinglysningskontor i Spanien i denne proces?: Vi forklarer, hvordan notar og tinglysningskontor er involveret i arveoverdragelsen og deres specifikke roller. Ved at v\u00e6lge vores team af eksperter f\u00e5r du adgang til en bred vifte af juridiske kompetencer, der har til form\u00e5l at optimere din arvplanl\u00e6gning og minimere de skattem\u00e6ssige forpligtelser. Dette sikrer en glat og effektiv overf\u00f8rsel af dine aktiver til de udvalgte modtagere i overensstemmelse med spansk lov. VANGUARD LAW ASSOCIATES Contact us Lad os hos Vanguard Law Associates tage h\u00e5nd om dine juridiske sager. Contact us<\/p>\n","protected":false},"author":1,"featured_media":0,"parent":0,"menu_order":0,"comment_status":"closed","ping_status":"closed","template":"","meta":{"site-sidebar-layout":"no-sidebar","site-content-layout":"","ast-site-content-layout":"full-width-container","site-content-style":"default","site-sidebar-style":"default","ast-global-header-display":"","ast-banner-title-visibility":"","ast-main-header-display":"","ast-hfb-above-header-display":"","ast-hfb-below-header-display":"","ast-hfb-mobile-header-display":"","site-post-title":"disabled","ast-breadcrumbs-content":"","ast-featured-img":"disabled","footer-sml-layout":"","theme-transparent-header-meta":"default","adv-header-id-meta":"","stick-header-meta":"","header-above-stick-meta":"","header-main-stick-meta":"","header-below-stick-meta":"","astra-migrate-meta-layouts":"default","ast-page-background-enabled":"default","ast-page-background-meta":{"desktop":{"background-color":"var(--ast-global-color-4)","background-image":"","background-repeat":"repeat","background-position":"center center","background-size":"auto","background-attachment":"scroll","background-type":"","background-media":"","overlay-type":"","overlay-color":"","overlay-opacity":"","overlay-gradient":""},"tablet":{"background-color":"","background-image":"","background-repeat":"repeat","background-position":"center center","background-size":"auto","background-attachment":"scroll","background-type":"","background-media":"","overlay-type":"","overlay-color":"","overlay-opacity":"","overlay-gradient":""},"mobile":{"background-color":"","background-image":"","background-repeat":"repeat","background-position":"center center","background-size":"auto","background-attachment":"scroll","background-type":"","background-media":"","overlay-type":"","overlay-color":"","overlay-opacity":"","overlay-gradient":""}},"ast-content-background-meta":{"desktop":{"background-color":"var(--ast-global-color-5)","background-image":"","background-repeat":"repeat","background-position":"center center","background-size":"auto","background-attachment":"scroll","background-type":"","background-media":"","overlay-type":"","overlay-color":"","overlay-opacity":"","overlay-gradient":""},"tablet":{"background-color":"var(--ast-global-color-5)","background-image":"","background-repeat":"repeat","background-position":"center center","background-size":"auto","background-attachment":"scroll","background-type":"","background-media":"","overlay-type":"","overlay-color":"","overlay-opacity":"","overlay-gradient":""},"mobile":{"background-color":"var(--ast-global-color-5)","background-image":"","background-repeat":"repeat","background-position":"center center","background-size":"auto","background-attachment":"scroll","background-type":"","background-media":"","overlay-type":"","overlay-color":"","overlay-opacity":"","overlay-gradient":""}},"footnotes":""},"class_list":["post-2372","page","type-page","status-publish","hentry"],"_links":{"self":[{"href":"https:\/\/vanguardlaw.es\/da\/wp-json\/wp\/v2\/pages\/2372","targetHints":{"allow":["GET"]}}],"collection":[{"href":"https:\/\/vanguardlaw.es\/da\/wp-json\/wp\/v2\/pages"}],"about":[{"href":"https:\/\/vanguardlaw.es\/da\/wp-json\/wp\/v2\/types\/page"}],"author":[{"embeddable":true,"href":"https:\/\/vanguardlaw.es\/da\/wp-json\/wp\/v2\/users\/1"}],"replies":[{"embeddable":true,"href":"https:\/\/vanguardlaw.es\/da\/wp-json\/wp\/v2\/comments?post=2372"}],"version-history":[{"count":8,"href":"https:\/\/vanguardlaw.es\/da\/wp-json\/wp\/v2\/pages\/2372\/revisions"}],"predecessor-version":[{"id":3190,"href":"https:\/\/vanguardlaw.es\/da\/wp-json\/wp\/v2\/pages\/2372\/revisions\/3190"}],"wp:attachment":[{"href":"https:\/\/vanguardlaw.es\/da\/wp-json\/wp\/v2\/media?parent=2372"}],"curies":[{"name":"wp","href":"https:\/\/api.w.org\/{rel}","templated":true}]}}